{"id":3723,"date":"2026-02-05T00:24:26","date_gmt":"2026-02-05T00:24:26","guid":{"rendered":"https:\/\/ni-mech.com\/?post_type=product&#038;p=3723"},"modified":"2026-02-05T00:46:21","modified_gmt":"2026-02-05T00:46:21","slug":"day-chuyen-lap-rap-dong-co-uav%ef%bd%9c-day-chuyen-lap-rap-dong-co-may-bay-khong-nguoi-lai","status":"publish","type":"product","link":"https:\/\/ni-mech.com\/vi\/san-pham\/day-chuyen-lap-rap-dong-co-uav%ef%bd%9c-day-chuyen-lap-rap-dong-co-may-bay-khong-nguoi-lai\/","title":{"rendered":"D\u00e2y chuy\u1ec1n l\u1eafp r\u00e1p \u0111\u1ed9ng c\u01a1 UAV\uff5c D\u00e2y chuy\u1ec1n l\u1eafp r\u00e1p \u0111\u1ed9ng c\u01a1 m\u00e1y bay kh\u00f4ng ng\u01b0\u1eddi l\u00e1i"},"content":{"rendered":"<p><span style=\"font-family: arial, helvetica, sans-serif;\"><strong data-start=\"589\" data-end=\"616\">C\u1ea5u h\u00ecnh ti\u00eau chu\u1ea9n:<\/strong><\/span><\/p>\n<p><span style=\"font-family: arial, helvetica, sans-serif; font-size: 10pt;\">The <strong>D\u00e2y chuy\u1ec1n l\u1eafp r\u00e1p \u0111\u1ed9ng c\u01a1 UAV<\/strong> \u0111\u01b0\u1ee3c ra m\u1eaft b\u1edfi <strong data-start=\"156\" data-end=\"197\">C\u00f4ng ty TNHH C\u00f4ng ngh\u1ec7 Newleda Dongguan.<\/strong> \u0111\u01b0\u1ee3c thi\u1ebft k\u1ebf cho <strong data-start=\"218\" data-end=\"275\">L\u1eafp r\u00e1p v\u00e0 ki\u1ec3m tra t\u1ef1 \u0111\u1ed9ng ho\u00e0n to\u00e0n cho \u0111\u1ed9ng c\u01a1 gimbal<\/strong>.<\/span><br data-start=\"276\" data-end=\"279\" \/><span style=\"font-family: arial, helvetica, sans-serif; font-size: 10pt;\">D\u00f2ng s\u1ea3n ph\u1ea9m t\u00edch h\u1ee3p nhi\u1ec1u quy tr\u00ecnh bao g\u1ed3m <strong data-start=\"328\" data-end=\"503\">Phun keo, l\u1eafp r\u00e1p tr\u1ee5c, phun keo rotor v\u00e0 l\u1eafp nam ch\u00e2m nhanh, l\u1eafp r\u00e1p stator v\u00e0 ti\u1ec1n t\u1ea3i, ki\u1ec3m tra b\u1eb1ng m\u1eaft th\u01b0\u1eddng, v\u00e0 th\u1eed nghi\u1ec7m hi\u1ec7u su\u1ea5t \u0111\u1ed9ng c\u01a1.<\/strong>, cung c\u1ea5p m\u1ed9t gi\u1ea3i ph\u00e1p s\u1ea3n xu\u1ea5t t\u1ef1 \u0111\u1ed9ng h\u00f3a hi\u1ec7u qu\u1ea3 cao v\u00e0 \u1ed5n \u0111\u1ecbnh.<\/span><\/p>\n<p>&nbsp;<\/p>\n<table style=\"border-collapse: collapse; width: 100%;\">\n<tbody>\n<tr>\n<td style=\"width: 50%;\"><img decoding=\"async\" class=\"lazyload alignnone size-full wp-image-3629\" src=\"https:\/\/ni-mech.com\/wp-content\/uploads\/2026\/01\/New-Idea-2.jpg\" data-orig-src=\"https:\/\/ni-mech.com\/wp-content\/uploads\/2026\/01\/New-Idea-2.jpg\" alt=\"\" width=\"1000\" height=\"1000\" srcset=\"data:image\/svg+xml,%3Csvg%20xmlns%3D%27http%3A%2F%2Fwww.w3.org%2F2000%2Fsvg%27%20width%3D%271000%27%20height%3D%271000%27%20viewBox%3D%270%200%201000%201000%27%3E%3Crect%20width%3D%271000%27%20height%3D%271000%27%20fill-opacity%3D%220%22%2F%3E%3C%2Fsvg%3E\" data-srcset=\"https:\/\/ni-mech.com\/wp-content\/uploads\/2026\/01\/New-Idea-2-12x12.jpg 12w, https:\/\/ni-mech.com\/wp-content\/uploads\/2026\/01\/New-Idea-2-66x66.jpg 66w, https:\/\/ni-mech.com\/wp-content\/uploads\/2026\/01\/New-Idea-2-150x150.jpg 150w, https:\/\/ni-mech.com\/wp-content\/uploads\/2026\/01\/New-Idea-2-200x200.jpg 200w, https:\/\/ni-mech.com\/wp-content\/uploads\/2026\/01\/New-Idea-2-300x300.jpg 300w, https:\/\/ni-mech.com\/wp-content\/uploads\/2026\/01\/New-Idea-2-400x400.jpg 400w, https:\/\/ni-mech.com\/wp-content\/uploads\/2026\/01\/New-Idea-2-500x500.jpg 500w, https:\/\/ni-mech.com\/wp-content\/uploads\/2026\/01\/New-Idea-2-600x600.jpg 600w, https:\/\/ni-mech.com\/wp-content\/uploads\/2026\/01\/New-Idea-2-700x700.jpg 700w, https:\/\/ni-mech.com\/wp-content\/uploads\/2026\/01\/New-Idea-2-768x768.jpg 768w, https:\/\/ni-mech.com\/wp-content\/uploads\/2026\/01\/New-Idea-2-800x800.jpg 800w, https:\/\/ni-mech.com\/wp-content\/uploads\/2026\/01\/New-Idea-2.jpg 1000w\" data-sizes=\"auto\" data-orig-sizes=\"(max-width: 1000px) 100vw, 1000px\" \/><\/td>\n<td style=\"width: 50%;\">\n<ul>\n<li data-start=\"611\" data-end=\"708\">\n<p data-start=\"614\" data-end=\"708\"><span style=\"font-family: arial, helvetica, sans-serif; font-size: 10pt;\"><strong data-start=\"614\" data-end=\"651\">C\u01a1 ch\u1ebf l\u1eafp r\u00e1p ch\u00ednh x\u00e1c cao<\/strong> \u0110\u1ea3m b\u1ea3o vi\u1ec7c l\u1eafp \u0111\u1eb7t nhanh ch\u00f3ng v\u00e0 \u1ed5n \u0111\u1ecbnh c\u1ee7a nam ch\u00e2m v\u00e0 r\u00f4-to.<\/span><\/p>\n<\/li>\n<li data-start=\"709\" data-end=\"782\">\n<p data-start=\"712\" data-end=\"782\"><span style=\"font-family: arial, helvetica, sans-serif; font-size: 10pt;\"><strong data-start=\"712\" data-end=\"780\">H\u1ec7 th\u1ed1ng ki\u1ec3m tra ph\u00e2n ph\u1ed1i keo d\u1ef1a tr\u00ean th\u1ecb gi\u00e1c c\u00f3 \u0111\u1ed9 ch\u00ednh x\u00e1c cao<\/strong><\/span><\/p>\n<\/li>\n<li data-start=\"783\" data-end=\"897\">\n<p data-start=\"786\" data-end=\"897\"><span style=\"font-family: arial, helvetica, sans-serif; font-size: 10pt;\"><strong data-start=\"786\" data-end=\"831\">H\u1ec7 th\u1ed1ng ki\u1ec3m tra h\u00ecnh \u1ea3nh b\u1eb1ng tr\u00ed tu\u1ec7 nh\u00e2n t\u1ea1o (AI) v\u00e0 h\u1ecdc s\u00e2u (deep learning)<\/strong>, gi\u00fap n\u00e2ng cao \u0111\u00e1ng k\u1ec3 t\u1ef7 l\u1ec7 ph\u00e1t hi\u1ec7n c\u00e1c khuy\u1ebft t\u1eadt th\u1ea9m m\u1ef9.<\/span><\/p>\n<\/li>\n<li data-start=\"898\" data-end=\"994\">\n<p data-start=\"901\" data-end=\"994\"><span style=\"font-family: arial, helvetica, sans-serif; font-size: 10pt;\"><strong data-start=\"901\" data-end=\"938\">H\u1ec7 th\u1ed1ng l\u1eafp r\u00e1p b\u1eb1ng \u00e1p l\u1ef1c \u0111i\u1ec1u khi\u1ec3n b\u1eb1ng servo<\/strong> \u0110\u1ea3m b\u1ea3o l\u1ef1c \u00e9p tr\u1ee5c nh\u1ea5t qu\u00e1n v\u00e0 hi\u1ec7u qu\u1ea3.<\/span><\/p>\n<\/li>\n<li data-start=\"995\" data-end=\"1117\">\n<p data-start=\"998\" data-end=\"1117\"><span style=\"font-family: arial, helvetica, sans-serif; font-size: 10pt;\"><strong data-start=\"998\" data-end=\"1059\">C\u1ea5u tr\u00fac l\u1eafp r\u00e1p nam ch\u00e2m c\u00f3 hi\u1ec7u su\u1ea5t cao v\u00e0 \u0111\u1ed9 ch\u00ednh x\u00e1c cao<\/strong>, \u0111\u1ea3m b\u1ea3o ho\u1ea1t \u0111\u1ed9ng \u1ed5n \u0111\u1ecbnh v\u00e0 ch\u1ea5t l\u01b0\u1ee3ng s\u1ea3n ph\u1ea9m cao.<\/span><\/p>\n<\/li>\n<li data-start=\"1118\" data-end=\"1186\">\n<p data-start=\"1121\" data-end=\"1186\"><span style=\"font-family: arial, helvetica, sans-serif; font-size: 10pt;\"><strong data-start=\"1121\" data-end=\"1152\">Thi\u1ebft k\u1ebf m\u00f4-\u0111un ti\u00eau chu\u1ea9n h\u00f3a<\/strong> Cho ph\u00e9p chuy\u1ec3n \u0111\u1ed5i m\u00f4 h\u00ecnh nhanh ch\u00f3ng<\/span><\/p>\n<\/li>\n<li data-start=\"1187\" data-end=\"1268\">\n<p data-start=\"1190\" data-end=\"1268\"><span style=\"font-family: arial, helvetica, sans-serif; font-size: 10pt;\">\u0110\u01b0\u1ee3c trang b\u1ecb m\u1ed9t <strong data-start=\"1206\" data-end=\"1231\">Giao di\u1ec7n c\u1ea3m \u1ee9ng<\/strong> \u0111\u1ec3 thu\u1eadn ti\u1ec7n cho vi\u1ec7c b\u1ea3o tr\u00ec v\u00e0 g\u1ee1 l\u1ed7i<\/span><\/p>\n<\/li>\n<li data-start=\"1269\" data-end=\"1314\">\n<p data-start=\"1272\" data-end=\"1314\"><span style=\"font-family: arial, helvetica, sans-serif; font-size: 10pt;\">T\u01b0\u01a1ng th\u00edch v\u1edbi <strong data-start=\"1288\" data-end=\"1314\">T\u00edch h\u1ee3p h\u1ec7 th\u1ed1ng MES<\/strong><\/span><\/p>\n<\/li>\n<\/ul>\n<\/td>\n<\/tr>\n<\/tbody>\n<\/table>","protected":false},"excerpt":{"rendered":"<p data-start=\"75\" data-end=\"97\"><strong><span style=\"font-family: arial, helvetica, sans-serif; font-size: 13pt;\">T\u00ednh n\u0103ng c\u1ee7a thi\u1ebft b\u1ecb<\/span><\/strong><\/p>\n<table style=\"width: 100%; border-style: solid; border-color: #a6a6a6; height: 264px;\" border=\"1px\">\n<thead data-start=\"1355\" data-end=\"1379\">\n<tr style=\"height: 24px;\" data-start=\"1355\" data-end=\"1379\">\n<th class=\"\" style=\"width: 21.1883%; height: 24px;\" data-start=\"1355\" data-end=\"1362\" data-col-size=\"sm\">M\u1eb7t h\u00e0ng<\/th>\n<th class=\"\" style=\"width: 77.9148%; height: 24px;\" data-start=\"1362\" data-end=\"1379\" data-col-size=\"xl\">Th\u00f4ng s\u1ed1 k\u1ef9 thu\u1eadt<\/th>\n<\/tr>\n<tr style=\"height: 48px;\" data-start=\"1390\" data-end=\"1587\">\n<td style=\"width: 21.1883%; height: 48px;\" data-start=\"1390\" data-end=\"1415\" data-col-size=\"sm\">C\u1ea5u h\u00ecnh ti\u00eau chu\u1ea9n<\/td>\n<td style=\"width: 77.9148%; height: 48px;\" data-col-size=\"xl\" data-start=\"1415\" data-end=\"1587\">Ph\u00e2n ph\u1ed1i keo h\u01b0\u1edbng d\u1eabn b\u1eb1ng h\u00ecnh \u1ea3nh, h\u1ec7 th\u1ed1ng \u00e9p kh\u1edbp servo, \u0111\u1eb7t nam ch\u00e2m v\u1edbi \u0111\u1ed9 ch\u00ednh x\u00e1c cao, ti\u1ec1n t\u1ea3i l\u1ef1c \u0111\u1ec1u, ki\u1ec3m tra v\u1edbi \u0111\u1ed9 ch\u00ednh x\u00e1c cao, ki\u1ec3m tra h\u00ecnh \u1ea3nh d\u1ef1a tr\u00ean tr\u00ed tu\u1ec7 nh\u00e2n t\u1ea1o (AI).<\/td>\n<\/tr>\n<tr style=\"height: 24px;\" data-start=\"1588\" data-end=\"1634\">\n<td style=\"width: 21.1883%; height: 24px;\" data-start=\"1588\" data-end=\"1612\" data-col-size=\"sm\">Lo\u1ea1i \u0111\u1ed9ng c\u01a1 \u00e1p d\u1ee5ng<\/td>\n<td style=\"width: 77.9148%; height: 24px;\" data-col-size=\"xl\" data-start=\"1612\" data-end=\"1634\">\u0110\u1ed9ng c\u01a1 rotor ngo\u00e0i<\/td>\n<\/tr>\n<tr style=\"height: 24px;\" data-start=\"1635\" data-end=\"1664\">\n<td style=\"width: 21.1883%; height: 24px;\" data-start=\"1635\" data-end=\"1648\" data-col-size=\"sm\">Th\u1eddi gian chu k\u1ef3<\/td>\n<td style=\"width: 77.9148%; height: 24px;\" data-col-size=\"xl\" data-start=\"1648\" data-end=\"1664\">4\u20138 gi\u00e2y \/ \u0111\u01a1n v\u1ecb<\/td>\n<\/tr>\n<tr style=\"height: 24px;\" data-start=\"1665\" data-end=\"1688\">\n<td style=\"width: 21.1883%; height: 24px;\" data-start=\"1665\" data-end=\"1678\" data-col-size=\"sm\">T\u1ef7 su\u1ea5t sinh l\u1eddi<\/td>\n<td style=\"width: 77.9148%; height: 24px;\" data-col-size=\"xl\" data-start=\"1678\" data-end=\"1688\">\u226599,81% TP3T<\/td>\n<\/tr>\n<tr style=\"height: 48px;\" data-start=\"1689\" data-end=\"1731\">\n<td style=\"width: 21.1883%; height: 48px;\" data-start=\"1689\" data-end=\"1718\" data-col-size=\"sm\">Ph\u01b0\u01a1ng ph\u00e1p b\u1ed1c d\u1ee1<\/td>\n<td style=\"width: 77.9148%; height: 48px;\" data-col-size=\"xl\" data-start=\"1718\" data-end=\"1731\">T\u1ef1 \u0111\u1ed9ng<\/td>\n<\/tr>\n<tr style=\"height: 24px;\" data-start=\"1732\" data-end=\"1769\">\n<td style=\"width: 21.1883%; height: 24px;\" data-start=\"1732\" data-end=\"1749\" data-col-size=\"sm\">H\u1ec7 th\u1ed1ng \u0111i\u1ec1u khi\u1ec3n<\/td>\n<td style=\"width: 77.9148%; height: 24px;\" data-col-size=\"xl\" data-start=\"1749\" data-end=\"1769\">\u0110i\u1ec1u khi\u1ec3n d\u1ef1a tr\u00ean m\u00e1y t\u00ednh<\/td>\n<\/tr>\n<tr style=\"height: 24px;\" data-start=\"1770\" data-end=\"1819\">\n<td style=\"width: 21.1883%; height: 24px;\" data-start=\"1770\" data-end=\"1791\" data-col-size=\"sm\">K\u00edch th\u01b0\u1edbc t\u1ed5ng th\u1ec3<\/td>\n<td style=\"width: 77.9148%; height: 24px;\" data-start=\"1791\" data-end=\"1819\" data-col-size=\"xl\">Chi\u1ec1u r\u1ed9ng 1000 mm \u00d7 Chi\u1ec1u d\u00e0i 6000 mm \u00d7 Chi\u1ec1u cao 1800 mm<\/td>\n<\/tr>\n<tr style=\"height: 24px;\" data-start=\"1820\" data-end=\"1850\">\n<td style=\"width: 21.1883%; height: 24px;\" data-start=\"1820\" data-end=\"1839\" data-col-size=\"sm\">Tr\u1ecdng l\u01b0\u1ee3ng thi\u1ebft b\u1ecb<\/td>\n<td style=\"width: 77.9148%; height: 24px;\" data-start=\"1839\" data-end=\"1850\" data-col-size=\"xl\">1000 kg<\/td>\n<\/tr>\n<\/thead>\n<\/table>\n<p>&nbsp;<\/p>","protected":false},"featured_media":3629,"comment_status":"open","ping_status":"closed","template":"","meta":{"_acf_changed":false},"product_brand":[],"product_cat":[159],"product_tag":[],"class_list":{"0":"post-3723","1":"product","2":"type-product","3":"status-publish","4":"has-post-thumbnail","6":"product_cat-uav-equipment","8":"first","9":"instock","10":"shipping-taxable","11":"product-type-simple"},"acf":[],"_links":{"self":[{"href":"https:\/\/ni-mech.com\/vi\/wp-json\/wp\/v2\/product\/3723","targetHints":{"allow":["GET"]}}],"collection":[{"href":"https:\/\/ni-mech.com\/vi\/wp-json\/wp\/v2\/product"}],"about":[{"href":"https:\/\/ni-mech.com\/vi\/wp-json\/wp\/v2\/types\/product"}],"replies":[{"embeddable":true,"href":"https:\/\/ni-mech.com\/vi\/wp-json\/wp\/v2\/comments?post=3723"}],"wp:featuredmedia":[{"embeddable":true,"href":"https:\/\/ni-mech.com\/vi\/wp-json\/wp\/v2\/media\/3629"}],"wp:attachment":[{"href":"https:\/\/ni-mech.com\/vi\/wp-json\/wp\/v2\/media?parent=3723"}],"wp:term":[{"taxonomy":"product_brand","embeddable":true,"href":"https:\/\/ni-mech.com\/vi\/wp-json\/wp\/v2\/product_brand?post=3723"},{"taxonomy":"product_cat","embeddable":true,"href":"https:\/\/ni-mech.com\/vi\/wp-json\/wp\/v2\/product_cat?post=3723"},{"taxonomy":"product_tag","embeddable":true,"href":"https:\/\/ni-mech.com\/vi\/wp-json\/wp\/v2\/product_tag?post=3723"}],"curies":[{"name":"wp","href":"https:\/\/api.w.org\/{rel}","templated":true}]}}