{"id":3721,"date":"2026-02-05T00:02:37","date_gmt":"2026-02-05T00:02:37","guid":{"rendered":"https:\/\/ni-mech.com\/?post_type=product&#038;p=3721"},"modified":"2026-02-05T00:24:04","modified_gmt":"2026-02-05T00:24:04","slug":"day-chuyen-lap-rap-va-kiem-tra-pcb%ef%bd%9cday-chuyen-lap-rap-va-kiem-tra-pcb","status":"publish","type":"product","link":"https:\/\/ni-mech.com\/vi\/san-pham\/day-chuyen-lap-rap-va-kiem-tra-pcb%ef%bd%9cday-chuyen-lap-rap-va-kiem-tra-pcb\/","title":{"rendered":"D\u00e2y chuy\u1ec1n l\u1eafp r\u00e1p v\u00e0 ki\u1ec3m tra PCB\uff5c D\u00e2y chuy\u1ec1n l\u1eafp r\u00e1p v\u00e0 ki\u1ec3m tra PCB"},"content":{"rendered":"<p><span style=\"font-family: arial, helvetica, sans-serif;\"><strong data-start=\"589\" data-end=\"616\">C\u1ea5u h\u00ecnh ti\u00eau chu\u1ea9n:<\/strong><\/span><\/p>\n<p>The <strong data-start=\"80\" data-end=\"111\">D\u00e2y chuy\u1ec1n l\u1eafp r\u00e1p v\u00e0 ki\u1ec3m tra PCBA<\/strong> \u0111\u01b0\u1ee3c ph\u00e1t tri\u1ec3n b\u1edfi <strong data-start=\"125\" data-end=\"166\">C\u00f4ng ty TNHH C\u00f4ng ngh\u1ec7 Newleda Dongguan.<\/strong> \u0111\u01b0\u1ee3c thi\u1ebft k\u1ebf \u0111\u1ec3 l\u1eafp r\u00e1p v\u00e0 ki\u1ec3m tra sau khi ho\u00e0n th\u00e0nh b\u1ea3ng m\u1ea1ch in (PCBA) cho m\u00e1y bay kh\u00f4ng ng\u01b0\u1eddi l\u00e1i (UAV) v\u00e0 c\u00e1c thi\u1ebft b\u1ecb \u0111\u1ea7u cu\u1ed1i th\u00f4ng minh kh\u00e1c.<br data-start=\"261\" data-end=\"264\" \/>D\u00f2ng s\u1ea3n ph\u1ea9m n\u00e0y h\u1ed7 tr\u1ee3 nhi\u1ec1u quy tr\u00ecnh, bao g\u1ed3m <strong data-start=\"311\" data-end=\"553\">phun keo d\u1eabn nhi\u1ec7t (l\u1edbp ph\u1ee7 b\u1ea3o v\u1ec7, l\u1edbp ph\u1ee7 ch\u1ed1ng ba y\u1ebfu t\u1ed1), l\u1eafp \u0111\u1eb7t m\u00fat d\u1eabn \u0111i\u1ec7n (m\u00fat \u0111\u1ec7m), l\u1eafp \u0111\u1eb7t v\u1eadt li\u1ec7u ph\u1ee5 tr\u1ee3, l\u1eafp \u0111\u1eb7t n\u1eafp che ch\u1eafn, l\u1eafp r\u00e1p v\u00e0 c\u1ed1 \u0111\u1ecbnh b\u1ed9 t\u1ea3n nhi\u1ec7t, v\u00e0 ki\u1ec3m tra ch\u1ee9c n\u0103ng<\/strong>, mang \u0111\u1ebfn m\u1ed9t gi\u1ea3i ph\u00e1p s\u1ea3n xu\u1ea5t t\u1ef1 \u0111\u1ed9ng h\u00f3a cao v\u00e0 hi\u1ec7u qu\u1ea3.<\/p>\n<p>&nbsp;<\/p>\n<table style=\"border-collapse: collapse; width: 100%;\">\n<tbody>\n<tr>\n<td style=\"width: 50%;\"><img decoding=\"async\" class=\"lazyload alignnone size-full wp-image-3722\" src=\"https:\/\/ni-mech.com\/wp-content\/uploads\/2026\/02\/pcba.jpg\" data-orig-src=\"https:\/\/ni-mech.com\/wp-content\/uploads\/2026\/02\/pcba.jpg\" alt=\"\" width=\"800\" height=\"800\" srcset=\"data:image\/svg+xml,%3Csvg%20xmlns%3D%27http%3A%2F%2Fwww.w3.org%2F2000%2Fsvg%27%20width%3D%27800%27%20height%3D%27800%27%20viewBox%3D%270%200%20800%20800%27%3E%3Crect%20width%3D%27800%27%20height%3D%27800%27%20fill-opacity%3D%220%22%2F%3E%3C%2Fsvg%3E\" data-srcset=\"https:\/\/ni-mech.com\/wp-content\/uploads\/2026\/02\/pcba-12x12.jpg 12w, https:\/\/ni-mech.com\/wp-content\/uploads\/2026\/02\/pcba-66x66.jpg 66w, https:\/\/ni-mech.com\/wp-content\/uploads\/2026\/02\/pcba-150x150.jpg 150w, https:\/\/ni-mech.com\/wp-content\/uploads\/2026\/02\/pcba-200x200.jpg 200w, https:\/\/ni-mech.com\/wp-content\/uploads\/2026\/02\/pcba-300x300.jpg 300w, https:\/\/ni-mech.com\/wp-content\/uploads\/2026\/02\/pcba-400x400.jpg 400w, https:\/\/ni-mech.com\/wp-content\/uploads\/2026\/02\/pcba-500x500.jpg 500w, https:\/\/ni-mech.com\/wp-content\/uploads\/2026\/02\/pcba-600x600.jpg 600w, https:\/\/ni-mech.com\/wp-content\/uploads\/2026\/02\/pcba-700x700.jpg 700w, https:\/\/ni-mech.com\/wp-content\/uploads\/2026\/02\/pcba-768x768.jpg 768w, https:\/\/ni-mech.com\/wp-content\/uploads\/2026\/02\/pcba.jpg 800w\" data-sizes=\"auto\" data-orig-sizes=\"(max-width: 800px) 100vw, 800px\" \/><\/td>\n<td style=\"width: 50%;\">\n<p data-start=\"652\" data-end=\"702\"><span style=\"font-family: arial, helvetica, sans-serif; font-size: 10pt;\"><strong data-start=\"652\" data-end=\"702\">C\u00e1c quy tr\u00ecnh l\u1eafp r\u00e1p t\u1ed1c \u0111\u1ed9 cao, \u0111\u1ed9 ch\u00ednh x\u00e1c cao<\/strong><\/span><\/p>\n<ol data-start=\"704\" data-end=\"1686\">\n<li data-start=\"704\" data-end=\"772\">\n<p data-start=\"707\" data-end=\"772\"><span style=\"font-family: arial, helvetica, sans-serif; font-size: 10pt;\">H\u1ed7 tr\u1ee3 <strong data-start=\"716\" data-end=\"754\">ho\u00e0n to\u00e0n t\u1ef1 \u0111\u1ed9ng v\u00e0 b\u00e1n t\u1ef1 \u0111\u1ed9ng<\/strong> c\u00e1c ch\u1ebf \u0111\u1ed9 ho\u1ea1t \u0111\u1ed9ng<\/span><\/p>\n<\/li>\n<li data-start=\"773\" data-end=\"861\">\n<p data-start=\"776\" data-end=\"861\"><span style=\"font-family: arial, helvetica, sans-serif; font-size: 10pt;\">\u0110\u1ed9 ch\u00ednh x\u00e1c cao <strong data-start=\"791\" data-end=\"815\">c\u00e1c m\u00f4-\u0111un truy\u1ec1n \u0111\u1ed9ng b\u1eb1ng v\u00edt<\/strong> n\u00e2ng cao \u0111\u1ed9 \u1ed5n \u0111\u1ecbnh c\u1ee7a h\u1ec7 th\u1ed1ng v\u00e0 t\u1ed1c \u0111\u1ed9 l\u1eafp r\u00e1p<\/span><\/p>\n<\/li>\n<li data-start=\"862\" data-end=\"943\">\n<p data-start=\"865\" data-end=\"943\"><span style=\"font-family: arial, helvetica, sans-serif; font-size: 10pt;\"><strong data-start=\"865\" data-end=\"911\">\u0110\u1ea7u \u0111\u1eb7t linh ki\u1ec7n t\u1ed1c \u0111\u1ed9 cao 6 \u0111\u1ea7u, 12 tr\u1ee5c<\/strong> v\u1edbi t\u00ednh n\u0103ng l\u1eafp \u0111\u1eb7t \u0111\u01b0\u1ee3c h\u1ed7 tr\u1ee3 b\u1edfi h\u00ecnh \u1ea3nh<\/span><\/p>\n<\/li>\n<li data-start=\"944\" data-end=\"1066\">\n<p data-start=\"947\" data-end=\"1066\"><span style=\"font-family: arial, helvetica, sans-serif; font-size: 10pt;\">K\u1ebft h\u1ee3p gi\u1eefa vi\u1ec7c si\u1ebft ch\u1eb7t c\u00f3 h\u01b0\u1edbng d\u1eabn b\u1eb1ng h\u00ecnh \u1ea3nh v\u1edbi <strong data-start=\"985\" data-end=\"1022\">m\u00e1y v\u1eb7n v\u00edt \u0111i\u1ec7n th\u00f4ng minh<\/strong> \u0111\u1ec3 \u0111\u00e1p \u1ee9ng c\u00e1c y\u00eau c\u1ea7u v\u1ec1 kh\u00f3a ch\u1ea5t l\u01b0\u1ee3ng cao<\/span><\/p>\n<\/li>\n<li data-start=\"1067\" data-end=\"1202\">\n<p data-start=\"1070\" data-end=\"1202\"><span style=\"font-family: arial, helvetica, sans-serif; font-size: 10pt;\"><strong data-start=\"1070\" data-end=\"1117\">H\u1ec7 th\u1ed1ng ph\u00e2n ph\u1ed1i \u00e1p su\u1ea5t \u0111i\u1ec1u khi\u1ec3n b\u1eb1ng servo<\/strong>, h\u1ec7 th\u1ed1ng c\u00e2n ti\u00eau chu\u1ea9n c\u00f3 \u0111\u1ed9 ch\u00ednh x\u00e1c cao, c\u00e1c m\u00f4-\u0111un ki\u1ec3m tra b\u1eb1ng laser\/h\u1ec7 th\u1ed1ng th\u1ecb gi\u00e1c (t\u00f9y ch\u1ecdn)<\/span><\/p>\n<\/li>\n<li data-start=\"1203\" data-end=\"1328\">\n<p data-start=\"1206\" data-end=\"1328\"><span style=\"font-family: arial, helvetica, sans-serif; font-size: 10pt;\">L\u1eafp \u0111\u1eb7t n\u1eafp che \u0111i\u1ec1u khi\u1ec3n b\u1eb1ng \u00e1p su\u1ea5t servo, h\u1ed7 tr\u1ee3 <strong data-start=\"1269\" data-end=\"1326\">l\u1eafp \u0111\u1eb7t \u0111\u1ed3ng th\u1eddi t\u1ed1i \u0111a 6 n\u1eafp che ch\u1eafn<\/strong><\/span><\/p>\n<\/li>\n<li data-start=\"1329\" data-end=\"1427\">\n<p data-start=\"1332\" data-end=\"1427\"><span style=\"font-family: arial, helvetica, sans-serif; font-size: 10pt;\"><strong data-start=\"1332\" data-end=\"1389\">M\u00e1y \u0111\u1eb7t n\u1eafp che ch\u1eafn ch\u1ea1y b\u1eb1ng \u0111\u1ed9ng c\u01a1 tuy\u1ebfn t\u00ednh<\/strong> \u0111\u1ec3 \u0111\u00e1p \u1ee9ng nhu c\u1ea7u l\u1eafp r\u00e1p t\u1ed1c \u0111\u1ed9 cao<\/span><\/p>\n<\/li>\n<li data-start=\"1428\" data-end=\"1509\">\n<p data-start=\"1431\" data-end=\"1509\"><span style=\"font-family: arial, helvetica, sans-serif; font-size: 10pt;\">T\u00edch h\u1ee3p <strong data-start=\"1442\" data-end=\"1507\">H\u1ec7 th\u1ed1ng c\u1ea5p li\u1ec7u khay ch\u00e2n kh\u00f4ng c\u00f3 n\u1eafp che c\u1ea5u tr\u00fac linh ho\u1ea1t<\/strong><\/span><\/p>\n<\/li>\n<li data-start=\"1510\" data-end=\"1596\">\n<p data-start=\"1513\" data-end=\"1596\"><span style=\"font-family: arial, helvetica, sans-serif; font-size: 10pt;\">B\u1ed9 n\u1ea1p ti\u00eau chu\u1ea9n (c\u00f3 th\u1ec3 t\u00f9y ch\u1ecdn b\u1ed9 n\u1ea1p t\u00f9y ch\u1ec9nh) cho <strong data-start=\"1566\" data-end=\"1594\">chuy\u1ec3n \u0111\u1ed5i s\u1ea3n ph\u1ea9m nhanh ch\u00f3ng<\/strong><\/span><\/p>\n<\/li>\n<li data-start=\"1597\" data-end=\"1686\">\n<p data-start=\"1601\" data-end=\"1686\"><span style=\"font-family: arial, helvetica, sans-serif; font-size: 10pt;\">T\u00f9y ch\u1ecdn <strong data-start=\"1610\" data-end=\"1627\">qu\u00e9t m\u00e3 v\u1ea1ch<\/strong>, t\u01b0\u01a1ng th\u00edch v\u1edbi <strong data-start=\"1645\" data-end=\"1686\">H\u1ec7 th\u1ed1ng MES v\u00e0 c\u00e1c h\u1ec7 th\u1ed1ng x\u1eed l\u00fd d\u1eef li\u1ec7u kh\u00e1c<\/strong><\/span><\/p>\n<\/li>\n<\/ol>\n<\/td>\n<\/tr>\n<\/tbody>\n<\/table>","protected":false},"excerpt":{"rendered":"<p data-start=\"75\" data-end=\"97\"><strong><span style=\"font-family: arial, helvetica, sans-serif; font-size: 13pt;\">T\u00ednh n\u0103ng c\u1ee7a thi\u1ebft b\u1ecb<\/span><\/strong><\/p>\n<table style=\"width: 98.0581%;\">\n<thead data-start=\"1727\" data-end=\"1751\">\n<tr data-start=\"1727\" data-end=\"1751\">\n<th class=\"\" style=\"width: 22.0571%;\" data-start=\"1727\" data-end=\"1734\" data-col-size=\"sm\">M\u1eb7t h\u00e0ng<\/th>\n<th class=\"\" style=\"width: 523.622%;\" data-start=\"1734\" data-end=\"1751\" data-col-size=\"xl\">Th\u00f4ng s\u1ed1 k\u1ef9 thu\u1eadt<\/th>\n<\/tr>\n<tr data-start=\"1762\" data-end=\"2034\">\n<td style=\"width: 22.0571%;\" data-start=\"1762\" data-end=\"1787\" data-col-size=\"sm\">C\u1ea5u h\u00ecnh ti\u00eau chu\u1ea9n<\/td>\n<td style=\"width: 523.622%;\" data-col-size=\"xl\" data-start=\"1787\" data-end=\"2034\">B\u0103ng t\u1ea3i hai l\u00e0n ki\u1ec3u d\u00e2y \u0111ai, m\u00e1y \u0111\u1eb7t v\u1eadt li\u1ec7u ph\u1ee5 tr\u1ee3 c\u00f3 h\u1ed7 tr\u1ee3 th\u1ecb gi\u00e1c, m\u00e1y ph\u00e2n ph\u1ed1i b\u1eb1ng th\u1ecb gi\u00e1c, m\u00e1y \u0111\u1eb7t n\u1eafp che ch\u1eafn, c\u01a1 c\u1ea5u l\u1eadt, c\u1ee5m t\u1ea3n nhi\u1ec7t t\u00edch h\u1ee3p &amp; b\u1ed9 ph\u1eadn c\u1ed1 \u0111\u1ecbnh, c\u01a1 c\u1ea5u n\u00e2ng, tr\u1ea1m ki\u1ec3m tra PCBA<\/td>\n<\/tr>\n<tr data-start=\"2035\" data-end=\"2077\">\n<td style=\"width: 22.0571%;\" data-start=\"2035\" data-end=\"2065\" data-col-size=\"sm\">\u0110\u1ed9 ch\u00ednh x\u00e1c \u0111\u1ecbnh v\u1ecb l\u1eb7p l\u1ea1i<\/td>\n<td style=\"width: 523.622%;\" data-start=\"2065\" data-end=\"2077\" data-col-size=\"xl\">\u00b10,01 mm<\/td>\n<\/tr>\n<tr data-start=\"2078\" data-end=\"2102\">\n<td style=\"width: 22.0571%;\" data-start=\"2078\" data-end=\"2091\" data-col-size=\"sm\">C\u00f4ng su\u1ea5t<\/td>\n<td style=\"width: 523.622%;\" data-start=\"2091\" data-end=\"2102\" data-col-size=\"xl\">120 UPH<\/td>\n<\/tr>\n<tr data-start=\"2103\" data-end=\"2126\">\n<td style=\"width: 22.0571%;\" data-start=\"2103\" data-end=\"2116\" data-col-size=\"sm\">T\u1ef7 su\u1ea5t sinh l\u1eddi<\/td>\n<td style=\"width: 523.622%;\" data-col-size=\"xl\" data-start=\"2116\" data-end=\"2126\">\u226599,81% TP3T<\/td>\n<\/tr>\n<tr data-start=\"2127\" data-end=\"2156\">\n<td style=\"width: 22.0571%;\" data-start=\"2127\" data-end=\"2139\" data-col-size=\"sm\">K\u00edch th\u01b0\u1edbc PCBA<\/td>\n<td style=\"width: 523.622%;\" data-col-size=\"xl\" data-start=\"2139\" data-end=\"2156\">\u2264100 \u00d7 300 mm<\/td>\n<\/tr>\n<tr data-start=\"2157\" data-end=\"2205\">\n<td style=\"width: 22.0571%;\" data-start=\"2157\" data-end=\"2183\" data-col-size=\"sm\">K\u00edch th\u01b0\u1edbc v\u1eadt li\u1ec7u ph\u1ee5<\/td>\n<td style=\"width: 523.622%;\" data-col-size=\"xl\" data-start=\"2183\" data-end=\"2205\">2 \u00d7 2 \u2013 30 \u00d7 30 mm<\/td>\n<\/tr>\n<tr data-start=\"2206\" data-end=\"2246\">\n<td style=\"width: 22.0571%;\" data-start=\"2206\" data-end=\"2228\" data-col-size=\"sm\">Giao di\u1ec7n thi\u1ebft b\u1ecb<\/td>\n<td style=\"width: 523.622%;\" data-col-size=\"xl\" data-start=\"2228\" data-end=\"2246\">Ti\u00eau chu\u1ea9n SMEMA<\/td>\n<\/tr>\n<tr data-start=\"2247\" data-end=\"2272\">\n<td style=\"width: 22.0571%;\" data-start=\"2247\" data-end=\"2265\" data-col-size=\"sm\">S\u1ed1 l\u01b0\u1ee3ng b\u1ed9 n\u1ea1p<\/td>\n<td style=\"width: 523.622%;\" data-col-size=\"xl\" data-start=\"2265\" data-end=\"2272\">1\u20134<\/td>\n<\/tr>\n<tr data-start=\"2273\" data-end=\"2377\">\n<td style=\"width: 22.0571%;\" data-start=\"2273\" data-end=\"2284\" data-col-size=\"sm\">Ph\u1ea7n m\u1ec1m<\/td>\n<td style=\"width: 523.622%;\" data-col-size=\"xl\" data-start=\"2284\" data-end=\"2377\">Chuy\u1ec3n \u0111\u1ed5i m\u1eabu ch\u1ec9 v\u1edbi m\u1ed9t c\u00fa nh\u1ea5p chu\u1ed9t, t\u00edch h\u1ee3p h\u1ec7 th\u1ed1ng MES, t\u01b0\u01a1ng th\u00edch v\u1edbi c\u00e1c d\u00e2y chuy\u1ec1n s\u1ea3n xu\u1ea5t PCBA<\/td>\n<\/tr>\n<\/thead>\n<\/table>\n<p>&nbsp;<\/p>","protected":false},"featured_media":3722,"comment_status":"open","ping_status":"closed","template":"","meta":{"_acf_changed":false},"product_brand":[],"product_cat":[159],"product_tag":[],"class_list":{"0":"post-3721","1":"product","2":"type-product","3":"status-publish","4":"has-post-thumbnail","6":"product_cat-uav-equipment","8":"first","9":"instock","10":"shipping-taxable","11":"product-type-simple"},"acf":[],"_links":{"self":[{"href":"https:\/\/ni-mech.com\/vi\/wp-json\/wp\/v2\/product\/3721","targetHints":{"allow":["GET"]}}],"collection":[{"href":"https:\/\/ni-mech.com\/vi\/wp-json\/wp\/v2\/product"}],"about":[{"href":"https:\/\/ni-mech.com\/vi\/wp-json\/wp\/v2\/types\/product"}],"replies":[{"embeddable":true,"href":"https:\/\/ni-mech.com\/vi\/wp-json\/wp\/v2\/comments?post=3721"}],"wp:featuredmedia":[{"embeddable":true,"href":"https:\/\/ni-mech.com\/vi\/wp-json\/wp\/v2\/media\/3722"}],"wp:attachment":[{"href":"https:\/\/ni-mech.com\/vi\/wp-json\/wp\/v2\/media?parent=3721"}],"wp:term":[{"taxonomy":"product_brand","embeddable":true,"href":"https:\/\/ni-mech.com\/vi\/wp-json\/wp\/v2\/product_brand?post=3721"},{"taxonomy":"product_cat","embeddable":true,"href":"https:\/\/ni-mech.com\/vi\/wp-json\/wp\/v2\/product_cat?post=3721"},{"taxonomy":"product_tag","embeddable":true,"href":"https:\/\/ni-mech.com\/vi\/wp-json\/wp\/v2\/product_tag?post=3721"}],"curies":[{"name":"wp","href":"https:\/\/api.w.org\/{rel}","templated":true}]}}