{"id":3719,"date":"2026-02-04T23:55:13","date_gmt":"2026-02-04T23:55:13","guid":{"rendered":"https:\/\/ni-mech.com\/?post_type=product&#038;p=3719"},"modified":"2026-02-05T00:02:31","modified_gmt":"2026-02-05T00:02:31","slug":"day-chuyen-thu-nghiem-he-thong-uav","status":"publish","type":"product","link":"https:\/\/ni-mech.com\/vi\/san-pham\/day-chuyen-thu-nghiem-he-thong-uav\/","title":{"rendered":"D\u00e2y chuy\u1ec1n th\u1eed nghi\u1ec7m h\u1ec7 th\u1ed1ng UAV\uff5c D\u00e2y chuy\u1ec1n th\u1eed nghi\u1ec7m to\u00e0n b\u1ed9 m\u00e1y bay kh\u00f4ng ng\u01b0\u1eddi l\u00e1i"},"content":{"rendered":"<p><span style=\"font-family: arial, helvetica, sans-serif;\"><strong data-start=\"589\" data-end=\"616\">C\u1ea5u h\u00ecnh ti\u00eau chu\u1ea9n:<\/strong><\/span><\/p>\n<p><span style=\"font-family: arial, helvetica, sans-serif; font-size: 10pt;\">D\u00e2y chuy\u1ec1n th\u1eed nghi\u1ec7m m\u00e1y bay kh\u00f4ng ng\u01b0\u1eddi l\u00e1i ho\u00e0n ch\u1ec9nh do <strong data-start=\"133\" data-end=\"174\">C\u00f4ng ty TNHH C\u00f4ng ngh\u1ec7 Newleda Dongguan.<\/strong> \u0111\u01b0\u1ee3c thi\u1ebft k\u1ebf \u0111\u1ec3 th\u1ef1c hi\u1ec7n c\u00e1c quy tr\u00ecnh ki\u1ec3m th\u1eed ho\u00e0n to\u00e0n t\u1ef1 \u0111\u1ed9ng cho c\u00e1c h\u1ec7 th\u1ed1ng UAV ho\u00e0n ch\u1ec9nh.<\/span><br data-start=\"249\" data-end=\"252\" \/><span style=\"font-family: arial, helvetica, sans-serif; font-size: 10pt;\">N\u00f3 h\u1ed7 tr\u1ee3 nhi\u1ec1u quy tr\u00ecnh ki\u1ec3m tra v\u00e0 hi\u1ec7u chu\u1ea9n kh\u00e1c nhau, bao g\u1ed3m <strong data-start=\"323\" data-end=\"524\">Hi\u1ec7u chu\u1ea9n IMU, hi\u1ec7u chu\u1ea9n la b\u00e0n, hi\u1ec7u chu\u1ea9n c\u1ea3m bi\u1ebfn \u00e1p su\u1ea5t kh\u00ed quy\u1ec3n, hi\u1ec7u chu\u1ea9n v\u00e0 ki\u1ec3m tra h\u1ec7 th\u1ed1ng th\u1ecb gi\u00e1c hai m\u1eaft, hi\u1ec7u chu\u1ea9n v\u00e0 ki\u1ec3m tra camera gimbal, ki\u1ec3m tra \u0111\u00e8n chi\u1ebfu s\u00e1ng b\u1ed5 sung, hi\u1ec7u chu\u1ea9n ToF, ki\u1ec3m tra RF<\/strong>, v.v.<\/span><br data-start=\"535\" data-end=\"538\" \/><span style=\"font-family: arial, helvetica, sans-serif; font-size: 10pt;\">H\u1ec7 th\u1ed1ng n\u00e0y mang \u0111\u1ebfn cho kh\u00e1ch h\u00e0ng m\u1ed9t <strong data-start=\"576\" data-end=\"632\">Gi\u1ea3i ph\u00e1p t\u1ef1 \u0111\u1ed9ng to\u00e0n di\u1ec7n cho vi\u1ec7c th\u1eed nghi\u1ec7m UAV<\/strong>.<\/span><\/p>\n<table style=\"border-collapse: collapse; width: 100%;\">\n<tbody>\n<tr>\n<td style=\"width: 50%;\"><img decoding=\"async\" class=\"lazyload alignnone size-full wp-image-3720\" src=\"https:\/\/ni-mech.com\/wp-content\/uploads\/2026\/02\/\u65e0\u4eba\u673a\u6574\u673a\u6d4b\u8bd5\u7ebf.jpg\" data-orig-src=\"https:\/\/ni-mech.com\/wp-content\/uploads\/2026\/02\/\u65e0\u4eba\u673a\u6574\u673a\u6d4b\u8bd5\u7ebf.jpg\" alt=\"\" width=\"692\" height=\"692\" srcset=\"https:\/\/ni-mech.com\/wp-content\/uploads\/2026\/02\/\u65e0\u4eba\u673a\u6574\u673a\u6d4b\u8bd5\u7ebf-12x12.jpg 12w, https:\/\/ni-mech.com\/wp-content\/uploads\/2026\/02\/\u65e0\u4eba\u673a\u6574\u673a\u6d4b\u8bd5\u7ebf-66x66.jpg 66w, https:\/\/ni-mech.com\/wp-content\/uploads\/2026\/02\/\u65e0\u4eba\u673a\u6574\u673a\u6d4b\u8bd5\u7ebf-150x150.jpg 150w, https:\/\/ni-mech.com\/wp-content\/uploads\/2026\/02\/\u65e0\u4eba\u673a\u6574\u673a\u6d4b\u8bd5\u7ebf-200x200.jpg 200w, https:\/\/ni-mech.com\/wp-content\/uploads\/2026\/02\/\u65e0\u4eba\u673a\u6574\u673a\u6d4b\u8bd5\u7ebf-300x300.jpg 300w, https:\/\/ni-mech.com\/wp-content\/uploads\/2026\/02\/\u65e0\u4eba\u673a\u6574\u673a\u6d4b\u8bd5\u7ebf-400x400.jpg 400w, https:\/\/ni-mech.com\/wp-content\/uploads\/2026\/02\/\u65e0\u4eba\u673a\u6574\u673a\u6d4b\u8bd5\u7ebf-500x500.jpg 500w, https:\/\/ni-mech.com\/wp-content\/uploads\/2026\/02\/\u65e0\u4eba\u673a\u6574\u673a\u6d4b\u8bd5\u7ebf-600x600.jpg 600w, https:\/\/ni-mech.com\/wp-content\/uploads\/2026\/02\/\u65e0\u4eba\u673a\u6574\u673a\u6d4b\u8bd5\u7ebf.jpg 692w\" data-srcset=\"https:\/\/ni-mech.com\/wp-content\/uploads\/2026\/02\/\u65e0\u4eba\u673a\u6574\u673a\u6d4b\u8bd5\u7ebf-12x12.jpg 12w, https:\/\/ni-mech.com\/wp-content\/uploads\/2026\/02\/\u65e0\u4eba\u673a\u6574\u673a\u6d4b\u8bd5\u7ebf-66x66.jpg 66w, https:\/\/ni-mech.com\/wp-content\/uploads\/2026\/02\/\u65e0\u4eba\u673a\u6574\u673a\u6d4b\u8bd5\u7ebf-150x150.jpg 150w, https:\/\/ni-mech.com\/wp-content\/uploads\/2026\/02\/\u65e0\u4eba\u673a\u6574\u673a\u6d4b\u8bd5\u7ebf-200x200.jpg 200w, https:\/\/ni-mech.com\/wp-content\/uploads\/2026\/02\/\u65e0\u4eba\u673a\u6574\u673a\u6d4b\u8bd5\u7ebf-300x300.jpg 300w, https:\/\/ni-mech.com\/wp-content\/uploads\/2026\/02\/\u65e0\u4eba\u673a\u6574\u673a\u6d4b\u8bd5\u7ebf-400x400.jpg 400w, https:\/\/ni-mech.com\/wp-content\/uploads\/2026\/02\/\u65e0\u4eba\u673a\u6574\u673a\u6d4b\u8bd5\u7ebf-500x500.jpg 500w, https:\/\/ni-mech.com\/wp-content\/uploads\/2026\/02\/\u65e0\u4eba\u673a\u6574\u673a\u6d4b\u8bd5\u7ebf-600x600.jpg 600w, https:\/\/ni-mech.com\/wp-content\/uploads\/2026\/02\/\u65e0\u4eba\u673a\u6574\u673a\u6d4b\u8bd5\u7ebf.jpg 692w\" data-sizes=\"auto\" data-orig-sizes=\"(max-width: 692px) 100vw, 692px\" \/><\/td>\n<td style=\"width: 50%;\">\n<p data-pm-slice=\"0 0 []\">Th\u00f4ng s\u1ed1 k\u1ef9 thu\u1eadt s\u1ea3n ph\u1ea9m<\/p>\n<ul>\n<li>C\u1ea5u h\u00ecnh ti\u00eau chu\u1ea9n: C\u00e1nh tay robot 6 tr\u1ee5c, c\u00e1c m\u00f4-\u0111un th\u1eed nghi\u1ec7m ti\u00eau chu\u1ea9n, c\u00e1c m\u1ee5c ti\u00eau bi\u1ec3u \u0111\u1ed3 c\u00f3 \u0111\u1ed9 ch\u00ednh x\u00e1c cao, h\u1ec7 th\u1ed1ng b\u0103ng t\u1ea3i linh ho\u1ea1t, h\u1ec7 th\u1ed1ng b\u1ea3o v\u1ec7 an to\u00e0n ti\u00eau chu\u1ea9n<\/li>\n<li>\u0110\u1ed9 ch\u00ednh x\u00e1c \u0111\u1ecbnh v\u1ecb l\u1eb7p l\u1ea1i c\u1ee7a robot: \u00b10,05 mm<\/li>\n<li>N\u0103ng su\u1ea5t s\u1ea3n xu\u1ea5t: \u226560 \u0111\u01a1n v\u1ecb\/gi\u1edd<\/li>\n<li>C\u00e1c lo\u1ea1i UAV \u00e1p d\u1ee5ng: UAV b\u1ed1n c\u00e1nh qu\u1ea1t d\u00e0nh cho ng\u01b0\u1eddi ti\u00eau d\u00f9ng, UAV b\u1ed1n c\u00e1nh qu\u1ea1t c\u00f4ng nghi\u1ec7p<\/li>\n<li>S\u1ed1 \u0111\u01a1n v\u1ecb ki\u1ec3m tra \u0111\u1ed3ng th\u1eddi: 1\u20136<\/li>\n<li>H\u1ec7 th\u1ed1ng \u0111i\u1ec1u khi\u1ec3n: \u0110i\u1ec1u khi\u1ec3n d\u1ef1a tr\u00ean m\u00e1y t\u00ednh<\/li>\n<li>K\u00edch th\u01b0\u1edbc t\u1ed5ng th\u1ec3: R\u1ed9ng 3000 \u00d7 D\u00e0i 6000 \u00d7 Cao 2000 mm<\/li>\n<li>Ki\u1ec3m tra k\u1ebft n\u1ed1i UAV: C\u00e1c ch\u1ebf \u0111\u1ed9 tr\u00ean m\u00e1y bay, USB<\/li>\n<\/ul>\n<\/td>\n<\/tr>\n<\/tbody>\n<\/table>","protected":false},"excerpt":{"rendered":"<p data-start=\"75\" data-end=\"97\"><strong><span style=\"font-family: arial, helvetica, sans-serif; font-size: 13pt;\">T\u00ednh n\u0103ng c\u1ee7a thi\u1ebft b\u1ecb<\/span><\/strong><\/p>\n<ul>\n<li data-start=\"666\" data-end=\"805\">\n<p data-start=\"669\" data-end=\"805\"><span style=\"font-family: arial, helvetica, sans-serif; font-size: 10pt;\"><strong data-start=\"669\" data-end=\"711\">C\u1ea5u h\u00ecnh m\u00e1y tr\u1ea1m ti\u00eau chu\u1ea9n<\/strong> gi\u00fap t\u0103ng c\u01b0\u1eddng \u0111\u1ed9 \u1ed5n \u0111\u1ecbnh c\u1ee7a h\u1ec7 th\u1ed1ng \u0111\u1ed3ng th\u1eddi gi\u1ea3m \u0111\u00e1ng k\u1ec3 m\u1ee9c \u0111\u1ed9 ph\u1ee9c t\u1ea1p trong vi\u1ec7c t\u00e1i s\u1eed d\u1ee5ng c\u00e1c tr\u1ea1m l\u00e0m vi\u1ec7c.<\/span><\/p>\n<\/li>\n<li data-start=\"806\" data-end=\"909\">\n<p data-start=\"809\" data-end=\"909\"><span style=\"font-family: arial, helvetica, sans-serif; font-size: 10pt;\"><strong data-start=\"809\" data-end=\"841\">Thi\u1ebft k\u1ebf ti\u00eau chu\u1ea9n linh ho\u1ea1t<\/strong> h\u1ed7 tr\u1ee3 c\u00e1c d\u00e2y chuy\u1ec1n s\u1ea3n xu\u1ea5t \u0111a m\u1eabu v\u00e0 vi\u1ec7c chuy\u1ec3n \u0111\u1ed5i m\u1eabu nhanh ch\u00f3ng.<\/span><\/p>\n<\/li>\n<li data-start=\"910\" data-end=\"1042\">\n<p data-start=\"913\" data-end=\"1042\"><span style=\"font-family: arial, helvetica, sans-serif; font-size: 10pt;\">T\u01b0\u01a1ng th\u00edch v\u1edbi <strong data-start=\"929\" data-end=\"996\">m\u00e1y \u1ea3nh h\u1ed3ng ngo\u1ea1i, m\u00e1y \u1ea3nh \u00e1nh s\u00e1ng kh\u1ea3 ki\u1ebfn v\u00e0 m\u00e1y \u1ea3nh ti\u00eau c\u1ef1 d\u00e0i<\/strong>, gi\u00fap tri\u1ec3n khai c\u00e1c gi\u1ea3i ph\u00e1p ki\u1ec3m tra trong ph\u1ea1m vi ng\u1eafn.<\/span><\/p>\n<\/li>\n<li data-start=\"1043\" data-end=\"1114\">\n<p data-start=\"1046\" data-end=\"1114\"><span style=\"font-family: arial, helvetica, sans-serif; font-size: 10pt;\">H\u1ed7 tr\u1ee3 t\u00edch h\u1ee3p v\u1edbi <strong data-start=\"1072\" data-end=\"1113\">H\u1ec7 th\u1ed1ng MES v\u00e0 c\u00e1c h\u1ec7 th\u1ed1ng x\u1eed l\u00fd d\u1eef li\u1ec7u kh\u00e1c<\/strong>.<\/span><\/p>\n<\/li>\n<\/ul>\n<p>&nbsp;<\/p>","protected":false},"featured_media":3720,"comment_status":"open","ping_status":"closed","template":"","meta":{"_acf_changed":false},"product_brand":[],"product_cat":[159],"product_tag":[],"class_list":{"0":"post-3719","1":"product","2":"type-product","3":"status-publish","4":"has-post-thumbnail","6":"product_cat-uav-equipment","8":"first","9":"instock","10":"shipping-taxable","11":"product-type-simple"},"acf":[],"_links":{"self":[{"href":"https:\/\/ni-mech.com\/vi\/wp-json\/wp\/v2\/product\/3719","targetHints":{"allow":["GET"]}}],"collection":[{"href":"https:\/\/ni-mech.com\/vi\/wp-json\/wp\/v2\/product"}],"about":[{"href":"https:\/\/ni-mech.com\/vi\/wp-json\/wp\/v2\/types\/product"}],"replies":[{"embeddable":true,"href":"https:\/\/ni-mech.com\/vi\/wp-json\/wp\/v2\/comments?post=3719"}],"wp:featuredmedia":[{"embeddable":true,"href":"https:\/\/ni-mech.com\/vi\/wp-json\/wp\/v2\/media\/3720"}],"wp:attachment":[{"href":"https:\/\/ni-mech.com\/vi\/wp-json\/wp\/v2\/media?parent=3719"}],"wp:term":[{"taxonomy":"product_brand","embeddable":true,"href":"https:\/\/ni-mech.com\/vi\/wp-json\/wp\/v2\/product_brand?post=3719"},{"taxonomy":"product_cat","embeddable":true,"href":"https:\/\/ni-mech.com\/vi\/wp-json\/wp\/v2\/product_cat?post=3719"},{"taxonomy":"product_tag","embeddable":true,"href":"https:\/\/ni-mech.com\/vi\/wp-json\/wp\/v2\/product_tag?post=3719"}],"curies":[{"name":"wp","href":"https:\/\/api.w.org\/{rel}","templated":true}]}}