{"id":3592,"date":"2026-01-26T02:43:56","date_gmt":"2026-01-26T02:43:56","guid":{"rendered":"https:\/\/ni-mech.com\/?post_type=product&#038;p=3592"},"modified":"2026-01-26T14:06:37","modified_gmt":"2026-01-26T14:06:37","slug":"may-do-mo-men-xoan","status":"publish","type":"product","link":"https:\/\/ni-mech.com\/vi\/san-pham\/may-do-mo-men-xoan\/","title":{"rendered":"M\u00e1y ki\u1ec3m tra m\u00f4-men xo\u1eafn\uff5c M\u00e1y ki\u1ec3m tra m\u00f4-men xo\u1eafn (cho c\u00e1nh qu\u1ea1t m\u00e1y bay kh\u00f4ng ng\u01b0\u1eddi l\u00e1i)"},"content":{"rendered":"<p><span style=\"font-family: arial, helvetica, sans-serif;\"><strong data-start=\"589\" data-end=\"616\">C\u1ea5u h\u00ecnh ti\u00eau chu\u1ea9n:<\/strong><\/span><\/p>\n<p>&nbsp;<\/p>\n<table style=\"border-collapse: collapse; width: 100%;\">\n<tbody>\n<tr>\n<td style=\"width: 50%;\"><img decoding=\"async\" class=\"lazyload alignnone wp-image-3589 size-full\" src=\"https:\/\/ni-mech.com\/wp-content\/uploads\/2026\/01\/Newleda-13.jpg\" data-orig-src=\"https:\/\/ni-mech.com\/wp-content\/uploads\/2026\/01\/Newleda-13.jpg\" alt=\"M\u00e1y th\u1eed m\u00f4-men xo\u1eafn\" width=\"1000\" height=\"1000\" srcset=\"data:image\/svg+xml,%3Csvg%20xmlns%3D%27http%3A%2F%2Fwww.w3.org%2F2000%2Fsvg%27%20width%3D%271000%27%20height%3D%271000%27%20viewBox%3D%270%200%201000%201000%27%3E%3Crect%20width%3D%271000%27%20height%3D%271000%27%20fill-opacity%3D%220%22%2F%3E%3C%2Fsvg%3E\" data-srcset=\"https:\/\/ni-mech.com\/wp-content\/uploads\/2026\/01\/Newleda-13-12x12.jpg 12w, https:\/\/ni-mech.com\/wp-content\/uploads\/2026\/01\/Newleda-13-66x66.jpg 66w, https:\/\/ni-mech.com\/wp-content\/uploads\/2026\/01\/Newleda-13-150x150.jpg 150w, https:\/\/ni-mech.com\/wp-content\/uploads\/2026\/01\/Newleda-13-200x200.jpg 200w, https:\/\/ni-mech.com\/wp-content\/uploads\/2026\/01\/Newleda-13-300x300.jpg 300w, https:\/\/ni-mech.com\/wp-content\/uploads\/2026\/01\/Newleda-13-400x400.jpg 400w, https:\/\/ni-mech.com\/wp-content\/uploads\/2026\/01\/Newleda-13-500x500.jpg 500w, https:\/\/ni-mech.com\/wp-content\/uploads\/2026\/01\/Newleda-13-600x600.jpg 600w, https:\/\/ni-mech.com\/wp-content\/uploads\/2026\/01\/Newleda-13-700x700.jpg 700w, https:\/\/ni-mech.com\/wp-content\/uploads\/2026\/01\/Newleda-13-768x768.jpg 768w, https:\/\/ni-mech.com\/wp-content\/uploads\/2026\/01\/Newleda-13-800x800.jpg 800w, https:\/\/ni-mech.com\/wp-content\/uploads\/2026\/01\/Newleda-13.jpg 1000w\" data-sizes=\"auto\" data-orig-sizes=\"(max-width: 1000px) 100vw, 1000px\" \/><\/td>\n<td style=\"width: 50%;\">\n<ul>\n<li data-start=\"765\" data-end=\"864\">\n<p data-start=\"767\" data-end=\"864\"><span style=\"font-family: arial, helvetica, sans-serif; font-size: 10pt;\"><strong data-start=\"767\" data-end=\"791\">S\u1ea3n ph\u1ea9m \u00e1p d\u1ee5ng:<\/strong> S\u1ea3n xu\u1ea5t c\u00e1nh qu\u1ea1t, ki\u1ec3m tra tr\u1ee5c n\u1ed1i v\u00e0 c\u00e1c quy tr\u00ecnh li\u00ean quan<\/span><\/p>\n<\/li>\n<li data-start=\"865\" data-end=\"899\">\n<p data-start=\"867\" data-end=\"899\"><span style=\"font-family: arial, helvetica, sans-serif; font-size: 10pt;\"><strong data-start=\"867\" data-end=\"882\">Th\u1eddi gian chu k\u1ef3:<\/strong> 4\u20138 gi\u00e2y m\u1ed7i \u0111\u01a1n v\u1ecb<\/span><\/p>\n<\/li>\n<li data-start=\"900\" data-end=\"933\">\n<p data-start=\"902\" data-end=\"933\"><span style=\"font-family: arial, helvetica, sans-serif; font-size: 10pt;\"><strong data-start=\"902\" data-end=\"924\">T\u1ef7 l\u1ec7 \u0111\u1ed7 (hi\u1ec7u su\u1ea5t):<\/strong> \u226599,81% TP3T<\/span><\/p>\n<\/li>\n<li data-start=\"934\" data-end=\"976\">\n<p data-start=\"936\" data-end=\"976\"><span style=\"font-family: arial, helvetica, sans-serif; font-size: 10pt;\"><strong data-start=\"936\" data-end=\"967\">Ph\u01b0\u01a1ng ph\u00e1p b\u1ed1c d\u1ee1:<\/strong> H\u01b0\u1edbng d\u1eabn s\u1eed d\u1ee5ng<\/span><\/p>\n<\/li>\n<li data-start=\"977\" data-end=\"1009\">\n<p data-start=\"979\" data-end=\"1009\"><span style=\"font-family: arial, helvetica, sans-serif; font-size: 10pt;\"><strong data-start=\"979\" data-end=\"1000\">K\u00edch th\u01b0\u1edbc m\u00e0n h\u00ecnh c\u1ea3m \u1ee9ng:<\/strong> 7 inch<\/span><\/p>\n<\/li>\n<li data-start=\"1010\" data-end=\"1059\">\n<p data-start=\"1012\" data-end=\"1059\"><span style=\"font-family: arial, helvetica, sans-serif; font-size: 10pt;\"><strong data-start=\"1012\" data-end=\"1035\">K\u00edch th\u01b0\u1edbc m\u00e1y:<\/strong> R\u1ed9ng 400 \u00d7 D\u00e0i 500 \u00d7 Cao 350 mm<\/span><\/p>\n<\/li>\n<li data-start=\"1060\" data-end=\"1089\">\n<p data-start=\"1062\" data-end=\"1089\"><span style=\"font-family: arial, helvetica, sans-serif; font-size: 10pt;\"><strong data-start=\"1062\" data-end=\"1081\">Tr\u1ecdng l\u01b0\u1ee3ng m\u00e1y:<\/strong> 35 kg<\/span><\/p>\n<\/li>\n<\/ul>\n<\/td>\n<\/tr>\n<\/tbody>\n<\/table>","protected":false},"excerpt":{"rendered":"<p data-start=\"75\" data-end=\"97\"><strong><span style=\"font-family: arial, helvetica, sans-serif; font-size: 13pt;\">T\u00ednh n\u0103ng c\u1ee7a thi\u1ebft b\u1ecb<\/span><\/strong><\/p>\n<p data-start=\"151\" data-end=\"275\"><span style=\"font-family: arial, helvetica, sans-serif; font-size: 10pt;\">M\u00e1y th\u1eed m\u00f4-men xo\u1eafn \u0111\u01b0\u1ee3c thi\u1ebft k\u1ebf \u0111\u1ec3 <strong data-start=\"194\" data-end=\"235\">Th\u1eed nghi\u1ec7m m\u00f4-men xo\u1eafn \u0111\u1ed9ng v\u1edbi \u0111\u1ed9 ch\u00ednh x\u00e1c cao<\/strong> c\u00e1c s\u1ea3n ph\u1ea9m nh\u01b0 <strong data-start=\"256\" data-end=\"274\">C\u00e1nh qu\u1ea1t c\u1ee7a m\u00e1y bay kh\u00f4ng ng\u01b0\u1eddi l\u00e1i<\/strong>.<\/span><\/p>\n<ol data-start=\"277\" data-end=\"647\">\n<li data-start=\"277\" data-end=\"351\">\n<p data-start=\"280\" data-end=\"351\"><span style=\"font-family: arial, helvetica, sans-serif; font-size: 10pt;\"><strong data-start=\"280\" data-end=\"320\">C\u1ea3m bi\u1ebfn m\u00f4-men xo\u1eafn \u0111\u1ed9ng c\u00f3 \u0111\u1ed9 ch\u00ednh x\u00e1c cao<\/strong> \u0111\u1ea3m b\u1ea3o \u0111\u1ed9 ch\u00ednh x\u00e1c c\u1ee7a ph\u00e9p \u0111o<\/span><\/p>\n<\/li>\n<li data-start=\"352\" data-end=\"425\">\n<p data-start=\"355\" data-end=\"425\"><span style=\"font-family: arial, helvetica, sans-serif; font-size: 10pt;\"><strong data-start=\"355\" data-end=\"378\">B\u1ed9 \u0111i\u1ec1u khi\u1ec3n \u0111\u1ed9ng c\u01a1 b\u01b0\u1edbc<\/strong> \u0111\u1ea3m b\u1ea3o t\u1ed1c \u0111\u1ed9 ki\u1ec3m tra \u1ed5n \u0111\u1ecbnh v\u00e0 li\u00ean t\u1ee5c<\/span><\/p>\n<\/li>\n<li data-start=\"426\" data-end=\"519\">\n<p data-start=\"429\" data-end=\"519\"><span style=\"font-family: arial, helvetica, sans-serif; font-size: 10pt;\"><strong data-start=\"429\" data-end=\"471\">B\u1ed1c d\u1ee1 nhanh ch\u00f3ng v\u00e0 thu\u1eadn ti\u1ec7n<\/strong>, v\u1edbi t\u00ednh n\u0103ng t\u1ef1 \u0111\u1ed9ng ph\u00e1t hi\u1ec7n s\u1ef1 hi\u1ec7n di\u1ec7n c\u1ee7a s\u1ea3n ph\u1ea9m<\/span><\/p>\n<\/li>\n<li data-start=\"520\" data-end=\"581\">\n<p data-start=\"523\" data-end=\"581\"><span style=\"font-family: arial, helvetica, sans-serif; font-size: 10pt;\"><strong data-start=\"523\" data-end=\"557\">T\u1ef1 \u0111\u1ed9ng l\u01b0u tr\u1eef d\u1eef li\u1ec7u th\u1eed nghi\u1ec7m<\/strong> \u0111\u1ec3 d\u1ec5 d\u00e0ng theo d\u00f5i<\/span><\/p>\n<\/li>\n<li data-start=\"582\" data-end=\"647\">\n<p data-start=\"585\" data-end=\"647\"><span style=\"font-family: arial, helvetica, sans-serif; font-size: 10pt;\"><strong data-start=\"585\" data-end=\"610\">Chuy\u1ec3n \u0111\u1ed5i m\u1eabu nhanh ch\u00f3ng<\/strong> \u0111\u1ec3 h\u1ed7 tr\u1ee3 c\u00e1c lo\u1ea1i s\u1ea3n ph\u1ea9m kh\u00e1c nhau<\/span><\/p>\n<\/li>\n<\/ol>\n<p>&nbsp;<\/p>","protected":false},"featured_media":3589,"comment_status":"open","ping_status":"closed","template":"","meta":{"_acf_changed":false},"product_brand":[],"product_cat":[159],"product_tag":[],"class_list":{"0":"post-3592","1":"product","2":"type-product","3":"status-publish","4":"has-post-thumbnail","6":"product_cat-uav-equipment","8":"first","9":"instock","10":"shipping-taxable","11":"product-type-simple"},"acf":[],"_links":{"self":[{"href":"https:\/\/ni-mech.com\/vi\/wp-json\/wp\/v2\/product\/3592","targetHints":{"allow":["GET"]}}],"collection":[{"href":"https:\/\/ni-mech.com\/vi\/wp-json\/wp\/v2\/product"}],"about":[{"href":"https:\/\/ni-mech.com\/vi\/wp-json\/wp\/v2\/types\/product"}],"replies":[{"embeddable":true,"href":"https:\/\/ni-mech.com\/vi\/wp-json\/wp\/v2\/comments?post=3592"}],"wp:featuredmedia":[{"embeddable":true,"href":"https:\/\/ni-mech.com\/vi\/wp-json\/wp\/v2\/media\/3589"}],"wp:attachment":[{"href":"https:\/\/ni-mech.com\/vi\/wp-json\/wp\/v2\/media?parent=3592"}],"wp:term":[{"taxonomy":"product_brand","embeddable":true,"href":"https:\/\/ni-mech.com\/vi\/wp-json\/wp\/v2\/product_brand?post=3592"},{"taxonomy":"product_cat","embeddable":true,"href":"https:\/\/ni-mech.com\/vi\/wp-json\/wp\/v2\/product_cat?post=3592"},{"taxonomy":"product_tag","embeddable":true,"href":"https:\/\/ni-mech.com\/vi\/wp-json\/wp\/v2\/product_tag?post=3592"}],"curies":[{"name":"wp","href":"https:\/\/api.w.org\/{rel}","templated":true}]}}