{"id":3590,"date":"2026-01-26T02:36:18","date_gmt":"2026-01-26T02:36:18","guid":{"rendered":"https:\/\/ni-mech.com\/?post_type=product&#038;p=3590"},"modified":"2026-02-05T01:11:43","modified_gmt":"2026-02-05T01:11:43","slug":"may-lap-rap-nam-cham-ro-to-dong-co","status":"publish","type":"product","link":"https:\/\/ni-mech.com\/vi\/san-pham\/may-lap-rap-nam-cham-ro-to-dong-co\/","title":{"rendered":"Thi\u1ebft b\u1ecb l\u1eafp r\u00e1p nam ch\u00e2m t\u1ef1 \u0111\u1ed9ng cho rotor \u0111\u1ed9ng c\u01a1"},"content":{"rendered":"<p><span style=\"font-family: arial, helvetica, sans-serif;\"><strong data-start=\"589\" data-end=\"616\">C\u1ea5u h\u00ecnh ti\u00eau chu\u1ea9n:<\/strong><\/span><\/p>\n<p>&nbsp;<\/p>\n<table style=\"border-collapse: collapse; width: 100%;\">\n<tbody>\n<tr>\n<td style=\"width: 50%;\"><img decoding=\"async\" class=\"lazyload alignnone wp-image-3591 size-full\" src=\"https:\/\/ni-mech.com\/wp-content\/uploads\/2026\/01\/Newleda-10-1.jpg\" data-orig-src=\"https:\/\/ni-mech.com\/wp-content\/uploads\/2026\/01\/Newleda-10-1.jpg\" alt=\"\" width=\"1000\" height=\"1000\" srcset=\"data:image\/svg+xml,%3Csvg%20xmlns%3D%27http%3A%2F%2Fwww.w3.org%2F2000%2Fsvg%27%20width%3D%271000%27%20height%3D%271000%27%20viewBox%3D%270%200%201000%201000%27%3E%3Crect%20width%3D%271000%27%20height%3D%271000%27%20fill-opacity%3D%220%22%2F%3E%3C%2Fsvg%3E\" data-srcset=\"https:\/\/ni-mech.com\/wp-content\/uploads\/2026\/01\/Newleda-10-1-12x12.jpg 12w, https:\/\/ni-mech.com\/wp-content\/uploads\/2026\/01\/Newleda-10-1-66x66.jpg 66w, https:\/\/ni-mech.com\/wp-content\/uploads\/2026\/01\/Newleda-10-1-150x150.jpg 150w, https:\/\/ni-mech.com\/wp-content\/uploads\/2026\/01\/Newleda-10-1-200x200.jpg 200w, https:\/\/ni-mech.com\/wp-content\/uploads\/2026\/01\/Newleda-10-1-300x300.jpg 300w, https:\/\/ni-mech.com\/wp-content\/uploads\/2026\/01\/Newleda-10-1-400x400.jpg 400w, https:\/\/ni-mech.com\/wp-content\/uploads\/2026\/01\/Newleda-10-1-500x500.jpg 500w, https:\/\/ni-mech.com\/wp-content\/uploads\/2026\/01\/Newleda-10-1-600x600.jpg 600w, https:\/\/ni-mech.com\/wp-content\/uploads\/2026\/01\/Newleda-10-1-700x700.jpg 700w, https:\/\/ni-mech.com\/wp-content\/uploads\/2026\/01\/Newleda-10-1-768x768.jpg 768w, https:\/\/ni-mech.com\/wp-content\/uploads\/2026\/01\/Newleda-10-1-800x800.jpg 800w, https:\/\/ni-mech.com\/wp-content\/uploads\/2026\/01\/Newleda-10-1.jpg 1000w\" data-sizes=\"auto\" data-orig-sizes=\"(max-width: 1000px) 100vw, 1000px\" \/><\/td>\n<td style=\"width: 50%;\">\n<ul>\n<li data-start=\"763\" data-end=\"817\">\n<p data-start=\"765\" data-end=\"817\"><span style=\"font-family: arial, helvetica, sans-serif; font-size: 10pt;\"><strong data-start=\"765\" data-end=\"787\">C\u00e1c \u0111\u1ed9ng c\u01a1 \u00e1p d\u1ee5ng:<\/strong> \u0110\u1ed9ng c\u01a1 gimbal, \u0111\u1ed9ng c\u01a1 ngu\u1ed3n<\/span><\/p>\n<\/li>\n<li data-start=\"818\" data-end=\"852\">\n<p data-start=\"820\" data-end=\"852\"><span style=\"font-family: arial, helvetica, sans-serif; font-size: 10pt;\"><strong data-start=\"820\" data-end=\"835\">Th\u1eddi gian chu k\u1ef3:<\/strong> 4\u20138 gi\u00e2y m\u1ed7i \u0111\u01a1n v\u1ecb<\/span><\/p>\n<\/li>\n<li data-start=\"853\" data-end=\"886\">\n<p data-start=\"855\" data-end=\"886\"><span style=\"font-family: arial, helvetica, sans-serif; font-size: 10pt;\"><strong data-start=\"855\" data-end=\"877\">T\u1ef7 l\u1ec7 \u0111\u1ed7 (hi\u1ec7u su\u1ea5t):<\/strong> \u226599,81% TP3T<\/span><\/p>\n<\/li>\n<li data-start=\"887\" data-end=\"941\">\n<p data-start=\"889\" data-end=\"941\"><span style=\"font-family: arial, helvetica, sans-serif; font-size: 10pt;\"><strong data-start=\"889\" data-end=\"932\">L\u1eafp \u0111\u1eb7t b\u1ed9 ph\u1eadn c\u1ed1 \u0111\u1ecbnh v\u00e0 v\u1ecf rotor:<\/strong> H\u01b0\u1edbng d\u1eabn s\u1eed d\u1ee5ng<\/span><\/p>\n<\/li>\n<li data-start=\"942\" data-end=\"974\">\n<p data-start=\"944\" data-end=\"974\"><span style=\"font-family: arial, helvetica, sans-serif; font-size: 10pt;\"><strong data-start=\"944\" data-end=\"965\">K\u00edch th\u01b0\u1edbc m\u00e0n h\u00ecnh c\u1ea3m \u1ee9ng:<\/strong> 7 inch<\/span><\/p>\n<\/li>\n<li data-start=\"975\" data-end=\"1024\">\n<p data-start=\"977\" data-end=\"1024\"><span style=\"font-family: arial, helvetica, sans-serif; font-size: 10pt;\"><strong data-start=\"977\" data-end=\"1000\">K\u00edch th\u01b0\u1edbc m\u00e1y:<\/strong> Chi\u1ec1u r\u1ed9ng 450 mm \u00d7 Chi\u1ec1u d\u00e0i 440 mm \u00d7 Chi\u1ec1u cao 300 mm<\/span><\/p>\n<\/li>\n<li data-start=\"1025\" data-end=\"1054\">\n<p data-start=\"1027\" data-end=\"1054\"><span style=\"font-family: arial, helvetica, sans-serif; font-size: 10pt;\"><strong data-start=\"1027\" data-end=\"1046\">Tr\u1ecdng l\u01b0\u1ee3ng m\u00e1y:<\/strong> 35 kg<\/span><\/p>\n<\/li>\n<\/ul>\n<\/td>\n<\/tr>\n<\/tbody>\n<\/table>","protected":false},"excerpt":{"rendered":"<p data-start=\"75\" data-end=\"97\"><strong><span style=\"font-family: arial, helvetica, sans-serif; font-size: 13pt;\">T\u00ednh n\u0103ng c\u1ee7a thi\u1ebft b\u1ecb<\/span><\/strong><\/p>\n<p data-start=\"154\" data-end=\"278\"><span style=\"font-family: arial, helvetica, sans-serif; font-size: 10pt;\">M\u00e1y l\u1eafp nam ch\u00e2m rotor \u0111\u1ed9ng c\u01a1 t\u1ef1 \u0111\u1ed9ng \u0111\u01b0\u1ee3c thi\u1ebft k\u1ebf \u0111\u1ec3 <strong data-start=\"221\" data-end=\"277\">\u0110\u1eb7t nam ch\u00e2m t\u1ef1 \u0111\u1ed9ng tr\u00ean r\u00f4-to c\u1ee7a \u0111\u1ed9ng c\u01a1 kh\u00f4ng ch\u1ed5i than<\/strong>.<\/span><\/p>\n<ol data-start=\"280\" data-end=\"658\">\n<li data-start=\"280\" data-end=\"383\">\n<p data-start=\"283\" data-end=\"383\"><span style=\"font-family: arial, helvetica, sans-serif; font-size: 10pt;\"><strong data-start=\"283\" data-end=\"321\">C\u01a1 ch\u1ebf \u0111\u1eb7t ch\u00ednh x\u00e1c cao<\/strong> \u0110\u1ea3m b\u1ea3o vi\u1ec7c l\u1eafp \u0111\u1eb7t nam ch\u00e2m v\u00e0o rotor m\u1ed9t c\u00e1ch nhanh ch\u00f3ng v\u00e0 \u1ed5n \u0111\u1ecbnh.<\/span><\/p>\n<\/li>\n<li data-start=\"384\" data-end=\"463\">\n<p data-start=\"387\" data-end=\"463\"><span style=\"font-family: arial, helvetica, sans-serif; font-size: 10pt;\"><strong data-start=\"387\" data-end=\"431\">C\u00e1c m\u00f4-\u0111un truy\u1ec1n \u0111\u1ed9ng v\u00e0 l\u1eafp \u0111\u1eb7t ti\u00eau chu\u1ea9n<\/strong> Cho ph\u00e9p chuy\u1ec3n \u0111\u1ed5i m\u00f4 h\u00ecnh nhanh ch\u00f3ng<\/span><\/p>\n<\/li>\n<li data-start=\"464\" data-end=\"557\">\n<p data-start=\"467\" data-end=\"557\"><span style=\"font-family: arial, helvetica, sans-serif; font-size: 10pt;\">\u0110\u01b0\u1ee3c trang b\u1ecb m\u1ed9t <strong data-start=\"483\" data-end=\"508\">Giao di\u1ec7n c\u1ea3m \u1ee9ng<\/strong> \u0110\u1ec3 d\u1ec5 d\u00e0ng v\u1eadn h\u00e0nh, b\u1ea3o tr\u00ec v\u00e0 g\u1ee1 l\u1ed7i.<\/span><\/p>\n<\/li>\n<li data-start=\"558\" data-end=\"658\">\n<p data-start=\"561\" data-end=\"658\"><span style=\"font-family: arial, helvetica, sans-serif; font-size: 10pt;\">S\u1ef1 ph\u00f3ng th\u00edch nam ch\u00e2m \u0111\u01b0\u1ee3c \u0111i\u1ec1u khi\u1ec3n b\u1edfi m\u1ed9t <strong data-start=\"592\" data-end=\"609\">\u0111\u1ed9ng c\u01a1 b\u01b0\u1edbc<\/strong>, \u0111\u1ea3m b\u1ea3o ho\u1ea1t \u0111\u1ed9ng \u1ed5n \u0111\u1ecbnh v\u00e0 hi\u1ec7u su\u1ea5t cao.<\/span><\/p>\n<\/li>\n<\/ol>\n<p>&nbsp;<\/p>","protected":false},"featured_media":3591,"comment_status":"open","ping_status":"closed","template":"","meta":{"_acf_changed":false},"product_brand":[],"product_cat":[159],"product_tag":[],"class_list":{"0":"post-3590","1":"product","2":"type-product","3":"status-publish","4":"has-post-thumbnail","6":"product_cat-uav-equipment","8":"first","9":"instock","10":"shipping-taxable","11":"product-type-simple"},"acf":[],"_links":{"self":[{"href":"https:\/\/ni-mech.com\/vi\/wp-json\/wp\/v2\/product\/3590","targetHints":{"allow":["GET"]}}],"collection":[{"href":"https:\/\/ni-mech.com\/vi\/wp-json\/wp\/v2\/product"}],"about":[{"href":"https:\/\/ni-mech.com\/vi\/wp-json\/wp\/v2\/types\/product"}],"replies":[{"embeddable":true,"href":"https:\/\/ni-mech.com\/vi\/wp-json\/wp\/v2\/comments?post=3590"}],"wp:featuredmedia":[{"embeddable":true,"href":"https:\/\/ni-mech.com\/vi\/wp-json\/wp\/v2\/media\/3591"}],"wp:attachment":[{"href":"https:\/\/ni-mech.com\/vi\/wp-json\/wp\/v2\/media?parent=3590"}],"wp:term":[{"taxonomy":"product_brand","embeddable":true,"href":"https:\/\/ni-mech.com\/vi\/wp-json\/wp\/v2\/product_brand?post=3590"},{"taxonomy":"product_cat","embeddable":true,"href":"https:\/\/ni-mech.com\/vi\/wp-json\/wp\/v2\/product_cat?post=3590"},{"taxonomy":"product_tag","embeddable":true,"href":"https:\/\/ni-mech.com\/vi\/wp-json\/wp\/v2\/product_tag?post=3590"}],"curies":[{"name":"wp","href":"https:\/\/api.w.org\/{rel}","templated":true}]}}