{"id":3588,"date":"2026-01-26T02:16:02","date_gmt":"2026-01-26T02:16:02","guid":{"rendered":"https:\/\/ni-mech.com\/?post_type=product&#038;p=3588"},"modified":"2026-01-26T14:08:32","modified_gmt":"2026-01-26T14:08:32","slug":"he-thong-hieu-chuan-imu","status":"publish","type":"product","link":"https:\/\/ni-mech.com\/vi\/san-pham\/he-thong-hieu-chuan-imu\/","title":{"rendered":"H\u1ec7 th\u1ed1ng hi\u1ec7u chu\u1ea9n IMU\uff5c M\u00e1y hi\u1ec7u chu\u1ea9n IMU cho to\u00e0n b\u1ed9 m\u00e1y bay kh\u00f4ng ng\u01b0\u1eddi l\u00e1i (UAV)"},"content":{"rendered":"<p><span style=\"font-family: arial, helvetica, sans-serif;\"><strong data-start=\"589\" data-end=\"616\">C\u1ea5u h\u00ecnh ti\u00eau chu\u1ea9n:<\/strong><\/span><\/p>\n<p>\u0110\u1ed9ng c\u01a1 servo Panasonic \/ h\u1ed9p s\u1ed1 ch\u00ednh x\u00e1c cao \/ v\u00f2ng tr\u01b0\u1ee3t b\u1eb1ng kim lo\u1ea1i qu\u00fd \/ h\u1ec7 th\u1ed1ng \u0111i\u1ec1u khi\u1ec3n d\u1ef1a tr\u00ean m\u00e1y t\u00ednh<\/p>\n<table style=\"border-collapse: collapse; width: 100%;\">\n<tbody>\n<tr>\n<td style=\"width: 50%;\"><img decoding=\"async\" class=\"lazyload alignnone wp-image-3575 size-full\" src=\"https:\/\/ni-mech.com\/wp-content\/uploads\/2026\/01\/Newleda-9.jpg\" data-orig-src=\"https:\/\/ni-mech.com\/wp-content\/uploads\/2026\/01\/Newleda-9.jpg\" alt=\"\" width=\"1000\" height=\"1000\" srcset=\"data:image\/svg+xml,%3Csvg%20xmlns%3D%27http%3A%2F%2Fwww.w3.org%2F2000%2Fsvg%27%20width%3D%271000%27%20height%3D%271000%27%20viewBox%3D%270%200%201000%201000%27%3E%3Crect%20width%3D%271000%27%20height%3D%271000%27%20fill-opacity%3D%220%22%2F%3E%3C%2Fsvg%3E\" data-srcset=\"https:\/\/ni-mech.com\/wp-content\/uploads\/2026\/01\/Newleda-9-12x12.jpg 12w, https:\/\/ni-mech.com\/wp-content\/uploads\/2026\/01\/Newleda-9-66x66.jpg 66w, https:\/\/ni-mech.com\/wp-content\/uploads\/2026\/01\/Newleda-9-150x150.jpg 150w, https:\/\/ni-mech.com\/wp-content\/uploads\/2026\/01\/Newleda-9-200x200.jpg 200w, https:\/\/ni-mech.com\/wp-content\/uploads\/2026\/01\/Newleda-9-300x300.jpg 300w, https:\/\/ni-mech.com\/wp-content\/uploads\/2026\/01\/Newleda-9-400x400.jpg 400w, https:\/\/ni-mech.com\/wp-content\/uploads\/2026\/01\/Newleda-9-500x500.jpg 500w, https:\/\/ni-mech.com\/wp-content\/uploads\/2026\/01\/Newleda-9-600x600.jpg 600w, https:\/\/ni-mech.com\/wp-content\/uploads\/2026\/01\/Newleda-9-700x700.jpg 700w, https:\/\/ni-mech.com\/wp-content\/uploads\/2026\/01\/Newleda-9-768x768.jpg 768w, https:\/\/ni-mech.com\/wp-content\/uploads\/2026\/01\/Newleda-9-800x800.jpg 800w, https:\/\/ni-mech.com\/wp-content\/uploads\/2026\/01\/Newleda-9.jpg 1000w\" data-sizes=\"auto\" data-orig-sizes=\"(max-width: 1000px) 100vw, 1000px\" \/><\/td>\n<td style=\"width: 50%;\">\n<ul>\n<li data-start=\"1050\" data-end=\"1097\">\n<p data-start=\"1052\" data-end=\"1097\"><span style=\"font-family: arial, helvetica, sans-serif; font-size: 10pt;\"><strong data-start=\"1052\" data-end=\"1084\">\u0110\u1ed9 ch\u00ednh x\u00e1c \u0111\u1ecbnh v\u1ecb l\u1eb7p l\u1ea1i:<\/strong> \u00b110 gi\u00e2y cung<\/span><\/p>\n<\/li>\n<li data-start=\"1098\" data-end=\"1131\">\n<p data-start=\"1100\" data-end=\"1131\"><span style=\"font-family: arial, helvetica, sans-serif; font-size: 10pt;\"><strong data-start=\"1100\" data-end=\"1119\">T\u1ed1c \u0111\u1ed9 quay:<\/strong> 0\u20132,5 v\u00f2ng\/ph\u00fat<\/span><\/p>\n<\/li>\n<li data-start=\"1132\" data-end=\"1193\">\n<p data-start=\"1134\" data-end=\"1193\"><span style=\"font-family: arial, helvetica, sans-serif; font-size: 10pt;\"><strong data-start=\"1134\" data-end=\"1158\">K\u00edch th\u01b0\u1edbc s\u1ea3n ph\u1ea9m \u0111\u00e3 \u0111\u01b0\u1ee3c ki\u1ec3m tra:<\/strong> trong <strong data-start=\"1166\" data-end=\"1191\">R\u1ed9ng 100 \u00d7 D\u00e0i 200 \u00d7 Cao 100 mm<\/strong><\/span><\/p>\n<\/li>\n<li data-start=\"1194\" data-end=\"1239\">\n<p data-start=\"1196\" data-end=\"1239\"><span style=\"font-family: arial, helvetica, sans-serif; font-size: 10pt;\"><strong data-start=\"1196\" data-end=\"1227\">S\u1ed1 l\u01b0\u1ee3ng m\u1eabu th\u1eed \u0111\u1ed3ng th\u1eddi:<\/strong> 1\u20136 \u0111\u01a1n v\u1ecb<\/span><\/p>\n<\/li>\n<li data-start=\"1240\" data-end=\"1282\">\n<p data-start=\"1242\" data-end=\"1282\"><span style=\"font-family: arial, helvetica, sans-serif; font-size: 10pt;\"><strong data-start=\"1242\" data-end=\"1260\">Ch\u1ebf \u0111\u1ed9 xoay:<\/strong> Xoay li\u00ean t\u1ee5c<\/span><\/p>\n<\/li>\n<li data-start=\"1283\" data-end=\"1323\">\n<p data-start=\"1285\" data-end=\"1323\"><span style=\"font-family: arial, helvetica, sans-serif; font-size: 10pt;\"><strong data-start=\"1285\" data-end=\"1304\">H\u1ec7 th\u1ed1ng \u0111i\u1ec1u khi\u1ec3n:<\/strong> \u0110i\u1ec1u khi\u1ec3n d\u1ef1a tr\u00ean m\u00e1y t\u00ednh<\/span><\/p>\n<\/li>\n<li data-start=\"1324\" data-end=\"1378\">\n<p data-start=\"1326\" data-end=\"1378\"><span style=\"font-family: arial, helvetica, sans-serif; font-size: 10pt;\"><strong data-start=\"1326\" data-end=\"1349\">K\u00edch th\u01b0\u1edbc m\u00e1y:<\/strong> <strong data-start=\"1350\" data-end=\"1376\">D\u00e0i 650 \u00d7 R\u1ed9ng 650 \u00d7 Cao 1200 mm<\/strong><\/span><\/p>\n<\/li>\n<li data-start=\"1379\" data-end=\"1413\">\n<p data-start=\"1381\" data-end=\"1413\"><span style=\"font-family: arial, helvetica, sans-serif; font-size: 10pt;\"><strong data-start=\"1381\" data-end=\"1400\">Tr\u1ecdng l\u01b0\u1ee3ng m\u00e1y:<\/strong> <strong data-start=\"1401\" data-end=\"1411\">200 kg<\/strong><\/span><\/p>\n<\/li>\n<li data-start=\"1414\" data-end=\"1461\">\n<p data-start=\"1416\" data-end=\"1461\"><span style=\"font-family: arial, helvetica, sans-serif; font-size: 10pt;\"><strong data-start=\"1416\" data-end=\"1429\">Ph\u1ea7n m\u1ec1m:<\/strong> H\u1ec7 th\u1ed1ng ti\u00eau chu\u1ea9n kh\u00f4ng c\u1ea7n ph\u1ea7n m\u1ec1m<\/span><\/p>\n<\/li>\n<\/ul>\n<\/td>\n<\/tr>\n<\/tbody>\n<\/table>","protected":false},"excerpt":{"rendered":"<p data-start=\"75\" data-end=\"97\"><strong><span style=\"font-family: arial, helvetica, sans-serif; font-size: 13pt;\">T\u00ednh n\u0103ng c\u1ee7a thi\u1ebft b\u1ecb<\/span><\/strong><\/p>\n<p data-start=\"150\" data-end=\"491\"><span style=\"font-family: arial, helvetica, sans-serif; font-size: 10pt;\">M\u00e1y hi\u1ec7u chu\u1ea9n IMU to\u00e0n b\u1ed9 thi\u1ebft b\u1ecb \u0111\u01b0\u1ee3c thi\u1ebft k\u1ebf \u0111\u1ec3 <strong data-start=\"208\" data-end=\"271\">Hi\u1ec7u chu\u1ea9n t\u01b0 th\u1ebf v\u00e0 gia t\u1ed1c s\u00e1u tr\u1ee5c c\u1ee7a chip IMU<\/strong> trong <strong data-start=\"275\" data-end=\"315\">M\u00e1y bay kh\u00f4ng ng\u01b0\u1eddi l\u00e1i (UAV) v\u00e0 c\u00e1c thi\u1ebft b\u1ecb \u0111\u1ea7u cu\u1ed1i th\u00f4ng minh kh\u00e1c<\/strong>. M\u1ee5c ti\u00eau c\u1ee7a n\u00f3 l\u00e0 nh\u1eb1m c\u1ea3i thi\u1ec7n <strong data-start=\"340\" data-end=\"396\">\u0111\u1ed9 \u1ed5n \u0111\u1ecbnh v\u00e0 t\u00ednh nh\u1ea5t qu\u00e1n c\u1ee7a k\u1ebft qu\u1ea3 hi\u1ec7u chu\u1ea9n IMU<\/strong> v\u00e0 th\u01b0\u1eddng \u0111\u01b0\u1ee3c s\u1eed d\u1ee5ng nh\u01b0 l\u00e0 <strong data-start=\"426\" data-end=\"490\">Quy tr\u00ecnh hi\u1ec7u chu\u1ea9n v\u00e0 ki\u1ec3m tra IMU cu\u1ed1i c\u00f9ng tr\u01b0\u1edbc khi xu\u1ea5t x\u01b0\u1edfng<\/strong>.<\/span><\/p>\n<ol data-start=\"493\" data-end=\"892\">\n<li data-start=\"493\" data-end=\"576\">\n<p data-start=\"496\" data-end=\"576\"><span style=\"font-family: arial, helvetica, sans-serif; font-size: 10pt;\"><strong data-start=\"496\" data-end=\"539\">\u0110\u1ed9ng c\u01a1 servo k\u1ebft h\u1ee3p v\u1edbi h\u1ed9p s\u1ed1 gi\u1ea3m t\u1ed1c \u0111\u1ed9 ch\u00ednh x\u00e1c cao<\/strong> \u0111\u1ea3m b\u1ea3o chuy\u1ec3n \u0111\u1ed9ng ch\u00ednh x\u00e1c v\u00e0 \u1ed5n \u0111\u1ecbnh<\/span><\/p>\n<\/li>\n<li data-start=\"577\" data-end=\"710\">\n<p data-start=\"580\" data-end=\"710\"><span style=\"font-family: arial, helvetica, sans-serif; font-size: 10pt;\">H\u1ec7 th\u1ed1ng \u0111i\u1ec1u khi\u1ec3n k\u1ebft h\u1ee3p <strong data-start=\"605\" data-end=\"628\">m\u00e1y t\u00ednh c\u00f4ng nghi\u1ec7p (IPC)<\/strong> v\u00e0 <strong data-start=\"633\" data-end=\"667\">b\u1ed9 \u0111i\u1ec1u khi\u1ec3n chuy\u1ec3n \u0111\u1ed9ng t\u1ed1c \u0111\u1ed9 cao<\/strong>, \u0111\u1ea3m b\u1ea3o t\u00ednh \u1ed5n \u0111\u1ecbnh v\u00e0 \u0111\u1ed9 ch\u00ednh x\u00e1c c\u1ee7a h\u1ec7 th\u1ed1ng<\/span><\/p>\n<\/li>\n<li data-start=\"711\" data-end=\"822\">\n<p data-start=\"714\" data-end=\"822\"><span style=\"font-family: arial, helvetica, sans-serif; font-size: 10pt;\"><strong data-start=\"714\" data-end=\"770\">V\u00f2ng tr\u01b0\u1ee3t \u0111i\u1ec7n t\u1eed b\u1eb1ng kim lo\u1ea1i qu\u00fd hi\u1ec7u su\u1ea5t cao<\/strong> \u0111\u1ea3m b\u1ea3o ho\u1ea1t \u0111\u1ed9ng \u1ed5n \u0111\u1ecbnh v\u00e0 tu\u1ed5i th\u1ecd cao<\/span><\/p>\n<\/li>\n<li data-start=\"823\" data-end=\"892\">\n<p data-start=\"826\" data-end=\"892\"><span style=\"font-family: arial, helvetica, sans-serif; font-size: 10pt;\">H\u1ed7 tr\u1ee3 k\u1ebft n\u1ed1i v\u1edbi <strong data-start=\"849\" data-end=\"856\">H\u1ec7 th\u1ed1ng Qu\u1ea3n l\u00fd S\u1ea3n xu\u1ea5t (MES)<\/strong> v\u00e0 c\u00e1c h\u1ec7 th\u1ed1ng x\u1eed l\u00fd d\u1eef li\u1ec7u kh\u00e1c<\/span><\/p>\n<\/li>\n<\/ol>\n<p>&nbsp;<\/p>","protected":false},"featured_media":3575,"comment_status":"open","ping_status":"closed","template":"","meta":{"_acf_changed":false},"product_brand":[],"product_cat":[159],"product_tag":[],"class_list":{"0":"post-3588","1":"product","2":"type-product","3":"status-publish","4":"has-post-thumbnail","6":"product_cat-uav-equipment","8":"first","9":"instock","10":"shipping-taxable","11":"product-type-simple"},"acf":[],"_links":{"self":[{"href":"https:\/\/ni-mech.com\/vi\/wp-json\/wp\/v2\/product\/3588","targetHints":{"allow":["GET"]}}],"collection":[{"href":"https:\/\/ni-mech.com\/vi\/wp-json\/wp\/v2\/product"}],"about":[{"href":"https:\/\/ni-mech.com\/vi\/wp-json\/wp\/v2\/types\/product"}],"replies":[{"embeddable":true,"href":"https:\/\/ni-mech.com\/vi\/wp-json\/wp\/v2\/comments?post=3588"}],"wp:featuredmedia":[{"embeddable":true,"href":"https:\/\/ni-mech.com\/vi\/wp-json\/wp\/v2\/media\/3575"}],"wp:attachment":[{"href":"https:\/\/ni-mech.com\/vi\/wp-json\/wp\/v2\/media?parent=3588"}],"wp:term":[{"taxonomy":"product_brand","embeddable":true,"href":"https:\/\/ni-mech.com\/vi\/wp-json\/wp\/v2\/product_brand?post=3588"},{"taxonomy":"product_cat","embeddable":true,"href":"https:\/\/ni-mech.com\/vi\/wp-json\/wp\/v2\/product_cat?post=3588"},{"taxonomy":"product_tag","embeddable":true,"href":"https:\/\/ni-mech.com\/vi\/wp-json\/wp\/v2\/product_tag?post=3588"}],"curies":[{"name":"wp","href":"https:\/\/api.w.org\/{rel}","templated":true}]}}