{"id":3587,"date":"2026-01-26T02:10:34","date_gmt":"2026-01-26T02:10:34","guid":{"rendered":"https:\/\/ni-mech.com\/?post_type=product&#038;p=3587"},"modified":"2026-01-26T14:07:59","modified_gmt":"2026-01-26T14:07:59","slug":"he-thong-hieu-chuan-imu-tien-tien","status":"publish","type":"product","link":"https:\/\/ni-mech.com\/vi\/san-pham\/he-thong-hieu-chuan-imu-tien-tien\/","title":{"rendered":"H\u1ec7 th\u1ed1ng hi\u1ec7u chu\u1ea9n IMU cao c\u1ea5p\uff5c M\u00e1y hi\u1ec7u chu\u1ea9n IMU \u0111\u01a1n bo m\u1ea1ch cao c\u1ea5p"},"content":{"rendered":"<p><span style=\"font-family: arial, helvetica, sans-serif;\"><strong data-start=\"589\" data-end=\"616\">C\u1ea5u h\u00ecnh ti\u00eau chu\u1ea9n:<\/strong><\/span><\/p>\n<p>&nbsp;<\/p>\n<table style=\"border-collapse: collapse; width: 100%;\">\n<tbody>\n<tr>\n<td style=\"width: 50%;\"><img decoding=\"async\" class=\"lazyload alignnone wp-image-3574 size-full\" src=\"https:\/\/ni-mech.com\/wp-content\/uploads\/2026\/01\/Newleda-8.jpg\" data-orig-src=\"https:\/\/ni-mech.com\/wp-content\/uploads\/2026\/01\/Newleda-8.jpg\" alt=\"M\u00e1y hi\u1ec7u chu\u1ea9n bo m\u1ea1ch \u0111\u01a1n IMU ti\u00ean ti\u1ebfn\" width=\"1000\" height=\"1000\" srcset=\"data:image\/svg+xml,%3Csvg%20xmlns%3D%27http%3A%2F%2Fwww.w3.org%2F2000%2Fsvg%27%20width%3D%271000%27%20height%3D%271000%27%20viewBox%3D%270%200%201000%201000%27%3E%3Crect%20width%3D%271000%27%20height%3D%271000%27%20fill-opacity%3D%220%22%2F%3E%3C%2Fsvg%3E\" data-srcset=\"https:\/\/ni-mech.com\/wp-content\/uploads\/2026\/01\/Newleda-8-12x12.jpg 12w, https:\/\/ni-mech.com\/wp-content\/uploads\/2026\/01\/Newleda-8-66x66.jpg 66w, https:\/\/ni-mech.com\/wp-content\/uploads\/2026\/01\/Newleda-8-150x150.jpg 150w, https:\/\/ni-mech.com\/wp-content\/uploads\/2026\/01\/Newleda-8-200x200.jpg 200w, https:\/\/ni-mech.com\/wp-content\/uploads\/2026\/01\/Newleda-8-300x300.jpg 300w, https:\/\/ni-mech.com\/wp-content\/uploads\/2026\/01\/Newleda-8-400x400.jpg 400w, https:\/\/ni-mech.com\/wp-content\/uploads\/2026\/01\/Newleda-8-500x500.jpg 500w, https:\/\/ni-mech.com\/wp-content\/uploads\/2026\/01\/Newleda-8-600x600.jpg 600w, https:\/\/ni-mech.com\/wp-content\/uploads\/2026\/01\/Newleda-8-700x700.jpg 700w, https:\/\/ni-mech.com\/wp-content\/uploads\/2026\/01\/Newleda-8-768x768.jpg 768w, https:\/\/ni-mech.com\/wp-content\/uploads\/2026\/01\/Newleda-8-800x800.jpg 800w, https:\/\/ni-mech.com\/wp-content\/uploads\/2026\/01\/Newleda-8.jpg 1000w\" data-sizes=\"auto\" data-orig-sizes=\"(max-width: 1000px) 100vw, 1000px\" \/><\/td>\n<td style=\"width: 50%;\">\n<ul>\n<li data-start=\"1258\" data-end=\"1378\">\n<p data-start=\"1260\" data-end=\"1286\"><span style=\"font-family: arial, helvetica, sans-serif; font-size: 10pt;\"><strong data-start=\"1260\" data-end=\"1284\">\u0110\u1ed9 ch\u00ednh x\u00e1c quay:<\/strong><\/span><\/p>\n<ul data-start=\"1289\" data-end=\"1378\">\n<li data-start=\"1289\" data-end=\"1335\">\n<p data-start=\"1291\" data-end=\"1335\"><span style=\"font-family: arial, helvetica, sans-serif; font-size: 10pt;\">\u0110\u1ed9 ch\u00ednh x\u00e1c \u0111\u1ecbnh v\u1ecb l\u1eb7p l\u1ea1i: <strong data-start=\"1320\" data-end=\"1333\">\u00b13 gi\u00e2y cung<\/strong><\/span><\/p>\n<\/li>\n<li data-start=\"1338\" data-end=\"1378\">\n<p data-start=\"1340\" data-end=\"1378\"><span style=\"font-family: arial, helvetica, sans-serif; font-size: 10pt;\">\u0110\u1ed9 ch\u00ednh x\u00e1c \u0111\u1ecbnh v\u1ecb: <strong data-start=\"1362\" data-end=\"1376\">\u00b125 gi\u00e2y cung<\/strong><\/span><\/p>\n<\/li>\n<\/ul>\n<\/li>\n<li data-start=\"1379\" data-end=\"1416\">\n<p data-start=\"1381\" data-end=\"1416\"><span style=\"font-family: arial, helvetica, sans-serif; font-size: 10pt;\"><strong data-start=\"1381\" data-end=\"1400\">T\u1ed1c \u0111\u1ed9 quay:<\/strong> <strong data-start=\"1401\" data-end=\"1414\">0\u20132,5 v\u00f2ng\/ph\u00fat<\/strong><\/span><\/p>\n<\/li>\n<li data-start=\"1417\" data-end=\"1467\">\n<p data-start=\"1419\" data-end=\"1467\"><span style=\"font-family: arial, helvetica, sans-serif; font-size: 10pt;\"><strong data-start=\"1419\" data-end=\"1442\">K\u00edch th\u01b0\u1edbc khung gi\u00e1 \u0111\u1ee1:<\/strong> <strong data-start=\"1443\" data-end=\"1465\">280 \u00d7 300 \u00d7 300 mm<\/strong><\/span><\/p>\n<\/li>\n<li data-start=\"1468\" data-end=\"1519\">\n<p data-start=\"1470\" data-end=\"1519\"><span style=\"font-family: arial, helvetica, sans-serif; font-size: 10pt;\"><strong data-start=\"1470\" data-end=\"1493\">Dung l\u01b0\u1ee3ng b\u1ea3ng m\u1ea1ch IMU:<\/strong> <strong data-start=\"1494\" data-end=\"1517\">6 t\u1ea5m \u00d7 6 l\u1edbp<\/strong><\/span><\/p>\n<\/li>\n<li data-start=\"1520\" data-end=\"1600\">\n<p data-start=\"1522\" data-end=\"1600\"><span style=\"font-family: arial, helvetica, sans-serif; font-size: 10pt;\"><strong data-start=\"1522\" data-end=\"1541\">K\u00edch th\u01b0\u1edbc b\u1ea3ng m\u1ea1ch IMU:<\/strong> \u2264 <strong data-start=\"1544\" data-end=\"1558\">50 \u00d7 50 mm<\/strong> (ho\u1eb7c gi\u1ea3m s\u1ed1 l\u01b0\u1ee3ng \u0111\u1ed1i v\u1edbi c\u00e1c b\u1ea3ng m\u1ea1ch l\u1edbn h\u01a1n)<\/span><\/p>\n<\/li>\n<li data-start=\"1601\" data-end=\"1643\">\n<p data-start=\"1603\" data-end=\"1643\"><span style=\"font-family: arial, helvetica, sans-serif; font-size: 10pt;\"><strong data-start=\"1603\" data-end=\"1621\">Ch\u1ebf \u0111\u1ed9 xoay:<\/strong> Xoay li\u00ean t\u1ee5c<\/span><\/p>\n<\/li>\n<li data-start=\"1644\" data-end=\"1684\">\n<p data-start=\"1646\" data-end=\"1684\"><span style=\"font-family: arial, helvetica, sans-serif; font-size: 10pt;\"><strong data-start=\"1646\" data-end=\"1665\">H\u1ec7 th\u1ed1ng \u0111i\u1ec1u khi\u1ec3n:<\/strong> \u0110i\u1ec1u khi\u1ec3n d\u1ef1a tr\u00ean m\u00e1y t\u00ednh<\/span><\/p>\n<\/li>\n<li data-start=\"1685\" data-end=\"1741\">\n<p data-start=\"1687\" data-end=\"1741\"><span style=\"font-family: arial, helvetica, sans-serif; font-size: 10pt;\"><strong data-start=\"1687\" data-end=\"1710\">K\u00edch th\u01b0\u1edbc m\u00e1y:<\/strong> <strong data-start=\"1711\" data-end=\"1739\">D\u00e0i 1600 \u00d7 R\u1ed9ng 1600 \u00d7 Cao 2200 mm<\/strong><\/span><\/p>\n<\/li>\n<li data-start=\"1742\" data-end=\"1777\">\n<p data-start=\"1744\" data-end=\"1777\"><span style=\"font-family: arial, helvetica, sans-serif; font-size: 10pt;\"><strong data-start=\"1744\" data-end=\"1763\">Tr\u1ecdng l\u01b0\u1ee3ng m\u00e1y:<\/strong> <strong data-start=\"1764\" data-end=\"1775\">1000 kg<\/strong><\/span><\/p>\n<\/li>\n<li data-start=\"1778\" data-end=\"1825\">\n<p data-start=\"1780\" data-end=\"1825\"><span style=\"font-family: arial, helvetica, sans-serif; font-size: 10pt;\"><strong data-start=\"1780\" data-end=\"1793\">Ph\u1ea7n m\u1ec1m:<\/strong> H\u1ec7 th\u1ed1ng ti\u00eau chu\u1ea9n kh\u00f4ng c\u1ea7n ph\u1ea7n m\u1ec1m<\/span><\/p>\n<\/li>\n<\/ul>\n<\/td>\n<\/tr>\n<\/tbody>\n<\/table>","protected":false},"excerpt":{"rendered":"<p data-start=\"75\" data-end=\"97\"><strong><span style=\"font-family: arial, helvetica, sans-serif; font-size: 13pt;\">T\u00ednh n\u0103ng c\u1ee7a thi\u1ebft b\u1ecb<\/span><\/strong><\/p>\n<p data-start=\"152\" data-end=\"445\"><span style=\"font-family: arial, helvetica, sans-serif; font-size: 10pt;\">M\u00e1y hi\u1ec7u chu\u1ea9n IMU ti\u00ean ti\u1ebfn \u0111\u01b0\u1ee3c thi\u1ebft k\u1ebf \u0111\u1ec3 <strong data-start=\"205\" data-end=\"248\">hi\u1ec7u chu\u1ea9n \u0111\u1ed9 ch\u00ednh x\u00e1c cao cho chip IMU<\/strong>, gi\u00fap c\u1ea3i thi\u1ec7n \u0111\u00e1ng k\u1ec3 \u0111\u1ed9 ch\u00ednh x\u00e1c c\u1ee7a qu\u00e1 tr\u00ecnh hi\u1ec7u chu\u1ea9n <strong data-start=\"286\" data-end=\"312\">\u0111\u1ed9 ch\u00ednh x\u00e1c v\u00e0 \u0111\u1ed9 ch\u00ednh x\u00e1c<\/strong>. Thi\u1ebft b\u1ecb n\u00e0y th\u01b0\u1eddng \u0111\u01b0\u1ee3c s\u1eed d\u1ee5ng trong c\u00e1c \u1ee9ng d\u1ee5ng c\u00f3 y\u00eau c\u1ea7u cao v\u1ec1 c\u1ea3m bi\u1ebfn t\u01b0 th\u1ebf, ch\u1eb3ng h\u1ea1n nh\u01b0 <strong data-start=\"400\" data-end=\"444\">m\u00e1y bay kh\u00f4ng ng\u01b0\u1eddi l\u00e1i, robot v\u00e0 c\u00e1c thi\u1ebft b\u1ecb nh\u00e0 th\u00f4ng minh<\/strong>.<\/span><\/p>\n<ol data-start=\"447\" data-end=\"1029\">\n<li data-start=\"447\" data-end=\"559\">\n<p data-start=\"450\" data-end=\"559\"><span style=\"font-family: arial, helvetica, sans-serif; font-size: 10pt;\"><strong data-start=\"450\" data-end=\"492\">\u0110\u1ed9ng c\u01a1 truy\u1ec1n \u0111\u1ed9ng tr\u1ef1c ti\u1ebfp (DD) c\u00f3 \u0111\u1ed9 ch\u00ednh x\u00e1c cao<\/strong> \u0111\u1ea3m b\u1ea3o \u0111\u1ed9 ch\u00ednh x\u00e1c cao v\u00e0 kh\u1ea3 n\u0103ng \u0111i\u1ec1u khi\u1ec3n gia t\u1ed1c\/gi\u1ea3m t\u1ed1c<\/span><\/p>\n<\/li>\n<li data-start=\"560\" data-end=\"621\">\n<p data-start=\"563\" data-end=\"621\"><span style=\"font-family: arial, helvetica, sans-serif; font-size: 10pt;\"><strong data-start=\"563\" data-end=\"579\">Ch\u00e2n \u0111\u1ebf b\u1eb1ng \u0111\u00e1 granit<\/strong> \u0111\u1ea3m b\u1ea3o s\u1ef1 \u1ed5n \u0111\u1ecbnh c\u1ea5u tr\u00fac l\u00e2u d\u00e0i<\/span><\/p>\n<\/li>\n<li data-start=\"622\" data-end=\"716\">\n<p data-start=\"625\" data-end=\"716\"><span style=\"font-family: arial, helvetica, sans-serif; font-size: 10pt;\">Ti\u00eau chu\u1ea9n <strong data-start=\"634\" data-end=\"668\">b\u1ed9 \u0111i\u1ec1u khi\u1ec3n chuy\u1ec3n \u0111\u1ed9ng t\u1ed1c \u0111\u1ed9 cao<\/strong>, gi\u00fap \u0111i\u1ec1u khi\u1ec3n chuy\u1ec3n \u0111\u1ed9ng m\u1ed9t c\u00e1ch ch\u00ednh x\u00e1c v\u00e0 \u0111\u00e1ng tin c\u1eady<\/span><\/p>\n<\/li>\n<li data-start=\"717\" data-end=\"812\">\n<p data-start=\"720\" data-end=\"812\"><span style=\"font-family: arial, helvetica, sans-serif; font-size: 10pt;\">Ti\u00eau chu\u1ea9n <strong data-start=\"729\" data-end=\"777\">Giao di\u1ec7n truy\u1ec1n th\u00f4ng CAN hi\u1ec7u su\u1ea5t cao<\/strong> \u0111\u1ea3m b\u1ea3o truy\u1ec1n d\u1eef li\u1ec7u \u1ed5n \u0111\u1ecbnh<\/span><\/p>\n<\/li>\n<li data-start=\"813\" data-end=\"914\">\n<p data-start=\"816\" data-end=\"914\"><span style=\"font-family: arial, helvetica, sans-serif; font-size: 10pt;\"><strong data-start=\"816\" data-end=\"872\">V\u00f2ng tr\u01b0\u1ee3t \u0111i\u1ec7n t\u1eed b\u1eb1ng kim lo\u1ea1i qu\u00fd hi\u1ec7u su\u1ea5t cao<\/strong> \u0111\u1ea3m b\u1ea3o \u0111\u1ed9 \u1ed5n \u0111\u1ecbnh v\u00e0 tu\u1ed5i th\u1ecd cao<\/span><\/p>\n<\/li>\n<li data-start=\"915\" data-end=\"959\">\n<p data-start=\"918\" data-end=\"959\"><span style=\"font-family: arial, helvetica, sans-serif; font-size: 10pt;\">T\u00f9y ch\u1ecdn <strong data-start=\"927\" data-end=\"957\">h\u1ec7 th\u1ed1ng \u0111i\u1ec1u khi\u1ec3n nhi\u1ec7t \u0111\u1ed9<\/strong><\/span><\/p>\n<\/li>\n<li data-start=\"960\" data-end=\"1029\">\n<p data-start=\"963\" data-end=\"1029\"><span style=\"font-family: arial, helvetica, sans-serif; font-size: 10pt;\">H\u1ed7 tr\u1ee3 k\u1ebft n\u1ed1i v\u1edbi <strong data-start=\"986\" data-end=\"993\">H\u1ec7 th\u1ed1ng Qu\u1ea3n l\u00fd S\u1ea3n xu\u1ea5t (MES)<\/strong> v\u00e0 c\u00e1c h\u1ec7 th\u1ed1ng x\u1eed l\u00fd d\u1eef li\u1ec7u kh\u00e1c<\/span><\/p>\n<\/li>\n<\/ol>\n<p>&nbsp;<\/p>","protected":false},"featured_media":3574,"comment_status":"open","ping_status":"closed","template":"","meta":{"_acf_changed":false},"product_brand":[],"product_cat":[159],"product_tag":[],"class_list":{"0":"post-3587","1":"product","2":"type-product","3":"status-publish","4":"has-post-thumbnail","6":"product_cat-uav-equipment","8":"first","9":"instock","10":"shipping-taxable","11":"product-type-simple"},"acf":[],"_links":{"self":[{"href":"https:\/\/ni-mech.com\/vi\/wp-json\/wp\/v2\/product\/3587","targetHints":{"allow":["GET"]}}],"collection":[{"href":"https:\/\/ni-mech.com\/vi\/wp-json\/wp\/v2\/product"}],"about":[{"href":"https:\/\/ni-mech.com\/vi\/wp-json\/wp\/v2\/types\/product"}],"replies":[{"embeddable":true,"href":"https:\/\/ni-mech.com\/vi\/wp-json\/wp\/v2\/comments?post=3587"}],"wp:featuredmedia":[{"embeddable":true,"href":"https:\/\/ni-mech.com\/vi\/wp-json\/wp\/v2\/media\/3574"}],"wp:attachment":[{"href":"https:\/\/ni-mech.com\/vi\/wp-json\/wp\/v2\/media?parent=3587"}],"wp:term":[{"taxonomy":"product_brand","embeddable":true,"href":"https:\/\/ni-mech.com\/vi\/wp-json\/wp\/v2\/product_brand?post=3587"},{"taxonomy":"product_cat","embeddable":true,"href":"https:\/\/ni-mech.com\/vi\/wp-json\/wp\/v2\/product_cat?post=3587"},{"taxonomy":"product_tag","embeddable":true,"href":"https:\/\/ni-mech.com\/vi\/wp-json\/wp\/v2\/product_tag?post=3587"}],"curies":[{"name":"wp","href":"https:\/\/api.w.org\/{rel}","templated":true}]}}