{"id":3585,"date":"2026-01-26T02:04:21","date_gmt":"2026-01-26T02:04:21","guid":{"rendered":"https:\/\/ni-mech.com\/?post_type=product&#038;p=3585"},"modified":"2026-02-06T03:30:57","modified_gmt":"2026-02-06T03:30:57","slug":"may-dat-vat-lieu-phu","status":"publish","type":"product","link":"https:\/\/ni-mech.com\/vi\/san-pham\/may-dat-vat-lieu-phu\/","title":{"rendered":"M\u00e1y \u0111\u1eb7t v\u1eadt li\u1ec7u ph\u1ee5 tr\u1ee3\uff5c M\u00e1y \u0111\u1eb7t v\u1eadt li\u1ec7u ph\u1ee5 tr\u1ee3"},"content":{"rendered":"<p><span style=\"font-family: arial, helvetica, sans-serif;\"><strong data-start=\"589\" data-end=\"616\">C\u1ea5u h\u00ecnh ti\u00eau chu\u1ea9n:<\/strong><\/span><\/p>\n<p>&nbsp;<\/p>\n<table style=\"border-collapse: collapse; width: 100%;\">\n<tbody>\n<tr>\n<td style=\"width: 50%;\"><img decoding=\"async\" class=\"lazyload alignnone size-full wp-image-3628\" src=\"https:\/\/ni-mech.com\/wp-content\/uploads\/2026\/01\/new-idea-1.jpg\" data-orig-src=\"https:\/\/ni-mech.com\/wp-content\/uploads\/2026\/01\/new-idea-1.jpg\" alt=\"\" width=\"1000\" height=\"1000\" srcset=\"data:image\/svg+xml,%3Csvg%20xmlns%3D%27http%3A%2F%2Fwww.w3.org%2F2000%2Fsvg%27%20width%3D%271000%27%20height%3D%271000%27%20viewBox%3D%270%200%201000%201000%27%3E%3Crect%20width%3D%271000%27%20height%3D%271000%27%20fill-opacity%3D%220%22%2F%3E%3C%2Fsvg%3E\" data-srcset=\"https:\/\/ni-mech.com\/wp-content\/uploads\/2026\/01\/new-idea-1-12x12.jpg 12w, https:\/\/ni-mech.com\/wp-content\/uploads\/2026\/01\/new-idea-1-66x66.jpg 66w, https:\/\/ni-mech.com\/wp-content\/uploads\/2026\/01\/new-idea-1-150x150.jpg 150w, https:\/\/ni-mech.com\/wp-content\/uploads\/2026\/01\/new-idea-1-200x200.jpg 200w, https:\/\/ni-mech.com\/wp-content\/uploads\/2026\/01\/new-idea-1-300x300.jpg 300w, https:\/\/ni-mech.com\/wp-content\/uploads\/2026\/01\/new-idea-1-400x400.jpg 400w, https:\/\/ni-mech.com\/wp-content\/uploads\/2026\/01\/new-idea-1-500x500.jpg 500w, https:\/\/ni-mech.com\/wp-content\/uploads\/2026\/01\/new-idea-1-600x600.jpg 600w, https:\/\/ni-mech.com\/wp-content\/uploads\/2026\/01\/new-idea-1-700x700.jpg 700w, https:\/\/ni-mech.com\/wp-content\/uploads\/2026\/01\/new-idea-1-768x768.jpg 768w, https:\/\/ni-mech.com\/wp-content\/uploads\/2026\/01\/new-idea-1-800x800.jpg 800w, https:\/\/ni-mech.com\/wp-content\/uploads\/2026\/01\/new-idea-1.jpg 1000w\" data-sizes=\"auto\" data-orig-sizes=\"(max-width: 1000px) 100vw, 1000px\" \/><\/td>\n<td style=\"width: 50%;\">\n<ul>\n<li data-start=\"1338\" data-end=\"1455\">\n<p data-start=\"1340\" data-end=\"1365\"><span style=\"font-family: arial, helvetica, sans-serif; font-size: 10pt;\"><strong data-start=\"1340\" data-end=\"1363\">\u0110\u1ed9 ch\u00ednh x\u00e1c khi \u0111\u1ecbnh v\u1ecb:<\/strong><\/span><\/p>\n<ul data-start=\"1368\" data-end=\"1455\">\n<li data-start=\"1368\" data-end=\"1414\">\n<p data-start=\"1370\" data-end=\"1414\"><span style=\"font-family: arial, helvetica, sans-serif; font-size: 10pt;\">\u0110\u1ed9 ch\u00ednh x\u00e1c \u0111\u1ecbnh v\u1ecb l\u1eb7p l\u1ea1i: <strong data-start=\"1399\" data-end=\"1412\">\u00b10,005 mm<\/strong><\/span><\/p>\n<\/li>\n<li data-start=\"1417\" data-end=\"1455\">\n<p data-start=\"1419\" data-end=\"1455\"><span style=\"font-family: arial, helvetica, sans-serif; font-size: 10pt;\">\u0110\u1ed9 ch\u00ednh x\u00e1c \u0111\u1ecbnh v\u1ecb: <strong data-start=\"1441\" data-end=\"1453\">\u00b10,01 mm<\/strong><\/span><\/p>\n<\/li>\n<\/ul>\n<\/li>\n<li data-start=\"1456\" data-end=\"1506\">\n<p data-start=\"1458\" data-end=\"1506\"><span style=\"font-family: arial, helvetica, sans-serif; font-size: 10pt;\"><strong data-start=\"1458\" data-end=\"1478\">T\u1ed1c \u0111\u1ed9 \u0111\u1eb7t:<\/strong> T\u1ed1i \u0111a <strong data-start=\"1485\" data-end=\"1504\">2,5 gi\u00e2y m\u1ed7i chi\u1ebfc<\/strong><\/span><\/p>\n<\/li>\n<li data-start=\"1507\" data-end=\"1545\">\n<p data-start=\"1509\" data-end=\"1545\"><span style=\"font-family: arial, helvetica, sans-serif; font-size: 10pt;\"><strong data-start=\"1509\" data-end=\"1531\">T\u1ef7 l\u1ec7 \u0111\u1ed7 (hi\u1ec7u su\u1ea5t):<\/strong> \u2265 <strong data-start=\"1534\" data-end=\"1543\">99.8%<\/strong><\/span><\/p>\n<\/li>\n<li data-start=\"1546\" data-end=\"1643\">\n<p data-start=\"1548\" data-end=\"1572\"><span style=\"font-family: arial, helvetica, sans-serif; font-size: 10pt;\"><strong data-start=\"1548\" data-end=\"1570\">K\u00edch th\u01b0\u1edbc n\u1eafp b\u1ea3o v\u1ec7:<\/strong><\/span><\/p>\n<ul data-start=\"1575\" data-end=\"1643\">\n<li data-start=\"1575\" data-end=\"1607\">\n<p data-start=\"1577\" data-end=\"1607\"><span style=\"font-family: arial, helvetica, sans-serif; font-size: 10pt;\">T\u1ed1i thi\u1ec3u: <strong data-start=\"1586\" data-end=\"1605\">5 \u00d7 5 \u00d7 0,04 mm<\/strong><\/span><\/p>\n<\/li>\n<li data-start=\"1610\" data-end=\"1643\">\n<p data-start=\"1612\" data-end=\"1643\"><span style=\"font-family: arial, helvetica, sans-serif; font-size: 10pt;\">Gi\u1edbi h\u1ea1n t\u1ed1i \u0111a: <strong data-start=\"1621\" data-end=\"1641\">98 \u00d7 75 \u00d7 0,2 mm<\/strong><\/span><\/p>\n<\/li>\n<\/ul>\n<\/li>\n<li data-start=\"1644\" data-end=\"1702\">\n<p data-start=\"1646\" data-end=\"1702\"><span style=\"font-family: arial, helvetica, sans-serif; font-size: 10pt;\"><strong data-start=\"1646\" data-end=\"1669\">K\u00edch th\u01b0\u1edbc \u0111\u1ea7u h\u00fat ch\u00e2n kh\u00f4ng:<\/strong> Ph\u1ea1m vi chi\u1ec1u r\u1ed9ng <strong data-start=\"1682\" data-end=\"1700\">\u2264 200 \u00d7 300 mm<\/strong><\/span><\/p>\n<\/li>\n<li data-start=\"1703\" data-end=\"1748\">\n<p data-start=\"1705\" data-end=\"1748\"><span style=\"font-family: arial, helvetica, sans-serif; font-size: 10pt;\"><strong data-start=\"1705\" data-end=\"1727\">Giao di\u1ec7n m\u00e1y:<\/strong> Ti\u00eau chu\u1ea9n <strong data-start=\"1737\" data-end=\"1746\">SMEMA<\/strong><\/span><\/p>\n<\/li>\n<li data-start=\"1749\" data-end=\"1817\">\n<p data-start=\"1751\" data-end=\"1817\"><span style=\"font-family: arial, helvetica, sans-serif; font-size: 10pt;\"><strong data-start=\"1751\" data-end=\"1774\">Ph\u01b0\u01a1ng ph\u00e1p \u0111\u1ecbnh v\u1ecb:<\/strong> \u0110\u1ecbnh v\u1ecb \u0111\u1ed9ng c\u01a1 tuy\u1ebfn t\u00ednh c\u00f3 s\u1ef1 h\u1ed7 tr\u1ee3 c\u1ee7a h\u1ec7 th\u1ed1ng th\u1ecb gi\u00e1c<\/span><\/p>\n<\/li>\n<li data-start=\"1818\" data-end=\"1860\">\n<p data-start=\"1820\" data-end=\"1860\"><span style=\"font-family: arial, helvetica, sans-serif; font-size: 10pt;\"><strong data-start=\"1820\" data-end=\"1850\">S\u1ed1 l\u01b0\u1ee3ng \u0111\u1ea7u phun:<\/strong> <strong data-start=\"1851\" data-end=\"1858\">1\u20136<\/strong><\/span><\/p>\n<\/li>\n<li data-start=\"1861\" data-end=\"1917\">\n<p data-start=\"1863\" data-end=\"1917\"><span style=\"font-family: arial, helvetica, sans-serif; font-size: 10pt;\"><strong data-start=\"1863\" data-end=\"1886\">K\u00edch th\u01b0\u1edbc m\u00e1y:<\/strong> <strong data-start=\"1887\" data-end=\"1915\">R\u1ed9ng 1700 \u00d7 D\u00e0i 2100 \u00d7 Cao 1900 mm<\/strong><\/span><\/p>\n<\/li>\n<li data-start=\"1918\" data-end=\"1953\">\n<p data-start=\"1920\" data-end=\"1953\"><span style=\"font-family: arial, helvetica, sans-serif; font-size: 10pt;\"><strong data-start=\"1920\" data-end=\"1939\">Tr\u1ecdng l\u01b0\u1ee3ng m\u00e1y:<\/strong> <strong data-start=\"1940\" data-end=\"1951\">1.500 kg<\/strong><\/span><\/p>\n<\/li>\n<li data-start=\"1954\" data-end=\"2075\">\n<p data-start=\"1956\" data-end=\"2075\"><span style=\"font-family: arial, helvetica, sans-serif; font-size: 10pt;\"><strong data-start=\"1956\" data-end=\"1969\">Ph\u1ea7n m\u1ec1m:<\/strong> Chuy\u1ec3n \u0111\u1ed5i m\u1eabu ch\u1ec9 v\u1edbi m\u1ed9t c\u00fa nh\u1ea5p chu\u1ed9t; t\u01b0\u01a1ng th\u00edch v\u1edbi <strong data-start=\"2014\" data-end=\"2021\">H\u1ec7 th\u1ed1ng Qu\u1ea3n l\u00fd S\u1ea3n xu\u1ea5t (MES)<\/strong> h\u1ec7 th\u1ed1ng; h\u1ed7 tr\u1ee3 <strong data-start=\"2039\" data-end=\"2075\">T\u00edch h\u1ee3p d\u00e2y chuy\u1ec1n s\u1ea3n xu\u1ea5t PCBA<\/strong><\/span><\/p>\n<\/li>\n<\/ul>\n<\/td>\n<\/tr>\n<\/tbody>\n<\/table>","protected":false},"excerpt":{"rendered":"<p data-start=\"75\" data-end=\"97\"><strong><span style=\"font-family: arial, helvetica, sans-serif; font-size: 13pt;\">T\u00ednh n\u0103ng c\u1ee7a thi\u1ebft b\u1ecb<\/span><\/strong><\/p>\n<p data-start=\"183\" data-end=\"508\"><span style=\"font-family: arial, helvetica, sans-serif; font-size: 10pt;\">M\u00e1y \u0111\u1eb7t n\u1eafp b\u1ea3o v\u1ec7 \u0111\u01b0\u1ee3c thi\u1ebft k\u1ebf \u0111\u1ec3 <strong data-start=\"234\" data-end=\"265\">C\u00e1c c\u00f4ng \u0111o\u1ea1n x\u1eed l\u00fd sau khi l\u1eafp r\u00e1p SMT<\/strong> trong l\u0129nh v\u1ef1c s\u1ea3n xu\u1ea5t thi\u1ebft b\u1ecb th\u00f4ng minh (ch\u1eb3ng h\u1ea1n nh\u01b0 <strong data-start=\"305\" data-end=\"388\">\u0111i\u1ec7n tho\u1ea1i di \u0111\u1ed9ng, thi\u1ebft b\u1ecb gia d\u1ee5ng, bo m\u1ea1ch ch\u1ee7 cho m\u00e1y bay kh\u00f4ng ng\u01b0\u1eddi l\u00e1i v\u00e0 bo m\u1ea1ch ch\u1ee7 GPS cho \u00f4 t\u00f4<\/strong>). N\u00f3 thay th\u1ebf c\u00e1c thao t\u00e1c th\u1ee7 c\u00f4ng trong vi\u1ec7c \u0111\u1eb7t <strong data-start=\"433\" data-end=\"483\">n\u1eafp che l\u00e1 ch\u1eafn v\u00e0 c\u00e1c b\u1ed9 ph\u1eadn ph\u1ee5 tr\u1ee3 t\u01b0\u01a1ng t\u1ef1<\/strong> \u1edf cu\u1ed1i c\u00e1c d\u00e2y chuy\u1ec1n SMT.<\/span><\/p>\n<ol data-start=\"510\" data-end=\"1133\">\n<li data-start=\"510\" data-end=\"579\">\n<p data-start=\"513\" data-end=\"579\"><span style=\"font-family: arial, helvetica, sans-serif; font-size: 10pt;\">H\u1ed7 tr\u1ee3 t\u1ea3i t\u1ed1i \u0111a <strong data-start=\"539\" data-end=\"577\">6 lo\u1ea1i n\u1eafp che kh\u00e1c nhau<\/strong><\/span><\/p>\n<\/li>\n<li data-start=\"580\" data-end=\"699\">\n<p data-start=\"583\" data-end=\"699\"><span style=\"font-family: arial, helvetica, sans-serif; font-size: 10pt;\">\u0110\u01b0\u1ee3c trang b\u1ecb m\u1ed9t <strong data-start=\"599\" data-end=\"657\">h\u1ec7 th\u1ed1ng \u0111i\u1ec1u khi\u1ec3n \u0111\u1ecbnh v\u1ecb \u0111a camera c\u00f3 \u0111\u1ed9 ch\u00ednh x\u00e1c cao<\/strong>, gi\u00fap n\u00e2ng cao \u0111\u1ed9 ch\u00ednh x\u00e1c v\u00e0 t\u1ed1c \u0111\u1ed9 \u0111\u1ecbnh v\u1ecb<\/span><\/p>\n<\/li>\n<li data-start=\"700\" data-end=\"836\">\n<p data-start=\"703\" data-end=\"836\"><span style=\"font-family: arial, helvetica, sans-serif; font-size: 10pt;\">Hi\u1ec7u su\u1ea5t cao <strong data-start=\"719\" data-end=\"748\">\u0111\u1ea7u \u0111\u1ecbnh v\u1ecb \u0111a tr\u1ee5c<\/strong> c\u00f9ng v\u1edbi <strong data-start=\"754\" data-end=\"774\">6 \u0111\u1ea7u h\u00fat ch\u00e2n kh\u00f4ng<\/strong>; t\u1ed1c \u0111\u1ed9 \u0111\u1eb7t h\u00e0ng l\u00ean \u0111\u1ebfn <strong data-start=\"798\" data-end=\"810\">2,5 gi\u00e2y\/chi\u1ebfc<\/strong>, t\u1ef7 l\u1ec7 thu ho\u1ea1ch \u2265 <strong data-start=\"825\" data-end=\"834\">99.8%<\/strong><\/span><\/p>\n<\/li>\n<li data-start=\"837\" data-end=\"1038\">\n<p data-start=\"840\" data-end=\"1038\"><span style=\"font-family: arial, helvetica, sans-serif; font-size: 10pt;\">H\u1ec7 th\u1ed1ng truy\u1ec1n \u0111\u1ed9ng v\u00e0 \u0111\u1ecbnh v\u1ecb c\u00f3 \u0111\u1ed9 ch\u00ednh x\u00e1c cao s\u1eed d\u1ee5ng <strong data-start=\"897\" data-end=\"951\">H\u1ec7 th\u1ed1ng \u0111i\u1ec1u khi\u1ec3n v\u00f2ng k\u00edn \u0111\u1ed9ng c\u01a1 tuy\u1ebfn t\u00ednh ki\u1ec3u d\u1ea7m \u0111\u00f4i<\/strong>, gi\u00fap n\u00e2ng cao \u0111\u00e1ng k\u1ec3 hi\u1ec7u qu\u1ea3, \u0111\u1ed9 ch\u00ednh x\u00e1c, \u0111\u1ed9 \u1ed5n \u0111\u1ecbnh v\u00e0 tu\u1ed5i th\u1ecd c\u1ee7a thi\u1ebft b\u1ecb<\/span><\/p>\n<\/li>\n<li data-start=\"1039\" data-end=\"1133\">\n<p data-start=\"1042\" data-end=\"1133\"><span style=\"font-family: arial, helvetica, sans-serif; font-size: 10pt;\">T\u00f9y ch\u1ecdn <strong data-start=\"1051\" data-end=\"1071\">qu\u00e9t m\u00e3 v\u1ea1ch<\/strong> v\u00e0 k\u1ebft n\u1ed1i v\u1edbi <strong data-start=\"1090\" data-end=\"1097\">H\u1ec7 th\u1ed1ng Qu\u1ea3n l\u00fd S\u1ea3n xu\u1ea5t (MES)<\/strong> v\u00e0 c\u00e1c h\u1ec7 th\u1ed1ng x\u1eed l\u00fd d\u1eef li\u1ec7u kh\u00e1c<\/span><\/p>\n<\/li>\n<\/ol>\n<p>&nbsp;<\/p>","protected":false},"featured_media":3625,"comment_status":"open","ping_status":"closed","template":"","meta":{"_acf_changed":false},"product_brand":[],"product_cat":[157],"product_tag":[],"class_list":{"0":"post-3585","1":"product","2":"type-product","3":"status-publish","4":"has-post-thumbnail","6":"product_cat-standard-equipment","8":"first","9":"instock","10":"shipping-taxable","11":"product-type-simple"},"acf":[],"_links":{"self":[{"href":"https:\/\/ni-mech.com\/vi\/wp-json\/wp\/v2\/product\/3585","targetHints":{"allow":["GET"]}}],"collection":[{"href":"https:\/\/ni-mech.com\/vi\/wp-json\/wp\/v2\/product"}],"about":[{"href":"https:\/\/ni-mech.com\/vi\/wp-json\/wp\/v2\/types\/product"}],"replies":[{"embeddable":true,"href":"https:\/\/ni-mech.com\/vi\/wp-json\/wp\/v2\/comments?post=3585"}],"wp:featuredmedia":[{"embeddable":true,"href":"https:\/\/ni-mech.com\/vi\/wp-json\/wp\/v2\/media\/3625"}],"wp:attachment":[{"href":"https:\/\/ni-mech.com\/vi\/wp-json\/wp\/v2\/media?parent=3585"}],"wp:term":[{"taxonomy":"product_brand","embeddable":true,"href":"https:\/\/ni-mech.com\/vi\/wp-json\/wp\/v2\/product_brand?post=3585"},{"taxonomy":"product_cat","embeddable":true,"href":"https:\/\/ni-mech.com\/vi\/wp-json\/wp\/v2\/product_cat?post=3585"},{"taxonomy":"product_tag","embeddable":true,"href":"https:\/\/ni-mech.com\/vi\/wp-json\/wp\/v2\/product_tag?post=3585"}],"curies":[{"name":"wp","href":"https:\/\/api.w.org\/{rel}","templated":true}]}}