{"id":3584,"date":"2026-01-26T01:36:52","date_gmt":"2026-01-26T01:36:52","guid":{"rendered":"https:\/\/ni-mech.com\/?post_type=product&#038;p=3584"},"modified":"2026-02-06T03:02:59","modified_gmt":"2026-02-06T03:02:59","slug":"may-kiem-tra-bang-hinh-anh","status":"publish","type":"product","link":"https:\/\/ni-mech.com\/vi\/san-pham\/may-kiem-tra-bang-hinh-anh\/","title":{"rendered":"M\u00e1y ki\u1ec3m tra th\u1ecb gi\u00e1c\uff5c M\u00e1y ki\u1ec3m tra th\u1ecb gi\u00e1c"},"content":{"rendered":"<p><span style=\"font-family: arial, helvetica, sans-serif;\"><strong data-start=\"589\" data-end=\"616\">C\u1ea5u h\u00ecnh ti\u00eau chu\u1ea9n:<\/strong><\/span><\/p>\n<p>&nbsp;<\/p>\n<table style=\"border-collapse: collapse; width: 100%;\">\n<tbody>\n<tr>\n<td style=\"width: 50%;\"><img decoding=\"async\" class=\"lazyload alignnone wp-image-3559 size-medium\" src=\"https:\/\/ni-mech.com\/wp-content\/uploads\/2026\/01\/e4c63748-bbbd-4abf-b880-5ef614837f8b-300x272.png\" data-orig-src=\"https:\/\/ni-mech.com\/wp-content\/uploads\/2026\/01\/e4c63748-bbbd-4abf-b880-5ef614837f8b-300x272.png\" alt=\"M\u00e1y ki\u1ec3m tra b\u1eb1ng h\u00ecnh \u1ea3nh\" width=\"300\" height=\"272\" srcset=\"data:image\/svg+xml,%3Csvg%20xmlns%3D%27http%3A%2F%2Fwww.w3.org%2F2000%2Fsvg%27%20width%3D%27300%27%20height%3D%27272%27%20viewBox%3D%270%200%20300%20272%27%3E%3Crect%20width%3D%27300%27%20height%3D%27272%27%20fill-opacity%3D%220%22%2F%3E%3C%2Fsvg%3E\" data-srcset=\"https:\/\/ni-mech.com\/wp-content\/uploads\/2026\/01\/e4c63748-bbbd-4abf-b880-5ef614837f8b-13x12.png 13w, https:\/\/ni-mech.com\/wp-content\/uploads\/2026\/01\/e4c63748-bbbd-4abf-b880-5ef614837f8b-200x181.png 200w, https:\/\/ni-mech.com\/wp-content\/uploads\/2026\/01\/e4c63748-bbbd-4abf-b880-5ef614837f8b-300x272.png 300w, https:\/\/ni-mech.com\/wp-content\/uploads\/2026\/01\/e4c63748-bbbd-4abf-b880-5ef614837f8b-400x363.png 400w, https:\/\/ni-mech.com\/wp-content\/uploads\/2026\/01\/e4c63748-bbbd-4abf-b880-5ef614837f8b-500x454.png 500w, https:\/\/ni-mech.com\/wp-content\/uploads\/2026\/01\/e4c63748-bbbd-4abf-b880-5ef614837f8b-600x544.png 600w, https:\/\/ni-mech.com\/wp-content\/uploads\/2026\/01\/e4c63748-bbbd-4abf-b880-5ef614837f8b-700x635.png 700w, https:\/\/ni-mech.com\/wp-content\/uploads\/2026\/01\/e4c63748-bbbd-4abf-b880-5ef614837f8b-768x697.png 768w, https:\/\/ni-mech.com\/wp-content\/uploads\/2026\/01\/e4c63748-bbbd-4abf-b880-5ef614837f8b-800x726.png 800w, https:\/\/ni-mech.com\/wp-content\/uploads\/2026\/01\/e4c63748-bbbd-4abf-b880-5ef614837f8b.png 906w\" data-sizes=\"auto\" data-orig-sizes=\"(max-width: 300px) 100vw, 300px\" \/><\/td>\n<td style=\"width: 50%;\">\n<ul>\n<li data-start=\"834\" data-end=\"894\">\n<p data-start=\"836\" data-end=\"894\"><span style=\"font-family: arial, helvetica, sans-serif; font-size: 10pt;\"><strong data-start=\"836\" data-end=\"847\">M\u00e1y \u1ea3nh:<\/strong> Hikvision <strong data-start=\"858\" data-end=\"874\">6 MP \/ 10 MP<\/strong> m\u00e1y \u1ea3nh c\u00f4ng nghi\u1ec7p<\/span><\/p>\n<\/li>\n<li data-start=\"895\" data-end=\"916\">\n<p data-start=\"897\" data-end=\"916\"><span style=\"font-family: arial, helvetica, sans-serif; font-size: 10pt;\"><strong data-start=\"897\" data-end=\"906\">\u1ed0ng k\u00ednh:<\/strong> \u1ed0ng k\u00ednh FA<\/span><\/p>\n<\/li>\n<li data-start=\"917\" data-end=\"962\">\n<p data-start=\"919\" data-end=\"962\"><span style=\"font-family: arial, helvetica, sans-serif; font-size: 10pt;\"><strong data-start=\"919\" data-end=\"936\">Ngu\u1ed3n s\u00e1ng:<\/strong> \u0110\u00e8n chi\u1ebfu s\u00e1ng b\u1ec1 m\u1eb7t 300 \u00d7 300<\/span><\/p>\n<\/li>\n<li data-start=\"963\" data-end=\"996\">\n<p data-start=\"965\" data-end=\"996\"><span style=\"font-family: arial, helvetica, sans-serif; font-size: 10pt;\"><strong data-start=\"965\" data-end=\"984\">Chi\u1ec1u r\u1ed9ng b\u0103ng t\u1ea3i:<\/strong> 50\u2013250 mm<\/span><\/p>\n<\/li>\n<li data-start=\"997\" data-end=\"1028\">\n<p data-start=\"999\" data-end=\"1028\"><span style=\"font-family: arial, helvetica, sans-serif; font-size: 10pt;\"><strong data-start=\"999\" data-end=\"1017\">M\u00e1y t\u00ednh c\u00f4ng nghi\u1ec7p:<\/strong> T\u00f9y ch\u1ecdn<\/span><\/p>\n<\/li>\n<li data-start=\"1029\" data-end=\"1079\">\n<p data-start=\"1031\" data-end=\"1079\"><span style=\"font-family: arial, helvetica, sans-serif; font-size: 10pt;\"><strong data-start=\"1031\" data-end=\"1054\">K\u00edch th\u01b0\u1edbc m\u00e1y:<\/strong> R\u1ed9ng 600 \u00d7 D\u00e0i 600 \u00d7 Cao 1850 mm<\/span><\/p>\n<\/li>\n<li data-start=\"1080\" data-end=\"1109\">\n<p data-start=\"1082\" data-end=\"1109\"><span style=\"font-family: arial, helvetica, sans-serif; font-size: 10pt;\"><strong data-start=\"1082\" data-end=\"1101\">Tr\u1ecdng l\u01b0\u1ee3ng m\u00e1y:<\/strong> 40 kg<\/span><\/p>\n<\/li>\n<li data-start=\"1110\" data-end=\"1147\">\n<p data-start=\"1112\" data-end=\"1147\"><span style=\"font-family: arial, helvetica, sans-serif; font-size: 10pt;\"><strong data-start=\"1112\" data-end=\"1132\">Ph\u1ea7n m\u1ec1m Vision:<\/strong> VisionMaster<\/span><\/p>\n<\/li>\n<\/ul>\n<\/td>\n<\/tr>\n<\/tbody>\n<\/table>","protected":false},"excerpt":{"rendered":"<p data-start=\"75\" data-end=\"97\"><strong><span style=\"font-family: arial, helvetica, sans-serif; font-size: 13pt;\">T\u00ednh n\u0103ng c\u1ee7a thi\u1ebft b\u1ecb<\/span><\/strong><\/p>\n<p data-start=\"127\" data-end=\"394\"><span style=\"font-family: arial, helvetica, sans-serif; font-size: 10pt;\">M\u00e1y ki\u1ec3m tra b\u1eb1ng h\u00ecnh \u1ea3nh \u0111\u01b0\u1ee3c thi\u1ebft k\u1ebf \u0111\u1ec3 <strong data-start=\"173\" data-end=\"224\">ki\u1ec3m tra t\u1ef1 \u0111\u1ed9ng tr\u00ean c\u00e1c d\u00e2y chuy\u1ec1n s\u1ea3n xu\u1ea5t th\u1ee7 c\u00f4ng<\/strong>, ph\u00e1t hi\u1ec7n <strong data-start=\"236\" data-end=\"281\">s\u1ef1 hi\u1ec7n di\u1ec7n\/v\u1eafng m\u1eb7t, k\u00edch th\u01b0\u1edbc v\u00e0 khuy\u1ebft t\u1eadt<\/strong>. H\u1ec7 th\u1ed1ng n\u00e0y thay th\u1ebf hi\u1ec7u qu\u1ea3 vi\u1ec7c ki\u1ec3m tra b\u1eb1ng m\u1eaft th\u01b0\u1eddng v\u00e0 gi\u00fap n\u00e2ng cao \u0111\u00e1ng k\u1ec3 ch\u1ea5t l\u01b0\u1ee3ng s\u1ea3n ph\u1ea9m tr\u00ean d\u00e2y chuy\u1ec1n.<\/span><\/p>\n<ol data-start=\"396\" data-end=\"694\">\n<li data-start=\"396\" data-end=\"453\">\n<p data-start=\"399\" data-end=\"453\"><span style=\"font-family: arial, helvetica, sans-serif; font-size: 10pt;\"><strong data-start=\"399\" data-end=\"417\">Nh\u1eadn di\u1ec7n h\u00ecnh \u1ea3nh<\/strong> thay th\u1ebf cho vi\u1ec7c ki\u1ec3m tra b\u1eb1ng m\u1eaft th\u01b0\u1eddng<\/span><\/p>\n<\/li>\n<li data-start=\"454\" data-end=\"511\">\n<p data-start=\"457\" data-end=\"511\"><span style=\"font-family: arial, helvetica, sans-serif; font-size: 10pt;\">T\u00f9y ch\u1ecdn <strong data-start=\"466\" data-end=\"495\">Ph\u1ea7n m\u1ec1m x\u1eed l\u00fd h\u00ecnh \u1ea3nh Hikvision<\/strong> c\u1ea5u h\u00ecnh<\/span><\/p>\n<\/li>\n<li data-start=\"512\" data-end=\"602\">\n<p data-start=\"515\" data-end=\"602\"><span style=\"font-family: arial, helvetica, sans-serif; font-size: 10pt;\"><strong data-start=\"515\" data-end=\"548\">B\u0103ng t\u1ea3i \u0111\u01b0\u1ee3c \u0111i\u1ec1u khi\u1ec3n b\u1eb1ng \u0111\u1ed9ng c\u01a1 b\u01b0\u1edbc<\/strong> \u0111\u1ea3m b\u1ea3o vi\u1ec7c v\u1eadn chuy\u1ec3n thi\u1ebft b\u1ecb c\u1ed1 \u0111\u1ecbnh di\u1ec5n ra \u1ed5n \u0111\u1ecbnh v\u00e0 hi\u1ec7u qu\u1ea3<\/span><\/p>\n<\/li>\n<li data-start=\"603\" data-end=\"694\">\n<p data-start=\"606\" data-end=\"694\"><span style=\"font-family: arial, helvetica, sans-serif; font-size: 10pt;\"><strong data-start=\"606\" data-end=\"635\">B\u0103ng t\u1ea3i c\u00f3 th\u1ec3 \u0111i\u1ec1u ch\u1ec9nh \u0111\u1ed9 r\u1ed9ng<\/strong>, mang l\u1ea1i kh\u1ea3 n\u0103ng th\u00edch \u1ee9ng cao v\u1edbi c\u00e1c k\u00edch th\u01b0\u1edbc gi\u00e1 \u0111\u1ee1 kh\u00e1c nhau<\/span><\/p>\n<\/li>\n<\/ol>\n<p>&nbsp;<\/p>","protected":false},"featured_media":3559,"comment_status":"open","ping_status":"closed","template":"","meta":{"_acf_changed":false},"product_brand":[],"product_cat":[157],"product_tag":[],"class_list":{"0":"post-3584","1":"product","2":"type-product","3":"status-publish","4":"has-post-thumbnail","6":"product_cat-standard-equipment","8":"first","9":"instock","10":"shipping-taxable","11":"product-type-simple"},"acf":[],"_links":{"self":[{"href":"https:\/\/ni-mech.com\/vi\/wp-json\/wp\/v2\/product\/3584","targetHints":{"allow":["GET"]}}],"collection":[{"href":"https:\/\/ni-mech.com\/vi\/wp-json\/wp\/v2\/product"}],"about":[{"href":"https:\/\/ni-mech.com\/vi\/wp-json\/wp\/v2\/types\/product"}],"replies":[{"embeddable":true,"href":"https:\/\/ni-mech.com\/vi\/wp-json\/wp\/v2\/comments?post=3584"}],"wp:featuredmedia":[{"embeddable":true,"href":"https:\/\/ni-mech.com\/vi\/wp-json\/wp\/v2\/media\/3559"}],"wp:attachment":[{"href":"https:\/\/ni-mech.com\/vi\/wp-json\/wp\/v2\/media?parent=3584"}],"wp:term":[{"taxonomy":"product_brand","embeddable":true,"href":"https:\/\/ni-mech.com\/vi\/wp-json\/wp\/v2\/product_brand?post=3584"},{"taxonomy":"product_cat","embeddable":true,"href":"https:\/\/ni-mech.com\/vi\/wp-json\/wp\/v2\/product_cat?post=3584"},{"taxonomy":"product_tag","embeddable":true,"href":"https:\/\/ni-mech.com\/vi\/wp-json\/wp\/v2\/product_tag?post=3584"}],"curies":[{"name":"wp","href":"https:\/\/api.w.org\/{rel}","templated":true}]}}