{"id":3583,"date":"2026-01-26T01:27:51","date_gmt":"2026-01-26T01:27:51","guid":{"rendered":"https:\/\/ni-mech.com\/?post_type=product&#038;p=3583"},"modified":"2026-01-26T14:31:17","modified_gmt":"2026-01-26T14:31:17","slug":"bang-tai-nang","status":"publish","type":"product","link":"https:\/\/ni-mech.com\/vi\/san-pham\/bang-tai-nang\/","title":{"rendered":"M\u00e1y chuy\u1ec3n t\u1ea3i thang m\u00e1y\uff5cThang m\u00e1y"},"content":{"rendered":"<p><span style=\"font-family: arial, helvetica, sans-serif;\"><strong data-start=\"589\" data-end=\"616\">C\u1ea5u h\u00ecnh ti\u00eau chu\u1ea9n:<\/strong><\/span><\/p>\n<p>&nbsp;<\/p>\n<table style=\"border-collapse: collapse; width: 100%;\">\n<tbody>\n<tr>\n<td style=\"width: 50%;\"><span style=\"font-family: arial, helvetica, sans-serif;\"><img decoding=\"async\" class=\"lazyload alignnone size-medium wp-image-3573\" src=\"https:\/\/ni-mech.com\/wp-content\/uploads\/2026\/01\/Newleda-7-300x300.jpg\" data-orig-src=\"https:\/\/ni-mech.com\/wp-content\/uploads\/2026\/01\/Newleda-7-300x300.jpg\" alt=\"\" width=\"300\" height=\"300\" srcset=\"data:image\/svg+xml,%3Csvg%20xmlns%3D%27http%3A%2F%2Fwww.w3.org%2F2000%2Fsvg%27%20width%3D%27300%27%20height%3D%27300%27%20viewBox%3D%270%200%20300%20300%27%3E%3Crect%20width%3D%27300%27%20height%3D%27300%27%20fill-opacity%3D%220%22%2F%3E%3C%2Fsvg%3E\" data-srcset=\"https:\/\/ni-mech.com\/wp-content\/uploads\/2026\/01\/Newleda-7-12x12.jpg 12w, https:\/\/ni-mech.com\/wp-content\/uploads\/2026\/01\/Newleda-7-66x66.jpg 66w, https:\/\/ni-mech.com\/wp-content\/uploads\/2026\/01\/Newleda-7-150x150.jpg 150w, https:\/\/ni-mech.com\/wp-content\/uploads\/2026\/01\/Newleda-7-200x200.jpg 200w, https:\/\/ni-mech.com\/wp-content\/uploads\/2026\/01\/Newleda-7-300x300.jpg 300w, https:\/\/ni-mech.com\/wp-content\/uploads\/2026\/01\/Newleda-7-400x400.jpg 400w, https:\/\/ni-mech.com\/wp-content\/uploads\/2026\/01\/Newleda-7-500x500.jpg 500w, https:\/\/ni-mech.com\/wp-content\/uploads\/2026\/01\/Newleda-7-600x600.jpg 600w, https:\/\/ni-mech.com\/wp-content\/uploads\/2026\/01\/Newleda-7-700x700.jpg 700w, https:\/\/ni-mech.com\/wp-content\/uploads\/2026\/01\/Newleda-7-768x768.jpg 768w, https:\/\/ni-mech.com\/wp-content\/uploads\/2026\/01\/Newleda-7-800x800.jpg 800w, https:\/\/ni-mech.com\/wp-content\/uploads\/2026\/01\/Newleda-7.jpg 1000w\" data-sizes=\"auto\" data-orig-sizes=\"(max-width: 300px) 100vw, 300px\" \/><\/span><\/td>\n<td style=\"width: 50%;\">\n<ul>\n<li data-start=\"847\" data-end=\"889\">\n<p data-start=\"849\" data-end=\"889\"><span style=\"font-family: arial, helvetica, sans-serif; font-size: 10pt;\"><strong data-start=\"849\" data-end=\"879\">\u0110\u1ed9 ch\u00ednh x\u00e1c \u0111\u1ecbnh v\u1ecb c\u1ee7a thang m\u00e1y:<\/strong> \u00b10,2 mm<\/span><\/p>\n<\/li>\n<li data-start=\"890\" data-end=\"927\">\n<p data-start=\"892\" data-end=\"927\"><span style=\"font-family: arial, helvetica, sans-serif; font-size: 10pt;\"><strong data-start=\"892\" data-end=\"911\">B\u1ed9 truy\u1ec1n \u0111\u1ed9ng b\u0103ng t\u1ea3i:<\/strong> \u0110\u1ed9ng c\u01a1 b\u01b0\u1edbc<\/span><\/p>\n<\/li>\n<li data-start=\"928\" data-end=\"964\">\n<p data-start=\"930\" data-end=\"964\"><span style=\"font-family: arial, helvetica, sans-serif; font-size: 10pt;\"><strong data-start=\"930\" data-end=\"951\">Chi\u1ec1u r\u1ed9ng c\u00f3 th\u1ec3 \u0111i\u1ec1u ch\u1ec9nh:<\/strong> 100\u2013250 mm<\/span><\/p>\n<\/li>\n<li data-start=\"965\" data-end=\"1006\">\n<p data-start=\"967\" data-end=\"1006\"><span style=\"font-family: arial, helvetica, sans-serif; font-size: 10pt;\"><strong data-start=\"967\" data-end=\"989\">Giao di\u1ec7n m\u00e1y:<\/strong> Ti\u00eau chu\u1ea9n SMEMA<\/span><\/p>\n<\/li>\n<li data-start=\"1007\" data-end=\"1057\">\n<p data-start=\"1009\" data-end=\"1057\"><span style=\"font-family: arial, helvetica, sans-serif; font-size: 10pt;\"><strong data-start=\"1009\" data-end=\"1032\">K\u00edch th\u01b0\u1edbc m\u00e1y:<\/strong> R\u1ed9ng 500 \u00d7 D\u00e0i 700 \u00d7 Cao 1150 mm<\/span><\/p>\n<\/li>\n<li data-start=\"1058\" data-end=\"1088\">\n<p data-start=\"1060\" data-end=\"1088\"><span style=\"font-family: arial, helvetica, sans-serif; font-size: 10pt;\"><strong data-start=\"1060\" data-end=\"1079\">Tr\u1ecdng l\u01b0\u1ee3ng m\u00e1y:<\/strong> 100 kg<\/span><\/p>\n<\/li>\n<li data-start=\"1089\" data-end=\"1155\">\n<p data-start=\"1091\" data-end=\"1155\"><span style=\"font-family: arial, helvetica, sans-serif; font-size: 10pt;\"><strong data-start=\"1091\" data-end=\"1104\">Ph\u1ea7n m\u1ec1m:<\/strong> T\u01b0\u01a1ng th\u00edch v\u1edbi c\u00e1c d\u00e2y chuy\u1ec1n s\u1ea3n xu\u1ea5t ho\u00e0n to\u00e0n t\u1ef1 \u0111\u1ed9ng<\/span><\/p>\n<\/li>\n<\/ul>\n<\/td>\n<\/tr>\n<\/tbody>\n<\/table>","protected":false},"excerpt":{"rendered":"<p data-start=\"75\" data-end=\"97\"><strong><span style=\"font-family: arial, helvetica, sans-serif; font-size: 13pt;\">T\u00ednh n\u0103ng c\u1ee7a thi\u1ebft b\u1ecb<\/span><\/strong><\/p>\n<p data-start=\"111\" data-end=\"235\"><span style=\"font-family: arial, helvetica, sans-serif; font-size: 10pt;\">B\u0103ng t\u1ea3i n\u00e2ng \u0111\u01b0\u1ee3c s\u1eed d\u1ee5ng \u0111\u1ec3 <strong data-start=\"141\" data-end=\"204\">vi\u1ec7c lu\u00e2n chuy\u1ec3n thi\u1ebft b\u1ecb gi\u1eefa c\u00e1c t\u1ea7ng b\u0103ng t\u1ea3i tr\u00ean v\u00e0 d\u01b0\u1edbi<\/strong> trong c\u00e1c d\u00e2y chuy\u1ec1n s\u1ea3n xu\u1ea5t t\u1ef1 \u0111\u1ed9ng.<\/span><\/p>\n<ol data-start=\"237\" data-end=\"695\">\n<li data-start=\"237\" data-end=\"341\">\n<p data-start=\"240\" data-end=\"341\"><span style=\"font-family: arial, helvetica, sans-serif; font-size: 10pt;\"><strong data-start=\"240\" data-end=\"263\">\u0110i\u1ec1u khi\u1ec3n \u0111\u1ed9ng c\u01a1 servo<\/strong> \u0111\u1ea3m b\u1ea3o \u0111\u1ed9 ch\u00ednh x\u00e1c \u0111\u1ecbnh v\u1ecb cao, \u0111\u1ed9 \u1ed5n \u0111\u1ecbnh tuy\u1ec7t v\u1eddi v\u00e0 hi\u1ec7u su\u1ea5t cao<\/span><\/p>\n<\/li>\n<li data-start=\"342\" data-end=\"425\">\n<p data-start=\"345\" data-end=\"425\"><span style=\"font-family: arial, helvetica, sans-serif; font-size: 10pt;\"><strong data-start=\"345\" data-end=\"372\">Hai thanh d\u1eabn h\u01b0\u1edbng tuy\u1ebfn t\u00ednh<\/strong> \u0111\u1ea3m b\u1ea3o \u0111\u1ed9 c\u1ee9ng c\u00e1p v\u00e0 chuy\u1ec3n \u0111\u1ed9ng n\u00e2ng h\u1ea1 \u00eam \u00e1i, \u1ed5n \u0111\u1ecbnh<\/span><\/p>\n<\/li>\n<li data-start=\"426\" data-end=\"513\">\n<p data-start=\"429\" data-end=\"513\"><span style=\"font-family: arial, helvetica, sans-serif; font-size: 10pt;\">\u0110\u01b0\u1ee3c trang b\u1ecb m\u1ed9t <strong data-start=\"445\" data-end=\"470\">Giao di\u1ec7n c\u1ea3m \u1ee9ng<\/strong> \u0111\u1ec3 thu\u1eadn ti\u1ec7n cho vi\u1ec7c b\u1ea3o tr\u00ec v\u00e0 g\u1ee1 l\u1ed7i<\/span><\/p>\n<\/li>\n<li data-start=\"514\" data-end=\"603\">\n<p data-start=\"517\" data-end=\"603\"><span style=\"font-family: arial, helvetica, sans-serif; font-size: 10pt;\"><strong data-start=\"517\" data-end=\"550\">B\u0103ng t\u1ea3i \u0111\u01b0\u1ee3c \u0111i\u1ec1u khi\u1ec3n b\u1eb1ng \u0111\u1ed9ng c\u01a1 b\u01b0\u1edbc<\/strong> \u0111\u1ea3m b\u1ea3o vi\u1ec7c v\u1eadn chuy\u1ec3n thi\u1ebft b\u1ecb \u0111\u01b0\u1ee3c \u1ed5n \u0111\u1ecbnh v\u00e0 \u0111\u00e1ng tin c\u1eady<\/span><\/p>\n<\/li>\n<li data-start=\"604\" data-end=\"695\">\n<p data-start=\"607\" data-end=\"695\"><span style=\"font-family: arial, helvetica, sans-serif; font-size: 10pt;\"><strong data-start=\"607\" data-end=\"636\">B\u0103ng t\u1ea3i c\u00f3 th\u1ec3 \u0111i\u1ec1u ch\u1ec9nh \u0111\u1ed9 r\u1ed9ng<\/strong>, mang l\u1ea1i kh\u1ea3 n\u0103ng th\u00edch \u1ee9ng cao v\u1edbi c\u00e1c k\u00edch th\u01b0\u1edbc gi\u00e1 \u0111\u1ee1 kh\u00e1c nhau<\/span><\/p>\n<\/li>\n<\/ol>\n<p>&nbsp;<\/p>","protected":false},"featured_media":3573,"comment_status":"open","ping_status":"closed","template":"","meta":{"_acf_changed":false},"product_brand":[],"product_cat":[157],"product_tag":[],"class_list":{"0":"post-3583","1":"product","2":"type-product","3":"status-publish","4":"has-post-thumbnail","6":"product_cat-standard-equipment","8":"first","9":"instock","10":"shipping-taxable","11":"product-type-simple"},"acf":[],"_links":{"self":[{"href":"https:\/\/ni-mech.com\/vi\/wp-json\/wp\/v2\/product\/3583","targetHints":{"allow":["GET"]}}],"collection":[{"href":"https:\/\/ni-mech.com\/vi\/wp-json\/wp\/v2\/product"}],"about":[{"href":"https:\/\/ni-mech.com\/vi\/wp-json\/wp\/v2\/types\/product"}],"replies":[{"embeddable":true,"href":"https:\/\/ni-mech.com\/vi\/wp-json\/wp\/v2\/comments?post=3583"}],"wp:featuredmedia":[{"embeddable":true,"href":"https:\/\/ni-mech.com\/vi\/wp-json\/wp\/v2\/media\/3573"}],"wp:attachment":[{"href":"https:\/\/ni-mech.com\/vi\/wp-json\/wp\/v2\/media?parent=3583"}],"wp:term":[{"taxonomy":"product_brand","embeddable":true,"href":"https:\/\/ni-mech.com\/vi\/wp-json\/wp\/v2\/product_brand?post=3583"},{"taxonomy":"product_cat","embeddable":true,"href":"https:\/\/ni-mech.com\/vi\/wp-json\/wp\/v2\/product_cat?post=3583"},{"taxonomy":"product_tag","embeddable":true,"href":"https:\/\/ni-mech.com\/vi\/wp-json\/wp\/v2\/product_tag?post=3583"}],"curies":[{"name":"wp","href":"https:\/\/api.w.org\/{rel}","templated":true}]}}