{"id":3557,"date":"2025-12-13T06:46:00","date_gmt":"2025-12-13T06:46:00","guid":{"rendered":"https:\/\/ni-mech.com\/?post_type=product&#038;p=3557"},"modified":"2026-01-23T03:09:32","modified_gmt":"2026-01-23T03:09:32","slug":"may-kiem-tra-niem-phong-voc","status":"publish","type":"product","link":"https:\/\/ni-mech.com\/vi\/san-pham\/may-kiem-tra-niem-phong-voc\/","title":{"rendered":"M\u00e1y ki\u1ec3m tra \u0111\u1ed9 k\u00edn VOC \uff5c M\u00e1y ki\u1ec3m tra \u0111\u1ed9 k\u00edn VOC"},"content":{"rendered":"<p><span style=\"font-family: arial, helvetica, sans-serif;\"><strong data-start=\"589\" data-end=\"616\">C\u1ea5u h\u00ecnh ti\u00eau chu\u1ea9n:<\/strong><\/span><br data-start=\"612\" data-end=\"615\" \/>M\u00f4-\u0111un ki\u1ec3m tra \u0111\u1ed9 k\u00edn 1\u20136 k\u00eanh; m\u00e1y ph\u00e2n t\u00edch n\u1ed3ng \u0111\u1ed9 VOC t\u1ea5t c\u1ea3 trong m\u1ed9t; m\u00f4-\u0111un qu\u00e9t m\u00e3 v\u1ea1ch; ph\u1ea7n m\u1ec1m ki\u1ec3m tra ti\u00eau chu\u1ea9n; m\u00f4-\u0111un ph\u00e2n lo\u1ea1i NG; c\u00e1nh tay robot t\u1ea3i\/x\u1ea3.<\/p>\n<p>&nbsp;<\/p>\n<table style=\"border-collapse: collapse; width: 100%;\">\n<tbody>\n<tr>\n<td style=\"width: 50%;\"><img decoding=\"async\" class=\"lazyload alignnone size-full wp-image-3559\" src=\"https:\/\/ni-mech.com\/wp-content\/uploads\/2026\/01\/e4c63748-bbbd-4abf-b880-5ef614837f8b.png\" data-orig-src=\"https:\/\/ni-mech.com\/wp-content\/uploads\/2026\/01\/e4c63748-bbbd-4abf-b880-5ef614837f8b.png\" alt=\"\" width=\"906\" height=\"822\" srcset=\"data:image\/svg+xml,%3Csvg%20xmlns%3D%27http%3A%2F%2Fwww.w3.org%2F2000%2Fsvg%27%20width%3D%27906%27%20height%3D%27822%27%20viewBox%3D%270%200%20906%20822%27%3E%3Crect%20width%3D%27906%27%20height%3D%27822%27%20fill-opacity%3D%220%22%2F%3E%3C%2Fsvg%3E\" data-srcset=\"https:\/\/ni-mech.com\/wp-content\/uploads\/2026\/01\/e4c63748-bbbd-4abf-b880-5ef614837f8b-13x12.png 13w, https:\/\/ni-mech.com\/wp-content\/uploads\/2026\/01\/e4c63748-bbbd-4abf-b880-5ef614837f8b-200x181.png 200w, https:\/\/ni-mech.com\/wp-content\/uploads\/2026\/01\/e4c63748-bbbd-4abf-b880-5ef614837f8b-300x272.png 300w, https:\/\/ni-mech.com\/wp-content\/uploads\/2026\/01\/e4c63748-bbbd-4abf-b880-5ef614837f8b-400x363.png 400w, https:\/\/ni-mech.com\/wp-content\/uploads\/2026\/01\/e4c63748-bbbd-4abf-b880-5ef614837f8b-500x454.png 500w, https:\/\/ni-mech.com\/wp-content\/uploads\/2026\/01\/e4c63748-bbbd-4abf-b880-5ef614837f8b-600x544.png 600w, https:\/\/ni-mech.com\/wp-content\/uploads\/2026\/01\/e4c63748-bbbd-4abf-b880-5ef614837f8b-700x635.png 700w, https:\/\/ni-mech.com\/wp-content\/uploads\/2026\/01\/e4c63748-bbbd-4abf-b880-5ef614837f8b-768x697.png 768w, https:\/\/ni-mech.com\/wp-content\/uploads\/2026\/01\/e4c63748-bbbd-4abf-b880-5ef614837f8b-800x726.png 800w, https:\/\/ni-mech.com\/wp-content\/uploads\/2026\/01\/e4c63748-bbbd-4abf-b880-5ef614837f8b.png 906w\" data-sizes=\"auto\" data-orig-sizes=\"(max-width: 906px) 100vw, 906px\" \/><\/td>\n<td style=\"width: 50%;\">\n<ul>\n<li data-start=\"1398\" data-end=\"1511\">\n<p data-start=\"1400\" data-end=\"1511\"><span style=\"font-size: 10pt;\"><strong data-start=\"1400\" data-end=\"1424\">S\u1ea3n ph\u1ea9m \u00e1p d\u1ee5ng:<\/strong> Pin, bao b\u00ec ch\u1ee9a c\u1ed3n, bao b\u00ec \u0111\u1ed3 u\u1ed1ng, bao b\u00ec s\u1ea3n ph\u1ea9m h\u00f3a ch\u1ea5t h\u1eefu c\u01a1<\/span><\/p>\n<\/li>\n<li data-start=\"1512\" data-end=\"1547\">\n<p data-start=\"1514\" data-end=\"1547\"><span style=\"font-size: 10pt;\"><strong data-start=\"1514\" data-end=\"1539\">\u0110\u1ed9 nh\u1ea1y c\u1ee7a b\u1ed9 ph\u00e2n t\u00edch:<\/strong> 1 ph\u1ea7n tr\u00ean t\u1ef7 l\u1ec7 (ppb)<\/span><\/p>\n<\/li>\n<li data-start=\"1548\" data-end=\"1586\">\n<p data-start=\"1550\" data-end=\"1586\"><span style=\"font-size: 10pt;\"><strong data-start=\"1550\" data-end=\"1572\">D\u1ea3i \u0111o:<\/strong> 0\u201340.000 ph\u1ea7n tr\u00ean t\u1ef7 l\u1ec7 (ppb)<\/span><\/p>\n<\/li>\n<li data-start=\"1587\" data-end=\"1616\">\n<p data-start=\"1589\" data-end=\"1616\"><span style=\"font-size: 10pt;\"><strong data-start=\"1589\" data-end=\"1608\">Th\u1ec3 t\u00edch bu\u1ed3ng:<\/strong> \u226412 l\u00edt<\/span><\/p>\n<\/li>\n<li data-start=\"1617\" data-end=\"1696\">\n<p data-start=\"1619\" data-end=\"1696\"><span style=\"font-size: 10pt;\"><strong data-start=\"1619\" data-end=\"1638\">T\u1ef7 l\u1ec7 ph\u00e1t hi\u1ec7n:<\/strong> Ph\u00e1t hi\u1ec7n 100% trong v\u00f2ng 4 gi\u1edd khi l\u1ed7 r\u00f2 r\u1ec9 \u22650,1 mm<\/span><\/p>\n<\/li>\n<li data-start=\"1697\" data-end=\"1721\">\n<p data-start=\"1699\" data-end=\"1721\"><span style=\"font-size: 10pt;\"><strong data-start=\"1699\" data-end=\"1714\">Cycle th\u1eed nghi\u1ec7m:<\/strong> 55 gi\u00e2y<\/span><\/p>\n<\/li>\n<li data-start=\"1722\" data-end=\"1758\">\n<p data-start=\"1724\" data-end=\"1758\"><span style=\"font-size: 10pt;\"><strong data-start=\"1724\" data-end=\"1752\">S\u1ed1 l\u01b0\u1ee3ng bu\u1ed3ng th\u1eed nghi\u1ec7m:<\/strong> 1\u20136<\/span><\/p>\n<\/li>\n<li data-start=\"1759\" data-end=\"1792\">\n<p data-start=\"1761\" data-end=\"1792\"><span style=\"font-size: 10pt;\"><strong data-start=\"1761\" data-end=\"1785\">\u0110\u1ed9 \u0111\u1ed3ng \u0111\u1ec1u c\u1ee7a m\u1eabu:<\/strong> \u226595%<\/span><\/p>\n<\/li>\n<li data-start=\"1793\" data-end=\"1913\">\n<p data-start=\"1795\" data-end=\"1820\"><span style=\"font-size: 10pt;\"><strong data-start=\"1795\" data-end=\"1818\">K\u00edch th\u01b0\u1edbc m\u00e1y:<\/strong><\/span><\/p>\n<ul data-start=\"1823\" data-end=\"1913\">\n<li data-start=\"1823\" data-end=\"1868\">\n<p data-start=\"1825\" data-end=\"1868\"><span style=\"font-size: 10pt;\">Ho\u00e0n to\u00e0n t\u1ef1 \u0111\u1ed9ng: L2800 \u00d7 W1500 \u00d7 H2000 mm<\/span><\/p>\n<\/li>\n<li data-start=\"1871\" data-end=\"1913\">\n<p data-start=\"1873\" data-end=\"1913\"><span style=\"font-size: 10pt;\">B\u00e1n t\u1ef1 \u0111\u1ed9ng: L900 \u00d7 W900 \u00d7 H1900 mm<\/span><\/p>\n<\/li>\n<\/ul>\n<\/li>\n<li data-start=\"1914\" data-end=\"1954\">\n<p data-start=\"1916\" data-end=\"1954\"><span style=\"font-size: 10pt;\"><strong data-start=\"1916\" data-end=\"1935\">Tr\u1ecdng l\u01b0\u1ee3ng m\u00e1y:<\/strong> 1000 kg \/ 200 kg<\/span><\/p>\n<\/li>\n<li data-start=\"1955\" data-end=\"2026\">\n<p data-start=\"1957\" data-end=\"2026\"><span style=\"font-size: 10pt;\"><strong data-start=\"1957\" data-end=\"1970\">Ph\u1ea7n m\u1ec1m:<\/strong> H\u1ec7 th\u1ed1ng ph\u1ea7n m\u1ec1m ki\u1ec3m tra ti\u00eau chu\u1ea9n; K\u1ebft n\u1ed1i MES c\u00f3 s\u1eb5n<\/span><\/p>\n<\/li>\n<\/ul>\n<\/td>\n<\/tr>\n<\/tbody>\n<\/table>","protected":false},"excerpt":{"rendered":"<p data-start=\"75\" data-end=\"97\"><strong><span style=\"font-family: arial, helvetica, sans-serif; font-size: 13pt;\">T\u00ednh n\u0103ng c\u1ee7a thi\u1ebft b\u1ecb<\/span><\/strong><\/p>\n<p data-start=\"111\" data-end=\"456\"><span style=\"font-size: 10pt; font-family: arial, helvetica, sans-serif;\">M\u00e1y ki\u1ec3m tra ni\u00eam phong VOC s\u1eed d\u1ee5ng c\u00f4ng ngh\u1ec7 ni\u00eam phong t\u1ef1 ph\u00e1t tri\u1ec3n v\u1edbi \u0111\u1ed9 ch\u00ednh x\u00e1c cao. <strong data-start=\"183\" data-end=\"211\">C\u1ea3m bi\u1ebfn n\u1ed3ng \u0111\u1ed9 VOC<\/strong> \u0110\u1ec3 ki\u1ec3m tra <strong data-start=\"224\" data-end=\"241\">M\u1ee9c \u0111\u1ed9 r\u00f2 r\u1ec9<\/strong> c\u1ee7a c\u00e1c s\u1ea3n ph\u1ea9m \u0111\u01b0\u1ee3c \u0111\u1eb7t b\u00ean trong m\u1ed9t bu\u1ed3ng k\u00edn (s\u1ea3n ph\u1ea9m \u0111\u01b0\u1ee3c th\u1eed nghi\u1ec7m ph\u1ea3i l\u00e0) <strong data-start=\"313\" data-end=\"362\">\u0111\u01b0\u1ee3c \u0111\u00f3ng k\u00edn v\u00e0 ch\u1ee9a c\u00e1c h\u1ee3p ch\u1ea5t h\u1eefu c\u01a1 bay h\u01a1i<\/strong>B\u1eb1ng c\u00e1ch \u0111o l\u01b0\u1eddng s\u1ef1 thay \u0111\u1ed5i n\u1ed3ng \u0111\u1ed9 VOC, h\u1ec7 th\u1ed1ng x\u00e1c \u0111\u1ecbnh xem c\u00f3 x\u1ea3y ra r\u00f2 r\u1ec9 hay kh\u00f4ng.<\/span><\/p>\n<ol data-start=\"458\" data-end=\"1152\">\n<li data-start=\"458\" data-end=\"558\">\n<p data-start=\"461\" data-end=\"558\"><span style=\"font-size: 10pt; font-family: arial, helvetica, sans-serif;\"><strong data-start=\"461\" data-end=\"482\">\u0110\u1ed9 nh\u1ea1y 1 ppb<\/strong> M\u00e1y ph\u00e2n t\u00edch n\u1ed3ng \u0111\u1ed9 VOC \u0111\u1ea3m b\u1ea3o hi\u1ec7u qu\u1ea3 t\u1ef7 l\u1ec7 ph\u00e1t hi\u1ec7n r\u00f2 r\u1ec9 cao.<\/span><\/p>\n<\/li>\n<li data-start=\"559\" data-end=\"710\">\n<p data-start=\"562\" data-end=\"710\"><span style=\"font-size: 10pt; font-family: arial, helvetica, sans-serif;\">M\u00e1y ph\u00e2n t\u00edch VOC t\u1ef1 ph\u00e1t tri\u1ec3n \u0111\u01b0\u1ee3c t\u00edch h\u1ee3p ch\u1eb7t ch\u1ebd v\u00e0o thi\u1ebft b\u1ecb, \u0111\u1ea3m b\u1ea3o s\u1ef1 t\u01b0\u01a1ng th\u00edch gi\u1eefa ph\u1ea7n m\u1ec1m v\u00e0 ph\u1ea7n c\u1ee9ng. <strong data-start=\"662\" data-end=\"681\">Kh\u1ea3 n\u0103ng t\u00f9y ch\u1ec9nh<\/strong> v\u00e0 <strong data-start=\"686\" data-end=\"708\">S\u1ef1 nh\u1ea5t qu\u00e1n c\u1ee7a h\u1ec7 th\u1ed1ng<\/strong><\/span><\/p>\n<\/li>\n<li data-start=\"711\" data-end=\"780\">\n<p data-start=\"714\" data-end=\"780\"><span style=\"font-size: 10pt; font-family: arial, helvetica, sans-serif;\">Ti\u00eau chu\u1ea9n <strong data-start=\"723\" data-end=\"753\">M\u00f4-\u0111un kh\u00ed n\u00e9n t\u1ef1 \u0111\u1ed9ng<\/strong>, ti\u1ebft ki\u1ec7m th\u1eddi gian b\u1ea3o tr\u00ec<\/span><\/p>\n<\/li>\n<li data-start=\"781\" data-end=\"853\">\n<p data-start=\"784\" data-end=\"853\"><span style=\"font-size: 10pt; font-family: arial, helvetica, sans-serif;\"><strong data-start=\"784\" data-end=\"810\">Nhi\u1ec1u k\u00eanh th\u1eed nghi\u1ec7m<\/strong> \u0110\u1ec3 \u0111\u00e1p \u1ee9ng nhu c\u1ea7u s\u1ea3n xu\u1ea5t c\u00f3 c\u00f4ng su\u1ea5t cao.<\/span><\/p>\n<\/li>\n<li data-start=\"854\" data-end=\"951\">\n<p data-start=\"857\" data-end=\"951\"><span style=\"font-size: 10pt; font-family: arial, helvetica, sans-serif;\">Ti\u00eau chu\u1ea9n <strong data-start=\"866\" data-end=\"895\">M\u00f4-\u0111un ph\u00e2n lo\u1ea1i\/ch\u1ecdn l\u1ecdc NG<\/strong> \u0110\u1ec3 n\u00e2ng cao hi\u1ec7u qu\u1ea3 ph\u00e1t hi\u1ec7n s\u1ea3n ph\u1ea9m l\u1ed7i.<\/span><\/p>\n<\/li>\n<li data-start=\"952\" data-end=\"1027\">\n<p data-start=\"955\" data-end=\"1027\"><span style=\"font-size: 10pt; font-family: arial, helvetica, sans-serif;\">Thi\u1ebft k\u1ebf m\u00f4-\u0111un gi\u00fap c\u1ea3i thi\u1ec7n \u0111\u1ed9 \u1ed5n \u0111\u1ecbnh c\u1ee7a thi\u1ebft b\u1ecb v\u00e0 hi\u1ec7u qu\u1ea3 ph\u00e1t tri\u1ec3n.<\/span><\/p>\n<\/li>\n<li data-start=\"1028\" data-end=\"1092\">\n<p data-start=\"1031\" data-end=\"1092\"><span style=\"font-size: 10pt; font-family: arial, helvetica, sans-serif;\"><strong data-start=\"1031\" data-end=\"1050\">Ho\u00e0n to\u00e0n t\u1ef1 \u0111\u1ed9ng<\/strong> \/ <strong data-start=\"1053\" data-end=\"1071\">b\u00e1n t\u1ef1 \u0111\u1ed9ng<\/strong> C\u00e1c phi\u00ean b\u1ea3n c\u00f3 s\u1eb5n<\/span><\/p>\n<\/li>\n<li data-start=\"1093\" data-end=\"1152\">\n<p data-start=\"1096\" data-end=\"1152\"><span style=\"font-size: 10pt; font-family: arial, helvetica, sans-serif;\">C\u00f3 th\u1ec3 k\u1ebft n\u1ed1i v\u1edbi <strong data-start=\"1111\" data-end=\"1118\">H\u1ec7 th\u1ed1ng Qu\u1ea3n l\u00fd S\u1ea3n xu\u1ea5t (MES)<\/strong> v\u00e0 c\u00e1c h\u1ec7 th\u1ed1ng x\u1eed l\u00fd d\u1eef li\u1ec7u kh\u00e1c<\/span><\/p>\n<\/li>\n<\/ol>\n<p>&nbsp;<\/p>","protected":false},"featured_media":3558,"comment_status":"open","ping_status":"closed","template":"","meta":{"_acf_changed":false},"product_brand":[],"product_cat":[158],"product_tag":[],"class_list":{"0":"post-3557","1":"product","2":"type-product","3":"status-publish","4":"has-post-thumbnail","6":"product_cat-sealing-tester","8":"first","9":"instock","10":"shipping-taxable","11":"product-type-simple"},"acf":[],"_links":{"self":[{"href":"https:\/\/ni-mech.com\/vi\/wp-json\/wp\/v2\/product\/3557","targetHints":{"allow":["GET"]}}],"collection":[{"href":"https:\/\/ni-mech.com\/vi\/wp-json\/wp\/v2\/product"}],"about":[{"href":"https:\/\/ni-mech.com\/vi\/wp-json\/wp\/v2\/types\/product"}],"replies":[{"embeddable":true,"href":"https:\/\/ni-mech.com\/vi\/wp-json\/wp\/v2\/comments?post=3557"}],"wp:featuredmedia":[{"embeddable":true,"href":"https:\/\/ni-mech.com\/vi\/wp-json\/wp\/v2\/media\/3558"}],"wp:attachment":[{"href":"https:\/\/ni-mech.com\/vi\/wp-json\/wp\/v2\/media?parent=3557"}],"wp:term":[{"taxonomy":"product_brand","embeddable":true,"href":"https:\/\/ni-mech.com\/vi\/wp-json\/wp\/v2\/product_brand?post=3557"},{"taxonomy":"product_cat","embeddable":true,"href":"https:\/\/ni-mech.com\/vi\/wp-json\/wp\/v2\/product_cat?post=3557"},{"taxonomy":"product_tag","embeddable":true,"href":"https:\/\/ni-mech.com\/vi\/wp-json\/wp\/v2\/product_tag?post=3557"}],"curies":[{"name":"wp","href":"https:\/\/api.w.org\/{rel}","templated":true}]}}