{"id":3550,"date":"2025-12-13T06:32:27","date_gmt":"2025-12-13T06:32:27","guid":{"rendered":"https:\/\/ni-mech.com\/?post_type=product&#038;p=3550"},"modified":"2026-01-26T14:29:44","modified_gmt":"2026-01-26T14:29:44","slug":"may-lat-tu-dong","status":"publish","type":"product","link":"https:\/\/ni-mech.com\/vi\/san-pham\/may-lat-tu-dong\/","title":{"rendered":"M\u00e1y l\u1eadt t\u1ef1 \u0111\u1ed9ng\uff5cM\u00e1y l\u1eadt t\u1ef1 \u0111\u1ed9ng"},"content":{"rendered":"<p><span style=\"font-family: arial, helvetica, sans-serif;\"><strong data-start=\"589\" data-end=\"616\">C\u1ea5u h\u00ecnh ti\u00eau chu\u1ea9n:<\/strong><\/span><br data-start=\"612\" data-end=\"615\" \/>Lo\u1ea1i d\u00e2y \u0111ai <strong data-start=\"1078\" data-end=\"1103\">B\u0103ng t\u1ea3i hai l\u1edbp<\/strong>; <strong data-start=\"1105\" data-end=\"1127\">C\u01a1 ch\u1ebf l\u1eadt<\/strong>; <strong data-start=\"1129\" data-end=\"1158\">M\u00f4-\u0111un n\u00e2ng b\u1eb1ng tr\u1ee5c v\u00edt<\/strong>; <strong data-start=\"1160\" data-end=\"1184\">thi\u1ebft b\u1ecb ti\u00eau chu\u1ea9n<\/strong><\/p>\n<p>&nbsp;<\/p>\n<table style=\"border-collapse: collapse; width: 100%;\">\n<tbody>\n<tr>\n<td style=\"width: 50%;\"><img decoding=\"async\" class=\"lazyload alignnone wp-image-3551 size-full\" src=\"https:\/\/ni-mech.com\/wp-content\/uploads\/2026\/01\/56666184-2e43-468c-ae78-84ff546b86e0.png\" data-orig-src=\"https:\/\/ni-mech.com\/wp-content\/uploads\/2026\/01\/56666184-2e43-468c-ae78-84ff546b86e0.png\" alt=\"M\u00e1y l\u1eadt t\u1ef1 \u0111\u1ed9ng\" width=\"1230\" height=\"894\" srcset=\"data:image\/svg+xml,%3Csvg%20xmlns%3D%27http%3A%2F%2Fwww.w3.org%2F2000%2Fsvg%27%20width%3D%271230%27%20height%3D%27894%27%20viewBox%3D%270%200%201230%20894%27%3E%3Crect%20width%3D%271230%27%20height%3D%27894%27%20fill-opacity%3D%220%22%2F%3E%3C%2Fsvg%3E\" data-srcset=\"https:\/\/ni-mech.com\/wp-content\/uploads\/2026\/01\/56666184-2e43-468c-ae78-84ff546b86e0-18x12.png 18w, https:\/\/ni-mech.com\/wp-content\/uploads\/2026\/01\/56666184-2e43-468c-ae78-84ff546b86e0-200x145.png 200w, https:\/\/ni-mech.com\/wp-content\/uploads\/2026\/01\/56666184-2e43-468c-ae78-84ff546b86e0-300x218.png 300w, https:\/\/ni-mech.com\/wp-content\/uploads\/2026\/01\/56666184-2e43-468c-ae78-84ff546b86e0-400x291.png 400w, https:\/\/ni-mech.com\/wp-content\/uploads\/2026\/01\/56666184-2e43-468c-ae78-84ff546b86e0-500x363.png 500w, https:\/\/ni-mech.com\/wp-content\/uploads\/2026\/01\/56666184-2e43-468c-ae78-84ff546b86e0-600x436.png 600w, https:\/\/ni-mech.com\/wp-content\/uploads\/2026\/01\/56666184-2e43-468c-ae78-84ff546b86e0-700x509.png 700w, https:\/\/ni-mech.com\/wp-content\/uploads\/2026\/01\/56666184-2e43-468c-ae78-84ff546b86e0-768x558.png 768w, https:\/\/ni-mech.com\/wp-content\/uploads\/2026\/01\/56666184-2e43-468c-ae78-84ff546b86e0-800x581.png 800w, https:\/\/ni-mech.com\/wp-content\/uploads\/2026\/01\/56666184-2e43-468c-ae78-84ff546b86e0-1024x744.png 1024w, https:\/\/ni-mech.com\/wp-content\/uploads\/2026\/01\/56666184-2e43-468c-ae78-84ff546b86e0-1200x872.png 1200w, https:\/\/ni-mech.com\/wp-content\/uploads\/2026\/01\/56666184-2e43-468c-ae78-84ff546b86e0.png 1230w\" data-sizes=\"auto\" data-orig-sizes=\"(max-width: 1230px) 100vw, 1230px\" \/><\/td>\n<td style=\"width: 50%;\">\n<ul>\n<li data-start=\"1186\" data-end=\"1236\">\n<p data-start=\"1188\" data-end=\"1236\"><span style=\"font-family: arial, helvetica, sans-serif;\"><strong data-start=\"1188\" data-end=\"1225\">\u0110\u1ed9 ch\u00ednh x\u00e1c c\u1ee7a v\u1ecb tr\u00ed l\u1eb7p l\u1ea1i khi n\u00e2ng:<\/strong> \u00b10,01 mm<\/span><\/p>\n<\/li>\n<li data-start=\"1237\" data-end=\"1273\">\n<p data-start=\"1239\" data-end=\"1273\"><span style=\"font-family: arial, helvetica, sans-serif;\"><strong data-start=\"1239\" data-end=\"1261\">\u0110\u1ed9 ch\u00ednh x\u00e1c khi l\u1eadt:<\/strong> \u00b15 ph\u00fat cung<\/span><\/p>\n<\/li>\n<li data-start=\"1274\" data-end=\"1318\">\n<p data-start=\"1276\" data-end=\"1318\"><span style=\"font-family: arial, helvetica, sans-serif;\"><strong data-start=\"1276\" data-end=\"1299\">Ph\u1ee5 ki\u1ec7n \u00e1p d\u1ee5ng:<\/strong> Thi\u1ebft b\u1ecb ti\u00eau chu\u1ea9n<\/span><\/p>\n<\/li>\n<li data-start=\"1319\" data-end=\"1360\">\n<p data-start=\"1321\" data-end=\"1360\"><span style=\"font-family: arial, helvetica, sans-serif;\"><strong data-start=\"1321\" data-end=\"1343\">Giao di\u1ec7n m\u00e1y:<\/strong> Ti\u00eau chu\u1ea9n SMEMA<\/span><\/p>\n<\/li>\n<li data-start=\"1361\" data-end=\"1414\">\n<p data-start=\"1363\" data-end=\"1414\"><span style=\"font-family: arial, helvetica, sans-serif;\"><strong data-start=\"1363\" data-end=\"1378\">Hi\u1ec7u qu\u1ea3:<\/strong> 7 PPM (d\u1ef1a tr\u00ean s\u1ed1 l\u01b0\u1ee3ng thi\u1ebft b\u1ecb)<\/span><\/p>\n<\/li>\n<li data-start=\"1415\" data-end=\"1459\">\n<p data-start=\"1417\" data-end=\"1459\"><span style=\"font-family: arial, helvetica, sans-serif;\"><strong data-start=\"1417\" data-end=\"1434\">K\u00edch th\u01b0\u1edbc m\u00e1y:<\/strong> Chi\u1ec1u r\u1ed9ng 850 \u00d7 Chi\u1ec1u d\u00e0i 850 \u00d7 Chi\u1ec1u cao 1900 mm<\/span><\/p>\n<\/li>\n<li data-start=\"1460\" data-end=\"1490\">\n<p data-start=\"1462\" data-end=\"1490\"><span style=\"font-family: arial, helvetica, sans-serif;\"><strong data-start=\"1462\" data-end=\"1481\">Tr\u1ecdng l\u01b0\u1ee3ng m\u00e1y:<\/strong> 160 kg<\/span><\/p>\n<\/li>\n<li data-start=\"1491\" data-end=\"1587\">\n<p data-start=\"1493\" data-end=\"1587\"><span style=\"font-family: arial, helvetica, sans-serif;\"><strong data-start=\"1493\" data-end=\"1506\">Ph\u1ea7n m\u1ec1m:<\/strong> T\u01b0\u01a1ng th\u00edch v\u1edbi h\u1ec7 th\u1ed1ng MES; h\u1ed7 tr\u1ee3 t\u00edch h\u1ee3p ho\u00e0n to\u00e0n t\u1ef1 \u0111\u1ed9ng v\u00e0o d\u00e2y chuy\u1ec1n s\u1ea3n xu\u1ea5t.<\/span><\/p>\n<\/li>\n<\/ul>\n<\/td>\n<\/tr>\n<\/tbody>\n<\/table>","protected":false},"excerpt":{"rendered":"<p data-start=\"75\" data-end=\"97\"><strong><span style=\"font-family: arial, helvetica, sans-serif; font-size: 13pt;\">T\u00ednh n\u0103ng c\u1ee7a thi\u1ebft b\u1ecb<\/span><\/strong><\/p>\n<p data-start=\"104\" data-end=\"351\"><span style=\"font-family: arial, helvetica, sans-serif; font-size: 10pt;\">M\u00e1y l\u1eadt t\u1ef1 \u0111\u1ed9ng \u0111\u01b0\u1ee3c s\u1eed d\u1ee5ng \u0111\u1ec3 <strong data-start=\"147\" data-end=\"172\">\u0110\u1ea3o ng\u01b0\u1ee3c gi\u00e1 \u0111\u1ee1 180\u00b0<\/strong>. N\u00f3 c\u00f3 th\u1ec3 l\u1eadt c\u00e1c s\u1ea3n ph\u1ea9m (ch\u1eb3ng h\u1ea1n nh\u01b0 <strong data-start=\"204\" data-end=\"219\">Bo m\u1ea1ch in (PCBA)<\/strong>\u0110\u1ec3 cho ph\u00e9p x\u1eed l\u00fd t\u1ef1 \u0111\u1ed9ng \u1edf c\u1ea3 hai b\u00ean, gi\u00fap c\u00e1c thao t\u00e1c ph\u00eda tr\u01b0\u1edbc v\u00e0 ph\u00eda sau d\u1ec5 d\u00e0ng t\u00edch h\u1ee3p v\u00e0o d\u00e2y chuy\u1ec1n t\u1ef1 \u0111\u1ed9ng.<\/span><\/p>\n<ol data-start=\"353\" data-end=\"1011\">\n<li data-start=\"353\" data-end=\"424\">\n<p data-start=\"356\" data-end=\"424\"><span style=\"font-family: arial, helvetica, sans-serif; font-size: 10pt;\">H\u1ed7 tr\u1ee3 c\u1ea3 hai <strong data-start=\"370\" data-end=\"389\">ho\u00e0n to\u00e0n t\u1ef1 \u0111\u1ed9ng<\/strong> v\u00e0 <strong data-start=\"394\" data-end=\"412\">b\u00e1n t\u1ef1 \u0111\u1ed9ng<\/strong> ho\u1ea1t \u0111\u1ed9ng<\/span><\/p>\n<\/li>\n<li data-start=\"425\" data-end=\"521\">\n<p data-start=\"428\" data-end=\"521\"><span style=\"font-family: arial, helvetica, sans-serif; font-size: 10pt;\"><strong data-start=\"428\" data-end=\"488\">M\u00f4-\u0111un n\u00e2ng b\u1eb1ng v\u00edt bi + c\u01a1 ch\u1ebf xoay ch\u00ednh x\u00e1c<\/strong> Cho ph\u00e9p l\u1eadt v\u1edbi \u0111\u1ed9 ch\u00ednh x\u00e1c cao<\/span><\/p>\n<\/li>\n<li data-start=\"522\" data-end=\"669\">\n<p data-start=\"525\" data-end=\"669\"><span style=\"font-family: arial, helvetica, sans-serif; font-size: 10pt;\">L\u1eadt ng\u01b0\u1ee3c <strong data-start=\"535\" data-end=\"566\">To\u00e0n b\u1ed9 b\u1ed9 ph\u1eadn trong m\u1ed9t chu k\u1ef3<\/strong>\u2014T\u1ea5t c\u1ea3 c\u00e1c s\u1ea3n ph\u1ea9m trong gi\u00e1 \u0111\u1ee1 \u0111\u01b0\u1ee3c l\u1eadt c\u00f9ng l\u00fac, \u0111\u1ea3m b\u1ea3o <strong data-start=\"625\" data-end=\"643\">\u0111\u1ed9 \u1ed5n \u0111\u1ecbnh cao<\/strong> v\u00e0 <strong data-start=\"648\" data-end=\"667\">hi\u1ec7u su\u1ea5t cao<\/strong><\/span><\/p>\n<\/li>\n<li data-start=\"670\" data-end=\"750\">\n<p data-start=\"673\" data-end=\"750\"><span style=\"font-family: arial, helvetica, sans-serif; font-size: 10pt;\">Ho\u1ea1t \u0111\u1ed9ng v\u1edbi <strong data-start=\"684\" data-end=\"709\">thi\u1ebft b\u1ecb ti\u00eau chu\u1ea9n<\/strong> cho <strong data-start=\"714\" data-end=\"748\">Kh\u00f4ng c\u1ea7n c\u1ea3m bi\u1ebfn \/ Chuy\u1ec3n \u0111\u1ed5i nhanh<\/strong><\/span><\/p>\n<\/li>\n<li data-start=\"751\" data-end=\"848\">\n<p data-start=\"754\" data-end=\"848\"><span style=\"font-family: arial, helvetica, sans-serif; font-size: 10pt;\">S\u1ea3n xu\u1ea5t b\u00e1n t\u1ef1 \u0111\u1ed9ng \u0111\u01b0\u1ee3c h\u1ed7 tr\u1ee3 b\u1edfi <strong data-start=\"795\" data-end=\"817\">N\u00fat kh\u1edfi \u0111\u1ed9ng k\u00e9p<\/strong> v\u00e0 <strong data-start=\"822\" data-end=\"846\">R\u00e8m \u00e1nh s\u00e1ng an to\u00e0n<\/strong><\/span><\/p>\n<\/li>\n<li data-start=\"849\" data-end=\"1011\">\n<p data-start=\"852\" data-end=\"1011\"><span style=\"font-family: arial, helvetica, sans-serif; font-size: 10pt;\">T\u00f9y ch\u1ecdn <strong data-start=\"861\" data-end=\"898\">B\u1ed9 \u0111i\u1ec1u khi\u1ec3n ph\u00e2n ph\u1ed1i th\u00f4ng minh<\/strong> (v\u1edbi <strong data-start=\"905\" data-end=\"942\">Van t\u1ef7 l\u1ec7 \u0111\u1ed9 ch\u00ednh x\u00e1c cao<\/strong>, ph\u00f9 h\u1ee3p cho <strong data-start=\"957\" data-end=\"997\">H\u1ec7 th\u1ed1ng ph\u00e2n ph\u1ed1i \u0111i\u1ec1u khi\u1ec3n \u00e1p su\u1ea5t b\u1eb1ng servo<\/strong> \u1ee9ng d\u1ee5ng)<\/span><\/p>\n<\/li>\n<\/ol>\n<p>&nbsp;<\/p>","protected":false},"featured_media":3552,"comment_status":"open","ping_status":"closed","template":"","meta":{"_acf_changed":false},"product_brand":[],"product_cat":[157],"product_tag":[],"class_list":{"0":"post-3550","1":"product","2":"type-product","3":"status-publish","4":"has-post-thumbnail","6":"product_cat-standard-equipment","8":"first","9":"instock","10":"shipping-taxable","11":"product-type-simple"},"acf":[],"_links":{"self":[{"href":"https:\/\/ni-mech.com\/vi\/wp-json\/wp\/v2\/product\/3550","targetHints":{"allow":["GET"]}}],"collection":[{"href":"https:\/\/ni-mech.com\/vi\/wp-json\/wp\/v2\/product"}],"about":[{"href":"https:\/\/ni-mech.com\/vi\/wp-json\/wp\/v2\/types\/product"}],"replies":[{"embeddable":true,"href":"https:\/\/ni-mech.com\/vi\/wp-json\/wp\/v2\/comments?post=3550"}],"wp:featuredmedia":[{"embeddable":true,"href":"https:\/\/ni-mech.com\/vi\/wp-json\/wp\/v2\/media\/3552"}],"wp:attachment":[{"href":"https:\/\/ni-mech.com\/vi\/wp-json\/wp\/v2\/media?parent=3550"}],"wp:term":[{"taxonomy":"product_brand","embeddable":true,"href":"https:\/\/ni-mech.com\/vi\/wp-json\/wp\/v2\/product_brand?post=3550"},{"taxonomy":"product_cat","embeddable":true,"href":"https:\/\/ni-mech.com\/vi\/wp-json\/wp\/v2\/product_cat?post=3550"},{"taxonomy":"product_tag","embeddable":true,"href":"https:\/\/ni-mech.com\/vi\/wp-json\/wp\/v2\/product_tag?post=3550"}],"curies":[{"name":"wp","href":"https:\/\/api.w.org\/{rel}","templated":true}]}}