{"id":3547,"date":"2025-12-13T06:25:10","date_gmt":"2025-12-13T06:25:10","guid":{"rendered":"https:\/\/ni-mech.com\/?post_type=product&#038;p=3547"},"modified":"2026-01-26T14:28:46","modified_gmt":"2026-01-26T14:28:46","slug":"may-lap-rap-nap-bao-ve","status":"publish","type":"product","link":"https:\/\/ni-mech.com\/vi\/san-pham\/may-lap-rap-nap-bao-ve\/","title":{"rendered":"M\u00e1y l\u1eafp r\u00e1p v\u1ecf b\u1ea3o v\u1ec7 \uff5cM\u00e1y l\u1eafp r\u00e1p b\u1ec1 m\u1eb7t ph\u1eb3ng"},"content":{"rendered":"<p><span style=\"font-family: arial, helvetica, sans-serif;\"><strong data-start=\"589\" data-end=\"616\">C\u1ea5u h\u00ecnh ti\u00eau chu\u1ea9n:<\/strong><\/span><br data-start=\"612\" data-end=\"615\" \/>Lo\u1ea1i d\u00e2y \u0111ai <strong data-start=\"625\" data-end=\"650\">B\u0103ng t\u1ea3i hai l\u1edbp<\/strong>; <strong data-start=\"652\" data-end=\"679\">m\u00f4-\u0111un \u0111\u1ecbnh v\u1ecb t\u1ea7m nh\u00ecn<\/strong>; <strong data-start=\"681\" data-end=\"708\">M\u00f4-\u0111un tr\u1ee5c v\u00edt servo<\/strong>; <strong data-start=\"710\" data-end=\"746\">\u0110\u1ea7u \u0111\u1eb7t linh ki\u1ec7n t\u1ed1c \u0111\u1ed9 cao 6 \u0111\u1ea7u<\/strong>; <strong data-start=\"748\" data-end=\"764\">b\u1ed9 n\u1ea1p k\u00e9p<\/strong><\/p>\n<p>&nbsp;<\/p>\n<table style=\"border-collapse: collapse; width: 100%;\">\n<tbody>\n<tr>\n<td style=\"width: 50%;\"><img decoding=\"async\" class=\"lazyload alignnone wp-image-3549 size-full\" src=\"https:\/\/ni-mech.com\/wp-content\/uploads\/2026\/01\/2b68b0fb-b31f-43e2-b016-53b539d5cf00.png\" data-orig-src=\"https:\/\/ni-mech.com\/wp-content\/uploads\/2026\/01\/2b68b0fb-b31f-43e2-b016-53b539d5cf00.png\" alt=\"M\u00e1y \u0111\u1eb7t linh ki\u1ec7n ph\u1eb3ng\" width=\"1500\" height=\"948\" srcset=\"data:image\/svg+xml,%3Csvg%20xmlns%3D%27http%3A%2F%2Fwww.w3.org%2F2000%2Fsvg%27%20width%3D%271500%27%20height%3D%27948%27%20viewBox%3D%270%200%201500%20948%27%3E%3Crect%20width%3D%271500%27%20height%3D%27948%27%20fill-opacity%3D%220%22%2F%3E%3C%2Fsvg%3E\" data-srcset=\"https:\/\/ni-mech.com\/wp-content\/uploads\/2026\/01\/2b68b0fb-b31f-43e2-b016-53b539d5cf00-18x12.png 18w, https:\/\/ni-mech.com\/wp-content\/uploads\/2026\/01\/2b68b0fb-b31f-43e2-b016-53b539d5cf00-200x126.png 200w, https:\/\/ni-mech.com\/wp-content\/uploads\/2026\/01\/2b68b0fb-b31f-43e2-b016-53b539d5cf00-300x190.png 300w, https:\/\/ni-mech.com\/wp-content\/uploads\/2026\/01\/2b68b0fb-b31f-43e2-b016-53b539d5cf00-320x202.png 320w, https:\/\/ni-mech.com\/wp-content\/uploads\/2026\/01\/2b68b0fb-b31f-43e2-b016-53b539d5cf00-400x253.png 400w, https:\/\/ni-mech.com\/wp-content\/uploads\/2026\/01\/2b68b0fb-b31f-43e2-b016-53b539d5cf00-500x316.png 500w, https:\/\/ni-mech.com\/wp-content\/uploads\/2026\/01\/2b68b0fb-b31f-43e2-b016-53b539d5cf00-600x379.png 600w, https:\/\/ni-mech.com\/wp-content\/uploads\/2026\/01\/2b68b0fb-b31f-43e2-b016-53b539d5cf00-700x441.png 700w, https:\/\/ni-mech.com\/wp-content\/uploads\/2026\/01\/2b68b0fb-b31f-43e2-b016-53b539d5cf00-768x485.png 768w, https:\/\/ni-mech.com\/wp-content\/uploads\/2026\/01\/2b68b0fb-b31f-43e2-b016-53b539d5cf00-800x506.png 800w, https:\/\/ni-mech.com\/wp-content\/uploads\/2026\/01\/2b68b0fb-b31f-43e2-b016-53b539d5cf00-1024x647.png 1024w, https:\/\/ni-mech.com\/wp-content\/uploads\/2026\/01\/2b68b0fb-b31f-43e2-b016-53b539d5cf00-1200x758.png 1200w, https:\/\/ni-mech.com\/wp-content\/uploads\/2026\/01\/2b68b0fb-b31f-43e2-b016-53b539d5cf00.png 1500w\" data-sizes=\"auto\" data-orig-sizes=\"(max-width: 1500px) 100vw, 1500px\" \/><\/td>\n<td style=\"width: 50%;\">\n<ul>\n<li data-start=\"766\" data-end=\"801\">\n<p data-start=\"768\" data-end=\"801\"><span style=\"font-family: arial, helvetica, sans-serif;\"><strong data-start=\"768\" data-end=\"791\">\u0110\u1ed9 ch\u00ednh x\u00e1c khi \u0111\u1ecbnh v\u1ecb:<\/strong> \u00b10,1 mm<\/span><\/p>\n<\/li>\n<li data-start=\"802\" data-end=\"832\">\n<p data-start=\"804\" data-end=\"832\"><span style=\"font-family: arial, helvetica, sans-serif;\"><strong data-start=\"804\" data-end=\"819\">Hi\u1ec7u qu\u1ea3:<\/strong> 1\u20133 gi\u00e2y\/chi\u1ebfc<\/span><\/p>\n<\/li>\n<li data-start=\"833\" data-end=\"866\">\n<p data-start=\"835\" data-end=\"866\"><span style=\"font-family: arial, helvetica, sans-serif;\"><strong data-start=\"835\" data-end=\"857\">T\u1ef7 l\u1ec7 \u0111\u1ed7 (hi\u1ec7u su\u1ea5t):<\/strong> \u226599,81% TP3T<\/span><\/p>\n<\/li>\n<li data-start=\"867\" data-end=\"904\">\n<p data-start=\"869\" data-end=\"904\"><span style=\"font-family: arial, helvetica, sans-serif;\"><strong data-start=\"869\" data-end=\"889\">Ph\u1ea1m vi x\u1ebfp h\u1ea1ng:<\/strong> 300 \u00d7 300 mm<\/span><\/p>\n<\/li>\n<li data-start=\"905\" data-end=\"947\">\n<p data-start=\"907\" data-end=\"947\"><span style=\"font-family: arial, helvetica, sans-serif;\"><strong data-start=\"907\" data-end=\"925\">K\u00edch th\u01b0\u1edbc v\u1eadt li\u1ec7u:<\/strong> 2 \u00d7 2 \u0111\u1ebfn 30 \u00d7 30 mm<\/span><\/p>\n<\/li>\n<li data-start=\"948\" data-end=\"989\">\n<p data-start=\"950\" data-end=\"989\"><span style=\"font-family: arial, helvetica, sans-serif;\"><strong data-start=\"950\" data-end=\"972\">Giao di\u1ec7n m\u00e1y:<\/strong> Ti\u00eau chu\u1ea9n SMEMA<\/span><\/p>\n<\/li>\n<li data-start=\"990\" data-end=\"1020\">\n<p data-start=\"992\" data-end=\"1020\"><span style=\"font-family: arial, helvetica, sans-serif;\"><strong data-start=\"992\" data-end=\"1014\">S\u1ed1 l\u01b0\u1ee3ng b\u1ed9 c\u1ea5p li\u1ec7u:<\/strong> 1\u20134<\/span><\/p>\n<\/li>\n<li data-start=\"1021\" data-end=\"1067\">\n<p data-start=\"1023\" data-end=\"1067\"><span style=\"font-family: arial, helvetica, sans-serif;\"><strong data-start=\"1023\" data-end=\"1040\">K\u00edch th\u01b0\u1edbc m\u00e1y:<\/strong> R\u1ed9ng 1100 \u00d7 D\u00e0i 1050 \u00d7 Cao 1900 mm<\/span><\/p>\n<\/li>\n<li data-start=\"1068\" data-end=\"1098\">\n<p data-start=\"1070\" data-end=\"1098\"><span style=\"font-family: arial, helvetica, sans-serif;\"><strong data-start=\"1070\" data-end=\"1089\">Tr\u1ecdng l\u01b0\u1ee3ng m\u00e1y:<\/strong> 300 kg<\/span><\/p>\n<\/li>\n<li data-start=\"1099\" data-end=\"1218\">\n<p data-start=\"1101\" data-end=\"1218\"><span style=\"font-family: arial, helvetica, sans-serif;\"><strong data-start=\"1101\" data-end=\"1114\">Ph\u1ea7n m\u1ec1m:<\/strong> Chuy\u1ec3n \u0111\u1ed5i m\u1eabu ch\u1ec9 v\u1edbi m\u1ed9t c\u00fa nh\u1ea5p chu\u1ed9t; t\u01b0\u01a1ng th\u00edch v\u1edbi h\u1ec7 th\u1ed1ng MES; h\u1ed7 tr\u1ee3 t\u00edch h\u1ee3p ho\u00e0n to\u00e0n t\u1ef1 \u0111\u1ed9ng v\u00e0o d\u00e2y chuy\u1ec1n s\u1ea3n xu\u1ea5t<\/span><\/p>\n<\/li>\n<\/ul>\n<\/td>\n<\/tr>\n<\/tbody>\n<\/table>","protected":false},"excerpt":{"rendered":"<p data-start=\"75\" data-end=\"97\"><strong><span style=\"font-family: arial, helvetica, sans-serif; font-size: 13pt;\">T\u00ednh n\u0103ng c\u1ee7a thi\u1ebft b\u1ecb<\/span><\/strong><\/p>\n<ul>\n<li data-start=\"102\" data-end=\"173\">\n<p data-start=\"105\" data-end=\"173\"><span style=\"font-size: 10pt; font-family: arial, helvetica, sans-serif;\">H\u1ed7 tr\u1ee3 c\u1ea3 hai <strong data-start=\"119\" data-end=\"138\">ho\u00e0n to\u00e0n t\u1ef1 \u0111\u1ed9ng<\/strong> v\u00e0 <strong data-start=\"143\" data-end=\"161\">b\u00e1n t\u1ef1 \u0111\u1ed9ng<\/strong> ho\u1ea1t \u0111\u1ed9ng<\/span><\/p>\n<\/li>\n<li data-start=\"174\" data-end=\"244\">\n<p data-start=\"177\" data-end=\"244\"><span style=\"font-size: 10pt; font-family: arial, helvetica, sans-serif;\"><strong data-start=\"177\" data-end=\"213\">M\u00f4-\u0111un tr\u1ee5c v\u00edt d\u1eabn h\u01b0\u1edbng c\u00f3 \u0111\u1ed9 ch\u00ednh x\u00e1c cao<\/strong> gi\u00fap t\u0103ng c\u01b0\u1eddng \u0111\u1ed9 \u1ed5n \u0111\u1ecbnh v\u00e0 t\u1ed1c \u0111\u1ed9<\/span><\/p>\n<\/li>\n<li data-start=\"245\" data-end=\"296\">\n<p data-start=\"248\" data-end=\"296\"><span style=\"font-size: 10pt; font-family: arial, helvetica, sans-serif;\"><strong data-start=\"248\" data-end=\"268\">6 \u0111\u1ea7u \/ 12 tr\u1ee5c<\/strong> \u0111\u1ea7u \u0111\u1eb7t linh ki\u1ec7n t\u1ed1c \u0111\u1ed9 cao<\/span><\/p>\n<\/li>\n<li data-start=\"297\" data-end=\"337\">\n<p data-start=\"300\" data-end=\"337\"><span style=\"font-size: 10pt; font-family: arial, helvetica, sans-serif;\"><strong data-start=\"300\" data-end=\"335\">M\u00f4-\u0111un chuy\u1ec3n \u0111\u1ed9ng tr\u1ee5c v\u00edt d\u1eabn h\u01b0\u1edbng ki\u1ec3u d\u1ea7m<\/strong><\/span><\/p>\n<\/li>\n<li data-start=\"338\" data-end=\"411\">\n<p data-start=\"341\" data-end=\"411\"><span style=\"font-size: 10pt; font-family: arial, helvetica, sans-serif;\">B\u1ed9 n\u1ea1p ti\u00eau chu\u1ea9n (c\u00f3 s\u1eb5n b\u1ed9 n\u1ea1p t\u00f9y ch\u1ec9nh) v\u1edbi <strong data-start=\"390\" data-end=\"409\">thay \u0111\u1ed5i nhanh ch\u00f3ng<\/strong><\/span><\/p>\n<\/li>\n<li data-start=\"412\" data-end=\"462\">\n<p data-start=\"415\" data-end=\"462\"><span style=\"font-size: 10pt; font-family: arial, helvetica, sans-serif;\"><strong data-start=\"415\" data-end=\"437\">\u0110\u1ecbnh v\u1ecb t\u1ea7m nh\u00ecn<\/strong> \u0111\u1ec3 s\u1eafp x\u1ebfp\/d\u00e1n nh\u00e3n<\/span><\/p>\n<\/li>\n<li data-start=\"463\" data-end=\"558\">\n<p data-start=\"466\" data-end=\"558\"><span style=\"font-size: 10pt; font-family: arial, helvetica, sans-serif;\">T\u00f9y ch\u1ecdn <strong data-start=\"475\" data-end=\"495\">qu\u00e9t m\u00e3 v\u1ea1ch<\/strong> v\u00e0 k\u1ebft n\u1ed1i v\u1edbi <strong data-start=\"514\" data-end=\"521\">H\u1ec7 th\u1ed1ng Qu\u1ea3n l\u00fd S\u1ea3n xu\u1ea5t (MES)<\/strong> v\u00e0 c\u00e1c ph\u1ea7n m\u1ec1m x\u1eed l\u00fd d\u1eef li\u1ec7u kh\u00e1c<\/span><\/p>\n<\/li>\n<\/ul>\n<p>&nbsp;<\/p>","protected":false},"featured_media":3548,"comment_status":"open","ping_status":"closed","template":"","meta":{"_acf_changed":false},"product_brand":[],"product_cat":[157],"product_tag":[],"class_list":{"0":"post-3547","1":"product","2":"type-product","3":"status-publish","4":"has-post-thumbnail","6":"product_cat-standard-equipment","8":"first","9":"instock","10":"shipping-taxable","11":"product-type-simple"},"acf":[],"_links":{"self":[{"href":"https:\/\/ni-mech.com\/vi\/wp-json\/wp\/v2\/product\/3547","targetHints":{"allow":["GET"]}}],"collection":[{"href":"https:\/\/ni-mech.com\/vi\/wp-json\/wp\/v2\/product"}],"about":[{"href":"https:\/\/ni-mech.com\/vi\/wp-json\/wp\/v2\/types\/product"}],"replies":[{"embeddable":true,"href":"https:\/\/ni-mech.com\/vi\/wp-json\/wp\/v2\/comments?post=3547"}],"wp:featuredmedia":[{"embeddable":true,"href":"https:\/\/ni-mech.com\/vi\/wp-json\/wp\/v2\/media\/3548"}],"wp:attachment":[{"href":"https:\/\/ni-mech.com\/vi\/wp-json\/wp\/v2\/media?parent=3547"}],"wp:term":[{"taxonomy":"product_brand","embeddable":true,"href":"https:\/\/ni-mech.com\/vi\/wp-json\/wp\/v2\/product_brand?post=3547"},{"taxonomy":"product_cat","embeddable":true,"href":"https:\/\/ni-mech.com\/vi\/wp-json\/wp\/v2\/product_cat?post=3547"},{"taxonomy":"product_tag","embeddable":true,"href":"https:\/\/ni-mech.com\/vi\/wp-json\/wp\/v2\/product_tag?post=3547"}],"curies":[{"name":"wp","href":"https:\/\/api.w.org\/{rel}","templated":true}]}}