{"id":3544,"date":"2025-12-13T06:15:55","date_gmt":"2025-12-13T06:15:55","guid":{"rendered":"https:\/\/ni-mech.com\/?post_type=product&#038;p=3544"},"modified":"2026-01-26T14:15:54","modified_gmt":"2026-01-26T14:15:54","slug":"thiet-bi-van-vit","status":"publish","type":"product","link":"https:\/\/ni-mech.com\/vi\/san-pham\/thiet-bi-van-vit\/","title":{"rendered":"Thi\u1ebft b\u1ecb v\u1eb7n \u1ed1c | M\u00e1y v\u1eb7n \u1ed1c"},"content":{"rendered":"<p><span style=\"font-family: arial, helvetica, sans-serif;\"><strong data-start=\"589\" data-end=\"616\">C\u1ea5u h\u00ecnh ti\u00eau chu\u1ea9n:<\/strong><\/span><br data-start=\"616\" data-end=\"619\" \/><span style=\"font-family: arial, helvetica, sans-serif;\">Lo\u1ea1i d\u00e2y \u0111ai <strong data-start=\"629\" data-end=\"654\">B\u0103ng t\u1ea3i hai l\u1edbp<\/strong>; <strong data-start=\"656\" data-end=\"686\">m\u00f4-\u0111un v\u1eb7n v\u00edt b\u1eb1ng c\u1ea3m bi\u1ebfn<\/strong>; <strong data-start=\"688\" data-end=\"760\">c\u1ea3m bi\u1ebfn \u0111\u1ed9 cao b\u1eb1ng laser \/ tu\u1ed1c n\u01a1 v\u00edt th\u00f4ng minh \/ h\u1ec7 th\u1ed1ng c\u1ea5p v\u00edt<\/strong><\/span><\/p>\n<p>&nbsp;<\/p>\n<table style=\"border-collapse: collapse; width: 100%;\">\n<tbody>\n<tr>\n<td style=\"width: 50%;\"><img decoding=\"async\" class=\"lazyload alignnone wp-image-3545 size-full\" src=\"https:\/\/ni-mech.com\/wp-content\/uploads\/2026\/01\/2ae757b0-8849-4a38-89c9-2db6d8dacd09.png\" data-orig-src=\"https:\/\/ni-mech.com\/wp-content\/uploads\/2026\/01\/2ae757b0-8849-4a38-89c9-2db6d8dacd09.png\" alt=\"M\u00e1y v\u1eb7n v\u00edt t\u1ef1 \u0111\u1ed9ng\" width=\"1152\" height=\"1052\" srcset=\"data:image\/svg+xml,%3Csvg%20xmlns%3D%27http%3A%2F%2Fwww.w3.org%2F2000%2Fsvg%27%20width%3D%271152%27%20height%3D%271052%27%20viewBox%3D%270%200%201152%201052%27%3E%3Crect%20width%3D%271152%27%20height%3D%271052%27%20fill-opacity%3D%220%22%2F%3E%3C%2Fsvg%3E\" data-srcset=\"https:\/\/ni-mech.com\/wp-content\/uploads\/2026\/01\/2ae757b0-8849-4a38-89c9-2db6d8dacd09-13x12.png 13w, https:\/\/ni-mech.com\/wp-content\/uploads\/2026\/01\/2ae757b0-8849-4a38-89c9-2db6d8dacd09-200x183.png 200w, https:\/\/ni-mech.com\/wp-content\/uploads\/2026\/01\/2ae757b0-8849-4a38-89c9-2db6d8dacd09-300x274.png 300w, https:\/\/ni-mech.com\/wp-content\/uploads\/2026\/01\/2ae757b0-8849-4a38-89c9-2db6d8dacd09-400x365.png 400w, https:\/\/ni-mech.com\/wp-content\/uploads\/2026\/01\/2ae757b0-8849-4a38-89c9-2db6d8dacd09-500x457.png 500w, https:\/\/ni-mech.com\/wp-content\/uploads\/2026\/01\/2ae757b0-8849-4a38-89c9-2db6d8dacd09-600x548.png 600w, https:\/\/ni-mech.com\/wp-content\/uploads\/2026\/01\/2ae757b0-8849-4a38-89c9-2db6d8dacd09-700x639.png 700w, https:\/\/ni-mech.com\/wp-content\/uploads\/2026\/01\/2ae757b0-8849-4a38-89c9-2db6d8dacd09-768x701.png 768w, https:\/\/ni-mech.com\/wp-content\/uploads\/2026\/01\/2ae757b0-8849-4a38-89c9-2db6d8dacd09-800x731.png 800w, https:\/\/ni-mech.com\/wp-content\/uploads\/2026\/01\/2ae757b0-8849-4a38-89c9-2db6d8dacd09-1024x935.png 1024w, https:\/\/ni-mech.com\/wp-content\/uploads\/2026\/01\/2ae757b0-8849-4a38-89c9-2db6d8dacd09.png 1152w\" data-sizes=\"auto\" data-orig-sizes=\"(max-width: 1152px) 100vw, 1152px\" \/><\/td>\n<td style=\"width: 50%;\">\n<ul data-start=\"762\" data-end=\"1342\">\n<li data-start=\"762\" data-end=\"807\">\n<p data-start=\"764\" data-end=\"807\"><span style=\"font-size: 10pt; font-family: arial, helvetica, sans-serif;\"><strong data-start=\"764\" data-end=\"796\">\u0110\u1ed9 ch\u00ednh x\u00e1c \u0111\u1ecbnh v\u1ecb l\u1eb7p l\u1ea1i:<\/strong> \u00b10,01 mm<\/span><\/p>\n<\/li>\n<li data-start=\"808\" data-end=\"841\">\n<p data-start=\"810\" data-end=\"841\"><span style=\"font-size: 10pt; font-family: arial, helvetica, sans-serif;\"><strong data-start=\"810\" data-end=\"825\">Hi\u1ec7u qu\u1ea3:<\/strong> 1\u20133 gi\u00e2y \/ con v\u00edt<\/span><\/p>\n<\/li>\n<li data-start=\"842\" data-end=\"875\">\n<p data-start=\"844\" data-end=\"875\"><span style=\"font-size: 10pt; font-family: arial, helvetica, sans-serif;\"><strong data-start=\"844\" data-end=\"866\">T\u1ef7 l\u1ec7 \u0111\u1ed7 (hi\u1ec7u su\u1ea5t):<\/strong> \u226599,81% TP3T<\/span><\/p>\n<\/li>\n<li data-start=\"876\" data-end=\"945\">\n<p data-start=\"878\" data-end=\"945\"><span style=\"font-size: 10pt; font-family: arial, helvetica, sans-serif;\"><strong data-start=\"878\" data-end=\"899\">Lo\u1ea1i tu\u1ed1c n\u01a1 v\u00edt:<\/strong> Tu\u1ed1c n\u01a1 v\u00edt th\u00f4ng minh \/ Tu\u1ed1c n\u01a1 v\u00edt servo<\/span><\/p>\n<\/li>\n<li data-start=\"946\" data-end=\"1030\">\n<p data-start=\"948\" data-end=\"1030\"><span style=\"font-size: 10pt; font-family: arial, helvetica, sans-serif;\"><strong data-start=\"948\" data-end=\"964\">C\u00e1c m\u1ee5c c\u1ea3nh b\u00e1o:<\/strong> kho\u1ea3ng c\u00e1ch (l\u1ecfng l\u1ebbo), tr\u01b0\u1ee3t\/m\u00f2n ren, thi\u1ebfu ch\u1ed1t v\u00edt<\/span><\/p>\n<\/li>\n<li data-start=\"1031\" data-end=\"1070\">\n<p data-start=\"1033\" data-end=\"1070\"><span style=\"font-size: 10pt; font-family: arial, helvetica, sans-serif;\"><strong data-start=\"1033\" data-end=\"1060\">Ph\u1ea1m vi v\u00edt \u00e1p d\u1ee5ng:<\/strong> M0,8\u2013M5<\/span><\/p>\n<\/li>\n<li data-start=\"1071\" data-end=\"1112\">\n<p data-start=\"1073\" data-end=\"1112\"><span style=\"font-size: 10pt; font-family: arial, helvetica, sans-serif;\"><strong data-start=\"1073\" data-end=\"1095\">Giao di\u1ec7n m\u00e1y:<\/strong> Ti\u00eau chu\u1ea9n SMEMA<\/span><\/p>\n<\/li>\n<li data-start=\"1113\" data-end=\"1148\">\n<p data-start=\"1115\" data-end=\"1148\"><span style=\"font-size: 10pt; font-family: arial, helvetica, sans-serif;\"><strong data-start=\"1115\" data-end=\"1131\">Ch\u1ecdn ph\u01b0\u01a1ng ph\u00e1p:<\/strong> H\u00fat ch\u00e2n kh\u00f4ng<\/span><\/p>\n<\/li>\n<li data-start=\"1149\" data-end=\"1193\">\n<p data-start=\"1151\" data-end=\"1193\"><span style=\"font-size: 10pt; font-family: arial, helvetica, sans-serif;\"><strong data-start=\"1151\" data-end=\"1168\">K\u00edch th\u01b0\u1edbc m\u00e1y:<\/strong> Chi\u1ec1u r\u1ed9ng 850 \u00d7 Chi\u1ec1u d\u00e0i 850 \u00d7 Chi\u1ec1u cao 1900 mm<\/span><\/p>\n<\/li>\n<li data-start=\"1194\" data-end=\"1224\">\n<p data-start=\"1196\" data-end=\"1224\"><span style=\"font-size: 10pt; font-family: arial, helvetica, sans-serif;\"><strong data-start=\"1196\" data-end=\"1215\">Tr\u1ecdng l\u01b0\u1ee3ng m\u00e1y:<\/strong> 200 kg<\/span><\/p>\n<\/li>\n<li data-start=\"1225\" data-end=\"1342\">\n<p data-start=\"1227\" data-end=\"1342\"><span style=\"font-size: 10pt; font-family: arial, helvetica, sans-serif;\"><strong data-start=\"1227\" data-end=\"1240\">Ph\u1ea7n m\u1ec1m:<\/strong> Chuy\u1ec3n \u0111\u1ed5i m\u1eabu ch\u1ec9 v\u1edbi m\u1ed9t c\u00fa nh\u1ea5p chu\u1ed9t; t\u01b0\u01a1ng th\u00edch v\u1edbi h\u1ec7 th\u1ed1ng MES; h\u1ed7 tr\u1ee3 t\u00edch h\u1ee3p ho\u00e0n to\u00e0n t\u1ef1 \u0111\u1ed9ng v\u00e0o d\u00e2y chuy\u1ec1n s\u1ea3n xu\u1ea5t<\/span><\/p>\n<\/li>\n<\/ul>\n<\/td>\n<\/tr>\n<\/tbody>\n<\/table>","protected":false},"excerpt":{"rendered":"<p data-start=\"75\" data-end=\"97\"><strong><span style=\"font-family: arial, helvetica, sans-serif; font-size: 13pt;\">T\u00ednh n\u0103ng c\u1ee7a thi\u1ebft b\u1ecb<\/span><\/strong><\/p>\n<ul>\n<li data-start=\"111\" data-end=\"182\">\n<p data-start=\"114\" data-end=\"182\"><span style=\"font-family: arial, helvetica, sans-serif;\">H\u1ed7 tr\u1ee3 c\u1ea3 hai <strong data-start=\"128\" data-end=\"147\">ho\u00e0n to\u00e0n t\u1ef1 \u0111\u1ed9ng<\/strong> v\u00e0 <strong data-start=\"152\" data-end=\"170\">b\u00e1n t\u1ef1 \u0111\u1ed9ng<\/strong> ho\u1ea1t \u0111\u1ed9ng<\/span><\/p>\n<\/li>\n<li data-start=\"183\" data-end=\"257\">\n<p data-start=\"186\" data-end=\"257\"><span style=\"font-family: arial, helvetica, sans-serif;\"><strong data-start=\"186\" data-end=\"226\">M\u00f4-\u0111un tr\u1ee5c v\u00edt d\u1eabn h\u01b0\u1edbng ch\u00ednh x\u00e1c cao XYZ<\/strong> gi\u00fap t\u0103ng c\u01b0\u1eddng \u0111\u1ed9 \u1ed5n \u0111\u1ecbnh v\u00e0 t\u1ed1c \u0111\u1ed9<\/span><\/p>\n<\/li>\n<li data-start=\"258\" data-end=\"295\">\n<p data-start=\"261\" data-end=\"295\"><span style=\"font-family: arial, helvetica, sans-serif;\">T\u00f9y ch\u1ecdn <strong data-start=\"270\" data-end=\"293\">c\u1ea3m bi\u1ebfn \u0111\u1ed9 cao b\u1eb1ng laser<\/strong><\/span><\/p>\n<\/li>\n<li data-start=\"296\" data-end=\"393\">\n<p data-start=\"299\" data-end=\"393\"><span style=\"font-family: arial, helvetica, sans-serif;\">S\u1ea3n xu\u1ea5t b\u00e1n t\u1ef1 \u0111\u1ed9ng \u0111\u01b0\u1ee3c h\u1ed7 tr\u1ee3 b\u1edfi <strong data-start=\"340\" data-end=\"362\">N\u00fat kh\u1edfi \u0111\u1ed9ng k\u00e9p<\/strong> v\u00e0 <strong data-start=\"367\" data-end=\"391\">R\u00e8m \u00e1nh s\u00e1ng an to\u00e0n<\/strong><\/span><\/p>\n<\/li>\n<li data-start=\"394\" data-end=\"488\">\n<p data-start=\"397\" data-end=\"488\"><span style=\"font-family: arial, helvetica, sans-serif;\">T\u00f9y ch\u1ecdn <strong data-start=\"406\" data-end=\"426\">qu\u00e9t m\u00e3 v\u1ea1ch<\/strong> v\u00e0 k\u1ebft n\u1ed1i v\u1edbi <strong data-start=\"445\" data-end=\"452\">H\u1ec7 th\u1ed1ng Qu\u1ea3n l\u00fd S\u1ea3n xu\u1ea5t (MES)<\/strong> v\u00e0 c\u00e1c h\u1ec7 th\u1ed1ng x\u1eed l\u00fd d\u1eef li\u1ec7u kh\u00e1c<\/span><\/p>\n<\/li>\n<li data-start=\"489\" data-end=\"562\">\n<p data-start=\"492\" data-end=\"562\"><span style=\"font-family: arial, helvetica, sans-serif;\">T\u00f9y ch\u1ecdn <strong data-start=\"501\" data-end=\"522\">m\u00e1y v\u1eb7n v\u00edt servo<\/strong> ho\u1eb7c <strong data-start=\"526\" data-end=\"562\">m\u00e1y khoan \u0111i\u1ec7n th\u00f4ng minh<\/strong><\/span><\/p>\n<\/li>\n<\/ul>\n<p>&nbsp;<\/p>","protected":false},"featured_media":3546,"comment_status":"open","ping_status":"closed","template":"","meta":{"_acf_changed":false},"product_brand":[],"product_cat":[157],"product_tag":[],"class_list":{"0":"post-3544","1":"product","2":"type-product","3":"status-publish","4":"has-post-thumbnail","6":"product_cat-standard-equipment","8":"first","9":"instock","10":"shipping-taxable","11":"product-type-simple"},"acf":[],"_links":{"self":[{"href":"https:\/\/ni-mech.com\/vi\/wp-json\/wp\/v2\/product\/3544","targetHints":{"allow":["GET"]}}],"collection":[{"href":"https:\/\/ni-mech.com\/vi\/wp-json\/wp\/v2\/product"}],"about":[{"href":"https:\/\/ni-mech.com\/vi\/wp-json\/wp\/v2\/types\/product"}],"replies":[{"embeddable":true,"href":"https:\/\/ni-mech.com\/vi\/wp-json\/wp\/v2\/comments?post=3544"}],"wp:featuredmedia":[{"embeddable":true,"href":"https:\/\/ni-mech.com\/vi\/wp-json\/wp\/v2\/media\/3546"}],"wp:attachment":[{"href":"https:\/\/ni-mech.com\/vi\/wp-json\/wp\/v2\/media?parent=3544"}],"wp:term":[{"taxonomy":"product_brand","embeddable":true,"href":"https:\/\/ni-mech.com\/vi\/wp-json\/wp\/v2\/product_brand?post=3544"},{"taxonomy":"product_cat","embeddable":true,"href":"https:\/\/ni-mech.com\/vi\/wp-json\/wp\/v2\/product_cat?post=3544"},{"taxonomy":"product_tag","embeddable":true,"href":"https:\/\/ni-mech.com\/vi\/wp-json\/wp\/v2\/product_tag?post=3544"}],"curies":[{"name":"wp","href":"https:\/\/api.w.org\/{rel}","templated":true}]}}