{"id":3537,"date":"2025-12-13T05:55:01","date_gmt":"2025-12-13T05:55:01","guid":{"rendered":"https:\/\/ni-mech.com\/?post_type=product&#038;p=3537"},"modified":"2026-01-26T14:13:02","modified_gmt":"2026-01-26T14:13:02","slug":"thiet-bi-phan-phoi","status":"publish","type":"product","link":"https:\/\/ni-mech.com\/vi\/san-pham\/thiet-bi-phan-phoi\/","title":{"rendered":"Thi\u1ebft b\u1ecb ph\u00e2n ph\u1ed1i | M\u00e1y phun keo"},"content":{"rendered":"<h3 data-start=\"1010\" data-end=\"1028\"><span style=\"font-family: arial, helvetica, sans-serif;\">Th\u00f4ng s\u1ed1 k\u1ef9 thu\u1eadt<\/span><\/h3>\n<p data-start=\"1030\" data-end=\"1201\"><span style=\"font-family: arial, helvetica, sans-serif;\"><strong data-start=\"1030\" data-end=\"1057\">C\u1ea5u h\u00ecnh ti\u00eau chu\u1ea9n:<\/strong><\/span><br data-start=\"1057\" data-end=\"1060\" \/><span style=\"font-family: arial, helvetica, sans-serif;\">Lo\u1ea1i d\u00e2y \u0111ai <strong data-start=\"1070\" data-end=\"1095\">B\u0103ng t\u1ea3i hai l\u1edbp<\/strong>; <strong data-start=\"1097\" data-end=\"1127\">van ph\u00e2n ph\u1ed1i hai \u0111\u1ea7u<\/strong>; <strong data-start=\"1129\" data-end=\"1165\">M\u00f4-\u0111un tr\u1ee5c v\u00edt d\u1eabn h\u01b0\u1edbng c\u00f3 \u0111\u1ed9 ch\u00ednh x\u00e1c cao<\/strong>; <strong data-start=\"1167\" data-end=\"1201\">h\u1ec7 th\u1ed1ng c\u00e2n c\u00f3 \u0111\u1ed9 ch\u00ednh x\u00e1c cao<\/strong><\/span><\/p>\n<table style=\"border-collapse: collapse; width: 100%;\">\n<tbody>\n<tr>\n<td style=\"width: 50%;\"><img decoding=\"async\" class=\"lazyload alignnone size-full wp-image-3542\" src=\"https:\/\/ni-mech.com\/wp-content\/uploads\/2026\/01\/f7cae37c-29a8-4dfa-954d-22a94d354c11.png\" data-orig-src=\"https:\/\/ni-mech.com\/wp-content\/uploads\/2026\/01\/f7cae37c-29a8-4dfa-954d-22a94d354c11.png\" alt=\"\" width=\"680\" height=\"456\" srcset=\"data:image\/svg+xml,%3Csvg%20xmlns%3D%27http%3A%2F%2Fwww.w3.org%2F2000%2Fsvg%27%20width%3D%27680%27%20height%3D%27456%27%20viewBox%3D%270%200%20680%20456%27%3E%3Crect%20width%3D%27680%27%20height%3D%27456%27%20fill-opacity%3D%220%22%2F%3E%3C%2Fsvg%3E\" data-srcset=\"https:\/\/ni-mech.com\/wp-content\/uploads\/2026\/01\/f7cae37c-29a8-4dfa-954d-22a94d354c11-18x12.png 18w, https:\/\/ni-mech.com\/wp-content\/uploads\/2026\/01\/f7cae37c-29a8-4dfa-954d-22a94d354c11-200x134.png 200w, https:\/\/ni-mech.com\/wp-content\/uploads\/2026\/01\/f7cae37c-29a8-4dfa-954d-22a94d354c11-300x201.png 300w, https:\/\/ni-mech.com\/wp-content\/uploads\/2026\/01\/f7cae37c-29a8-4dfa-954d-22a94d354c11-400x268.png 400w, https:\/\/ni-mech.com\/wp-content\/uploads\/2026\/01\/f7cae37c-29a8-4dfa-954d-22a94d354c11-500x335.png 500w, https:\/\/ni-mech.com\/wp-content\/uploads\/2026\/01\/f7cae37c-29a8-4dfa-954d-22a94d354c11-600x402.png 600w, https:\/\/ni-mech.com\/wp-content\/uploads\/2026\/01\/f7cae37c-29a8-4dfa-954d-22a94d354c11.png 680w\" data-sizes=\"auto\" data-orig-sizes=\"(max-width: 680px) 100vw, 680px\" \/><\/td>\n<td style=\"width: 50%;\">\n<ul>\n<li data-start=\"1203\" data-end=\"1248\">\n<p data-start=\"1205\" data-end=\"1248\"><span style=\"font-family: arial, helvetica, sans-serif; font-size: 10pt;\"><strong data-start=\"1205\" data-end=\"1237\">\u0110\u1ed9 ch\u00ednh x\u00e1c \u0111\u1ecbnh v\u1ecb l\u1eb7p l\u1ea1i:<\/strong> \u00b10,01 mm<\/span><\/p>\n<\/li>\n<li data-start=\"1249\" data-end=\"1287\">\n<p data-start=\"1251\" data-end=\"1287\"><span style=\"font-family: arial, helvetica, sans-serif; font-size: 10pt;\"><strong data-start=\"1251\" data-end=\"1276\">T\u1ed1c \u0111\u1ed9 ph\u00e2n ph\u1ed1i t\u1ed1i \u0111a:<\/strong> 500 mm\/s<\/span><\/p>\n<\/li>\n<li data-start=\"1288\" data-end=\"1319\">\n<p data-start=\"1290\" data-end=\"1319\"><span style=\"font-family: arial, helvetica, sans-serif; font-size: 10pt;\"><strong data-start=\"1290\" data-end=\"1312\">T\u1ef7 l\u1ec7 \u0111\u1ed7 (hi\u1ec7u su\u1ea5t):<\/strong> \u226599%<\/span><\/p>\n<\/li>\n<li data-start=\"1320\" data-end=\"1447\">\n<p data-start=\"1322\" data-end=\"1447\"><span style=\"font-family: arial, helvetica, sans-serif; font-size: 10pt;\"><strong data-start=\"1322\" data-end=\"1364\">C\u00e1c v\u1eadt li\u1ec7u ph\u00f9 h\u1ee3p (c\u1ea7n c\u00f3 van):<\/strong> l\u1edbp ph\u1ee7 b\u1ea3o v\u1ec7, keo UV, keo k\u1ebft c\u1ea5u, m\u1ee1 t\u1ea3n nhi\u1ec7t, keo d\u1eabn \u0111i\u1ec7n<\/span><\/p>\n<\/li>\n<li data-start=\"1448\" data-end=\"1520\">\n<p data-start=\"1450\" data-end=\"1520\"><span style=\"font-family: arial, helvetica, sans-serif; font-size: 10pt;\"><strong data-start=\"1450\" data-end=\"1473\">Ph\u01b0\u01a1ng ph\u00e1p l\u1eadp tr\u00ecnh:<\/strong> B\u1ed9 \u0111i\u1ec1u khi\u1ec3n phun 3 tr\u1ee5c + thi\u1ebft b\u1ecb \u0111i\u1ec1u khi\u1ec3n c\u1ea7m tay<\/span><\/p>\n<\/li>\n<li data-start=\"1521\" data-end=\"1562\">\n<p data-start=\"1523\" data-end=\"1562\"><span style=\"font-family: arial, helvetica, sans-serif; font-size: 10pt;\"><strong data-start=\"1523\" data-end=\"1545\">Giao di\u1ec7n m\u00e1y:<\/strong> Ti\u00eau chu\u1ea9n SMEMA<\/span><\/p>\n<\/li>\n<li data-start=\"1563\" data-end=\"1590\">\n<p data-start=\"1565\" data-end=\"1590\"><span style=\"font-family: arial, helvetica, sans-serif; font-size: 10pt;\"><strong data-start=\"1565\" data-end=\"1586\">S\u1ed1 l\u01b0\u1ee3ng van:<\/strong> 2<\/span><\/p>\n<\/li>\n<li data-start=\"1591\" data-end=\"1635\">\n<p data-start=\"1593\" data-end=\"1635\"><span style=\"font-family: arial, helvetica, sans-serif; font-size: 10pt;\"><strong data-start=\"1593\" data-end=\"1610\">K\u00edch th\u01b0\u1edbc m\u00e1y:<\/strong> Chi\u1ec1u r\u1ed9ng 850 \u00d7 Chi\u1ec1u d\u00e0i 850 \u00d7 Chi\u1ec1u cao 1900 mm<\/span><\/p>\n<\/li>\n<li data-start=\"1636\" data-end=\"1666\">\n<p data-start=\"1638\" data-end=\"1666\"><span style=\"font-family: arial, helvetica, sans-serif; font-size: 10pt;\"><strong data-start=\"1638\" data-end=\"1657\">Tr\u1ecdng l\u01b0\u1ee3ng m\u00e1y:<\/strong> 200 kg<\/span><\/p>\n<\/li>\n<li data-start=\"1667\" data-end=\"1773\">\n<p data-start=\"1669\" data-end=\"1773\"><span style=\"font-family: arial, helvetica, sans-serif; font-size: 10pt;\"><strong data-start=\"1669\" data-end=\"1682\">Ph\u1ea7n m\u1ec1m:<\/strong> Chuy\u1ec3n \u0111\u1ed5i m\u1eabu ch\u1ec9 v\u1edbi m\u1ed9t c\u00fa nh\u1ea5p chu\u1ed9t; t\u01b0\u01a1ng th\u00edch v\u1edbi h\u1ec7 th\u1ed1ng MES; h\u1ed7 tr\u1ee3 t\u00edch h\u1ee3p v\u00e0o d\u00e2y chuy\u1ec1n s\u1ea3n xu\u1ea5t PCBA<\/span><\/p>\n<\/li>\n<\/ul>\n<\/td>\n<\/tr>\n<\/tbody>\n<\/table>","protected":false},"excerpt":{"rendered":"<p data-start=\"75\" data-end=\"97\"><strong><span style=\"font-family: arial, helvetica, sans-serif; font-size: 13pt;\">T\u00ednh n\u0103ng c\u1ee7a thi\u1ebft b\u1ecb<\/span><\/strong><\/p>\n<p data-start=\"98\" data-end=\"349\"><span style=\"font-family: arial, helvetica, sans-serif; font-size: 12pt;\">M\u00e1y ph\u00e2n ph\u1ed1i n\u00e0y th\u00edch h\u1ee3p \u0111\u1ec3 ph\u00e2n ph\u1ed1i <strong data-start=\"148\" data-end=\"166\">m\u1ee1 t\u1ea3n nhi\u1ec7t<\/strong>, <strong data-start=\"168\" data-end=\"189\">l\u1edbp ph\u1ee7 b\u1ea3o v\u1ec7<\/strong>, v\u00e0 <strong data-start=\"195\" data-end=\"218\">keo d\u1eabn \u0111i\u1ec7n<\/strong> v\u00e0o <strong data-start=\"222\" data-end=\"230\">PCBA<\/strong> d\u00e0nh cho c\u00e1c thi\u1ebft b\u1ecb th\u00f4ng minh (ch\u1eb3ng h\u1ea1n nh\u01b0 <strong data-start=\"258\" data-end=\"341\">\u0111i\u1ec7n tho\u1ea1i di \u0111\u1ed9ng, thi\u1ebft b\u1ecb gia d\u1ee5ng, bo m\u1ea1ch ch\u1ee7 cho m\u00e1y bay kh\u00f4ng ng\u01b0\u1eddi l\u00e1i v\u00e0 bo m\u1ea1ch ch\u1ee7 GPS tr\u00ean xe<\/strong>, v.v.).<\/span><\/p>\n<ol data-start=\"351\" data-end=\"1003\">\n<li data-start=\"351\" data-end=\"422\">\n<p data-start=\"354\" data-end=\"422\"><span style=\"font-family: arial, helvetica, sans-serif; font-size: 12pt;\">H\u1ed7 tr\u1ee3 c\u1ea3 hai <strong data-start=\"368\" data-end=\"387\">ho\u00e0n to\u00e0n t\u1ef1 \u0111\u1ed9ng<\/strong> v\u00e0 <strong data-start=\"392\" data-end=\"410\">b\u00e1n t\u1ef1 \u0111\u1ed9ng<\/strong> ho\u1ea1t \u0111\u1ed9ng<\/span><\/p>\n<\/li>\n<li data-start=\"423\" data-end=\"493\">\n<p data-start=\"426\" data-end=\"493\"><span style=\"font-family: arial, helvetica, sans-serif; font-size: 12pt;\"><strong data-start=\"426\" data-end=\"462\">M\u00f4-\u0111un tr\u1ee5c v\u00edt d\u1eabn h\u01b0\u1edbng c\u00f3 \u0111\u1ed9 ch\u00ednh x\u00e1c cao<\/strong> gi\u00fap t\u0103ng c\u01b0\u1eddng \u0111\u1ed9 \u1ed5n \u0111\u1ecbnh v\u00e0 t\u1ed1c \u0111\u1ed9<\/span><\/p>\n<\/li>\n<li data-start=\"494\" data-end=\"597\">\n<p data-start=\"497\" data-end=\"597\"><span style=\"font-family: arial, helvetica, sans-serif; font-size: 12pt;\">T\u00f9y ch\u1ecdn <strong data-start=\"506\" data-end=\"557\">h\u1ec7 th\u1ed1ng ki\u1ec3m tra keo b\u1eb1ng qu\u00e9t tia laser \/ th\u1ecb gi\u00e1c m\u00e1y<\/strong> ho\u1eb7c <strong data-start=\"561\" data-end=\"595\">h\u1ec7 th\u1ed1ng c\u00e2n c\u00f3 \u0111\u1ed9 ch\u00ednh x\u00e1c cao<\/strong><\/span><\/p>\n<\/li>\n<li data-start=\"598\" data-end=\"658\">\n<p data-start=\"601\" data-end=\"658\"><span style=\"font-family: arial, helvetica, sans-serif; font-size: 12pt;\">\u0110\u01b0\u1ee3c trang b\u1ecb <strong data-start=\"615\" data-end=\"656\">Ph\u00e1t hi\u1ec7n th\u00f9ng keo r\u1ed7ng (kh\u00f4ng c\u00f3 keo)<\/strong><\/span><\/p>\n<\/li>\n<li data-start=\"659\" data-end=\"755\">\n<p data-start=\"662\" data-end=\"755\"><span style=\"font-family: arial, helvetica, sans-serif; font-size: 12pt;\">H\u1ed7 tr\u1ee3 s\u1ea3n xu\u1ea5t b\u00e1n t\u1ef1 \u0111\u1ed9ng v\u1edbi <strong data-start=\"702\" data-end=\"724\">N\u00fat kh\u1edfi \u0111\u1ed9ng k\u00e9p<\/strong> v\u00e0 <strong data-start=\"729\" data-end=\"753\">R\u00e8m \u00e1nh s\u00e1ng an to\u00e0n<\/strong><\/span><\/p>\n<\/li>\n<li data-start=\"756\" data-end=\"850\">\n<p data-start=\"759\" data-end=\"850\"><span style=\"font-family: arial, helvetica, sans-serif; font-size: 12pt;\">T\u00f9y ch\u1ecdn <strong data-start=\"768\" data-end=\"788\">qu\u00e9t m\u00e3 v\u1ea1ch<\/strong> v\u00e0 k\u1ebft n\u1ed1i v\u1edbi <strong data-start=\"807\" data-end=\"814\">H\u1ec7 th\u1ed1ng Qu\u1ea3n l\u00fd S\u1ea3n xu\u1ea5t (MES)<\/strong> v\u00e0 c\u00e1c h\u1ec7 th\u1ed1ng x\u1eed l\u00fd d\u1eef li\u1ec7u kh\u00e1c<\/span><\/p>\n<\/li>\n<li data-start=\"851\" data-end=\"1003\">\n<p data-start=\"854\" data-end=\"1003\"><span style=\"font-family: arial, helvetica, sans-serif; font-size: 12pt;\">T\u00f9y ch\u1ecdn <strong data-start=\"863\" data-end=\"900\">B\u1ed9 \u0111i\u1ec1u khi\u1ec3n ph\u00e2n ph\u1ed1i th\u00f4ng minh<\/strong> (v\u1edbi <strong data-start=\"907\" data-end=\"944\">Van t\u1ef7 l\u1ec7 \u0111\u1ed9 ch\u00ednh x\u00e1c cao<\/strong> cho <strong data-start=\"949\" data-end=\"989\">H\u1ec7 th\u1ed1ng ph\u00e2n ph\u1ed1i \u0111i\u1ec1u khi\u1ec3n \u00e1p su\u1ea5t b\u1eb1ng servo<\/strong> \u1ee9ng d\u1ee5ng)<\/span><\/p>\n<\/li>\n<\/ol>","protected":false},"featured_media":3538,"comment_status":"open","ping_status":"closed","template":"","meta":{"_acf_changed":false},"product_brand":[],"product_cat":[157],"product_tag":[],"class_list":{"0":"post-3537","1":"product","2":"type-product","3":"status-publish","4":"has-post-thumbnail","6":"product_cat-standard-equipment","8":"first","9":"instock","10":"shipping-taxable","11":"product-type-simple"},"acf":[],"_links":{"self":[{"href":"https:\/\/ni-mech.com\/vi\/wp-json\/wp\/v2\/product\/3537","targetHints":{"allow":["GET"]}}],"collection":[{"href":"https:\/\/ni-mech.com\/vi\/wp-json\/wp\/v2\/product"}],"about":[{"href":"https:\/\/ni-mech.com\/vi\/wp-json\/wp\/v2\/types\/product"}],"replies":[{"embeddable":true,"href":"https:\/\/ni-mech.com\/vi\/wp-json\/wp\/v2\/comments?post=3537"}],"wp:featuredmedia":[{"embeddable":true,"href":"https:\/\/ni-mech.com\/vi\/wp-json\/wp\/v2\/media\/3538"}],"wp:attachment":[{"href":"https:\/\/ni-mech.com\/vi\/wp-json\/wp\/v2\/media?parent=3537"}],"wp:term":[{"taxonomy":"product_brand","embeddable":true,"href":"https:\/\/ni-mech.com\/vi\/wp-json\/wp\/v2\/product_brand?post=3537"},{"taxonomy":"product_cat","embeddable":true,"href":"https:\/\/ni-mech.com\/vi\/wp-json\/wp\/v2\/product_cat?post=3537"},{"taxonomy":"product_tag","embeddable":true,"href":"https:\/\/ni-mech.com\/vi\/wp-json\/wp\/v2\/product_tag?post=3537"}],"curies":[{"name":"wp","href":"https:\/\/api.w.org\/{rel}","templated":true}]}}