{"id":32,"date":"2024-03-04T15:19:05","date_gmt":"2024-03-04T15:19:05","guid":{"rendered":"https:\/\/ni-mech.com\/?page_id=32"},"modified":"2026-02-02T04:51:39","modified_gmt":"2026-02-02T04:51:39","slug":"ve-chung-toi","status":"publish","type":"page","link":"https:\/\/ni-mech.com\/vi\/ve-chung-toi\/","title":{"rendered":"V\u1ec0 CH\u00daNG T\u00d4I"},"content":{"rendered":"<p><div class=\"fusion-fullwidth fullwidth-box fusion-builder-row-1 fusion-flex-container has-pattern-background has-mask-background fusion-parallax-none nonhundred-percent-fullwidth non-hundred-percent-height-scrolling lazyload\" style=\"--awb-border-sizes-top:0px;--awb-border-sizes-bottom:0px;--awb-border-sizes-left:0px;--awb-border-sizes-right:0px;--awb-border-radius-top-left:0px;--awb-border-radius-top-right:0px;--awb-border-radius-bottom-right:0px;--awb-border-radius-bottom-left:0px;--awb-padding-top:85px;--awb-padding-right:30px;--awb-padding-bottom:90px;--awb-padding-left:30px;--awb-padding-top-small:60px;--awb-padding-right-small:60px;--awb-padding-bottom-small:60px;--awb-padding-left-small:60px;--awb-margin-top:0px;--awb-margin-bottom:0px;--awb-background-color:var(--awb-color1);--awb-background-size:cover;--awb-flex-wrap:wrap;\" data-bg=\"https:\/\/ni-mech.com\/wp-content\/uploads\/2026\/01\/about-bg.jpg\" ><div class=\"fusion-builder-row fusion-row fusion-flex-align-items-flex-start fusion-flex-justify-content-center fusion-flex-content-wrap\" style=\"max-width:1248px;margin-left: calc(-4% \/ 2 );margin-right: calc(-4% \/ 2 );\"><div class=\"fusion-layout-column fusion_builder_column fusion-builder-column-0 fusion_builder_column_3_5 3_5 fusion-flex-column fusion-animated\" style=\"--awb-bg-size:cover;--awb-width-large:60%;--awb-margin-top-large:0px;--awb-spacing-right-large:3.2%;--awb-margin-bottom-large:0px;--awb-spacing-left-large:3.2%;--awb-width-medium:80%;--awb-spacing-right-medium:2.4%;--awb-spacing-left-medium:2.4%;--awb-width-small:100%;--awb-spacing-right-small:1.92%;--awb-margin-bottom-small:0px;--awb-spacing-left-small:1.92%;\" data-animationtype=\"fadeInUp\" data-animationduration=\"0.9\" data-animationoffset=\"top-into-view\"><div class=\"fusion-column-wrapper fusion-column-has-shadow fusion-flex-justify-content-flex-start fusion-content-layout-column\"><div class=\"fusion-title title fusion-title-1 fusion-sep-none fusion-title-center fusion-title-text fusion-title-size-one\" style=\"--awb-text-color:var(--awb-color8);--awb-margin-bottom:20px;\"><h1 class=\"fusion-title-heading title-heading-center\" style=\"font-family:&quot;Poppins&quot;;font-style:normal;font-weight:400;margin:0;\">Gi\u1edbi thi\u1ec7u v\u1ec1 NewIeda | \u65b0\u601d\u9e7f<\/h1><\/div><div class=\"fusion-text fusion-text-1 fusion-text-no-margin\" style=\"--awb-content-alignment:center;--awb-text-color:hsla(var(--awb-color8-h),var(--awb-color8-s),var(--awb-color8-l),calc(var(--awb-color8-a) - 20%));--awb-margin-right:10%;--awb-margin-bottom:40px;--awb-margin-left:10%;--awb-text-font-family:&quot;Poppins&quot;;--awb-text-font-style:normal;--awb-text-font-weight:400;\"><p>NI-MECH s\u1ea3n xu\u1ea5t thi\u1ebft b\u1ecb t\u1ef1 \u0111\u1ed9ng h\u00f3a v\u00e0 ki\u1ec3m tra chuy\u00ean nghi\u1ec7p cho ng\u00e0nh s\u1ea3n xu\u1ea5t thi\u1ebft b\u1ecb th\u00f4ng minh.<\/p>\n<\/div><div style=\"text-align:center;\"><a class=\"fusion-button button-flat fusion-button-default-size button-default fusion-button-default button-1 fusion-button-default-span\" target=\"_self\" href=\"https:\/\/ni-mech.com\/vi\/lien-he\/\"><span class=\"fusion-button-text awb-button__text awb-button__text--default\">Li\u00ean h\u1ec7 v\u1edbi \u0111\u1ed9i ng\u0169 c\u1ee7a ch\u00fang t\u00f4i<\/span><\/a><\/div><\/div><\/div><\/div><\/div><div class=\"fusion-fullwidth fullwidth-box fusion-builder-row-2 fusion-flex-container nonhundred-percent-fullwidth non-hundred-percent-height-scrolling\" style=\"--awb-border-sizes-top:0px;--awb-border-sizes-bottom:0px;--awb-border-sizes-left:0px;--awb-border-sizes-right:0px;--awb-border-radius-top-left:0px;--awb-border-radius-top-right:0px;--awb-border-radius-bottom-right:0px;--awb-border-radius-bottom-left:0px;--awb-padding-top:80px;--awb-padding-right:30px;--awb-padding-bottom:80px;--awb-padding-left:30px;--awb-padding-right-small:60px;--awb-padding-bottom-small:50px;--awb-padding-left-small:60px;--awb-margin-top:0px;--awb-margin-bottom:0px;--awb-background-color:var(--awb-color1);--awb-flex-wrap:wrap;\" ><div class=\"fusion-builder-row fusion-row fusion-flex-align-items-center fusion-flex-content-wrap\" style=\"max-width:1248px;margin-left: calc(-4% \/ 2 );margin-right: calc(-4% \/ 2 );\"><div class=\"fusion-layout-column fusion_builder_column fusion-builder-column-1 fusion_builder_column_1_2 1_2 fusion-flex-column fusion-animated\" style=\"--awb-bg-size:cover;--awb-width-large:50%;--awb-margin-top-large:0px;--awb-spacing-right-large:7.68%;--awb-margin-bottom-large:60px;--awb-spacing-left-large:7.68%;--awb-width-medium:50%;--awb-order-medium:0;--awb-spacing-right-medium:7.68%;--awb-spacing-left-medium:7.68%;--awb-width-small:100%;--awb-order-small:0;--awb-margin-top-small:0px;--awb-spacing-right-small:1.92%;--awb-margin-bottom-small:0px;--awb-spacing-left-small:1.92%;\" data-animationtype=\"fadeInLeft\" data-animationduration=\"1.6\" data-animationoffset=\"top-into-view\"><div class=\"fusion-column-wrapper fusion-column-has-shadow fusion-flex-justify-content-center fusion-content-layout-column\"><div class=\"fusion-image-element\" style=\"--awb-caption-title-font-family:var(--h2_typography-font-family);--awb-caption-title-font-weight:var(--h2_typography-font-weight);--awb-caption-title-font-style:var(--h2_typography-font-style);--awb-caption-title-size:var(--h2_typography-font-size);--awb-caption-title-transform:var(--h2_typography-text-transform);--awb-caption-title-line-height:var(--h2_typography-line-height);--awb-caption-title-letter-spacing:var(--h2_typography-letter-spacing);\"><span class=\"fusion-imageframe imageframe-none imageframe-1 hover-type-none\" style=\"border-radius:5px;\"><img decoding=\"async\" width=\"1459\" height=\"967\" title=\"Newleda-11\" src=\"https:\/\/ni-mech.com\/wp-content\/uploads\/2026\/01\/Newleda-11.jpg\" data-orig-src=\"https:\/\/ni-mech.com\/wp-content\/uploads\/2026\/01\/Newleda-11.jpg\" alt class=\"lazyload img-responsive wp-image-3662\" srcset=\"data:image\/svg+xml,%3Csvg%20xmlns%3D%27http%3A%2F%2Fwww.w3.org%2F2000%2Fsvg%27%20width%3D%271459%27%20height%3D%27967%27%20viewBox%3D%270%200%201459%20967%27%3E%3Crect%20width%3D%271459%27%20height%3D%27967%27%20fill-opacity%3D%220%22%2F%3E%3C%2Fsvg%3E\" data-srcset=\"https:\/\/ni-mech.com\/wp-content\/uploads\/2026\/01\/Newleda-11-200x133.jpg 200w, https:\/\/ni-mech.com\/wp-content\/uploads\/2026\/01\/Newleda-11-400x265.jpg 400w, https:\/\/ni-mech.com\/wp-content\/uploads\/2026\/01\/Newleda-11-600x398.jpg 600w, https:\/\/ni-mech.com\/wp-content\/uploads\/2026\/01\/Newleda-11-800x530.jpg 800w, https:\/\/ni-mech.com\/wp-content\/uploads\/2026\/01\/Newleda-11-1200x795.jpg 1200w, https:\/\/ni-mech.com\/wp-content\/uploads\/2026\/01\/Newleda-11.jpg 1459w\" data-sizes=\"auto\" data-orig-sizes=\"(max-width: 640px) 100vw, 600px\" \/><\/span><\/div><\/div><\/div><div class=\"fusion-layout-column fusion_builder_column fusion-builder-column-2 fusion_builder_column_1_2 1_2 fusion-flex-column fusion-animated\" style=\"--awb-padding-top-small:48px;--awb-padding-right-small:48px;--awb-padding-bottom-small:48px;--awb-padding-left-small:48px;--awb-bg-size:cover;--awb-width-large:50%;--awb-margin-top-large:0px;--awb-spacing-right-large:1.92%;--awb-margin-bottom-large:60px;--awb-spacing-left-large:1.92%;--awb-width-medium:50%;--awb-order-medium:0;--awb-spacing-right-medium:9.6%;--awb-spacing-left-medium:13.44%;--awb-width-small:100%;--awb-order-small:1;--awb-spacing-right-small:1.92%;--awb-margin-bottom-small:0px;--awb-spacing-left-small:1.92%;\" data-animationtype=\"fadeInRight\" data-animationduration=\"1.6\" data-animationoffset=\"top-into-view\" data-scroll-devices=\"small-visibility,medium-visibility,large-visibility\"><div class=\"fusion-column-wrapper fusion-column-has-shadow fusion-flex-justify-content-flex-start fusion-content-layout-column\"><div class=\"fusion-title title fusion-title-2 fusion-sep-none fusion-title-text fusion-title-size-three\" style=\"--awb-text-color:var(--awb-color8);--awb-margin-bottom:20px;--awb-font-size:28px;\"><h3 class=\"fusion-title-heading title-heading-left\" style=\"font-family:&quot;Poppins&quot;;font-style:normal;font-weight:500;margin:0;font-size:1em;\">GI\u1edaI THI\u1ec6U C\u00d4NG TY<\/h3><\/div><div class=\"fusion-text fusion-text-2 fusion-text-no-margin\" style=\"--awb-content-alignment:left;--awb-font-size:14px;--awb-text-color:hsla(var(--awb-color8-h),var(--awb-color8-s),var(--awb-color8-l),calc(var(--awb-color8-a) - 20%));--awb-text-font-family:&quot;Poppins&quot;;--awb-text-font-style:normal;--awb-text-font-weight:400;\"><p>C\u00f4ng ty TNHH C\u00f4ng ngh\u1ec7 Newleda Dongguan \u0111\u01b0\u1ee3c th\u00e0nh l\u1eadp v\u00e0o n\u0103m 2021, ho\u1ea1t \u0111\u1ed9ng trong l\u0129nh v\u1ef1c s\u1ea3n xu\u1ea5t th\u00f4ng minh. C\u00f4ng ty chuy\u00ean nghi\u00ean c\u1ee9u v\u00e0 ph\u00e1t tri\u1ec3n, s\u1ea3n xu\u1ea5t v\u00e0 cung c\u1ea5p d\u1ecbch v\u1ee5 k\u1ef9 thu\u1eadt cho thi\u1ebft b\u1ecb t\u1ef1 \u0111\u1ed9ng h\u00f3a v\u00e0 d\u1ee5ng c\u1ee5 ki\u1ec3m tra trong ng\u00e0nh \u0111i\u1ec7n t\u1eed ti\u00eau d\u00f9ng. \u0110\u1eb7t tr\u1ee5 s\u1edf t\u1ea1i Dongguan, Trung Qu\u1ed1c, c\u00f4ng ty c\u00f3 di\u1ec7n t\u00edch h\u01a1n 2.000 m\u00e9t vu\u00f4ng, bao g\u1ed3m trung t\u00e2m nghi\u00ean c\u1ee9u v\u00e0 ph\u00e1t tri\u1ec3n (R&amp;D) v\u00e0 ph\u00f2ng th\u00ed nghi\u1ec7m ki\u1ec3m tra t\u00edch h\u1ee3p. V\u1edbi s\u1ef1 \u0111\u1ed5i m\u1edbi c\u00f4ng ngh\u1ec7 l\u00e0m \u0111\u1ed9ng l\u1ef1c v\u00e0 ki\u1ec3m so\u00e1t ch\u1ea5t l\u01b0\u1ee3ng l\u00e0 tr\u1ecdng t\u00e2m, c\u00f4ng ty cam k\u1ebft cung c\u1ea5p cho kh\u00e1ch h\u00e0ng tr\u00ean to\u00e0n th\u1ebf gi\u1edbi c\u00e1c gi\u1ea3i ph\u00e1p th\u00f4ng minh hi\u1ec7u qu\u1ea3 v\u00e0 \u0111\u00e1ng tin c\u1eady.<\/p>\n<p>\u0110\u1ed9i ng\u0169 k\u1ef9 thu\u1eadt c\u1ee7a ch\u00fang t\u00f4i c\u00f3 n\u1ec1n t\u1ea3ng l\u00fd thuy\u1ebft v\u1eefng ch\u1eafc v\u00e0 h\u01a1n 10 n\u0103m kinh nghi\u1ec7m ph\u00e1t tri\u1ec3n s\u00e1ng t\u1ea1o, cho ph\u00e9p ch\u00fang t\u00f4i cung c\u1ea5p c\u00e1c d\u1ecbch v\u1ee5 ph\u00e1t tri\u1ec3n thi\u1ebft b\u1ecb hi\u1ec7u qu\u1ea3 v\u00e0 ch\u1ea5t l\u01b0\u1ee3ng cao.<\/p>\n<p>M\u1ed9t s\u1ed1 kh\u00e1ch h\u00e0ng c\u1ee7a ch\u00fang t\u00f4i: NXP (Trung Qu\u1ed1c v\u00e0 Malaysia), AutelRobots (Trung Qu\u1ed1c, Vi\u1ec7t Nam v\u00e0 Malaysia), SES (Trung Qu\u1ed1c v\u00e0 Hoa K\u1ef3), TTI (Trung Qu\u1ed1c v\u00e0 Vi\u1ec7t Nam), Fenda Technology (Trung Qu\u1ed1c), v.v.<\/p>\n<\/div><\/div><\/div><\/div><\/div><div class=\"fusion-fullwidth fullwidth-box fusion-builder-row-3 fusion-flex-container has-pattern-background has-mask-background nonhundred-percent-fullwidth non-hundred-percent-height-scrolling\" style=\"--awb-border-sizes-top:0px;--awb-border-sizes-bottom:0px;--awb-border-sizes-left:0px;--awb-border-sizes-right:0px;--awb-border-radius-top-left:0px;--awb-border-radius-top-right:0px;--awb-border-radius-bottom-right:0px;--awb-border-radius-bottom-left:0px;--awb-padding-top:80px;--awb-padding-right:30px;--awb-padding-bottom:80px;--awb-padding-left:30px;--awb-padding-right-small:60px;--awb-padding-bottom-small:50px;--awb-padding-left-small:60px;--awb-margin-top:0px;--awb-margin-bottom:0px;--awb-background-color:hsla(var(--awb-color4-h),var(--awb-color4-s),var(--awb-color4-l),calc(var(--awb-color4-a) - 80%));--awb-flex-wrap:wrap;\" ><div class=\"fusion-builder-row fusion-row fusion-flex-align-items-center fusion-flex-content-wrap\" style=\"max-width:1248px;margin-left: calc(-4% \/ 2 );margin-right: calc(-4% \/ 2 );\"><div class=\"fusion-layout-column fusion_builder_column fusion-builder-column-3 fusion_builder_column_1_2 1_2 fusion-flex-column fusion-animated\" style=\"--awb-padding-top-small:48px;--awb-padding-right-small:48px;--awb-padding-bottom-small:48px;--awb-padding-left-small:48px;--awb-bg-size:cover;--awb-width-large:50%;--awb-margin-top-large:0px;--awb-spacing-right-large:1.92%;--awb-margin-bottom-large:60px;--awb-spacing-left-large:1.92%;--awb-width-medium:50%;--awb-order-medium:0;--awb-spacing-right-medium:9.6%;--awb-spacing-left-medium:13.44%;--awb-width-small:100%;--awb-order-small:1;--awb-spacing-right-small:1.92%;--awb-margin-bottom-small:0px;--awb-spacing-left-small:1.92%;\" data-animationtype=\"fadeInRight\" data-animationduration=\"1.6\" data-animationoffset=\"top-into-view\" data-scroll-devices=\"small-visibility,medium-visibility,large-visibility\"><div class=\"fusion-column-wrapper fusion-column-has-shadow fusion-flex-justify-content-flex-start fusion-content-layout-column\"><div class=\"fusion-title title fusion-title-3 fusion-sep-none fusion-title-text fusion-title-size-three\" style=\"--awb-text-color:var(--awb-color8);--awb-margin-bottom:20px;--awb-font-size:28px;\"><h3 class=\"fusion-title-heading title-heading-left\" style=\"font-family:&quot;Poppins&quot;;font-style:normal;font-weight:500;margin:0;font-size:1em;\">Tri\u1ebft l\u00fd kinh doanh<\/h3><\/div><div class=\"fusion-text fusion-text-3 fusion-text-no-margin\" style=\"--awb-content-alignment:left;--awb-font-size:14px;--awb-text-color:hsla(var(--awb-color8-h),var(--awb-color8-s),var(--awb-color8-l),calc(var(--awb-color8-a) - 20%));--awb-text-font-family:&quot;Poppins&quot;;--awb-text-font-style:normal;--awb-text-font-weight:400;\"><p data-start=\"1090\" data-end=\"1141\">G\u1ed1c r\u1ec5 s\u00e2u trong c\u00f4ng ngh\u1ec7, cam k\u1ebft v\u1edbi ch\u1ea5t l\u01b0\u1ee3ng.<\/p>\n<p data-start=\"1143\" data-end=\"1654\">C\u00f4ng ty lu\u00f4n coi \u0111\u1ed5i m\u1edbi nghi\u00ean c\u1ee9u v\u00e0 ph\u00e1t tri\u1ec3n (R&amp;D) l\u00e0 ngu\u1ed3n s\u1ed1ng c\u1ee7a s\u1ef1 ph\u00e1t tri\u1ec3n, t\u1eadp h\u1ee3p m\u1ed9t \u0111\u1ed9i ng\u0169 k\u1ef9 thu\u1eadt gi\u00e0u kinh nghi\u1ec7m \u0111\u1ec3 li\u00ean t\u1ee5c v\u01b0\u1ee3t qua c\u00e1c r\u00e0o c\u1ea3n c\u00f4ng ngh\u1ec7 quan tr\u1ecdng trong thi\u1ebft b\u1ecb t\u1ef1 \u0111\u1ed9ng h\u00f3a. Th\u00f4ng qua h\u1ec7 th\u1ed1ng qu\u1ea3n l\u00fd ti\u00eau chu\u1ea9n h\u00f3a v\u00e0 gi\u00e1m s\u00e1t ch\u1ea5t l\u01b0\u1ee3ng to\u00e0n di\u1ec7n trong su\u1ed1t qu\u00e1 tr\u00ecnh - t\u1eeb thi\u1ebft k\u1ebf v\u00e0 ph\u00e1t tri\u1ec3n \u0111\u1ebfn s\u1ea3n xu\u1ea5t v\u00e0 giao h\u00e0ng - ch\u00fang t\u00f4i \u0111\u1ea3m b\u1ea3o m\u1ed7i thi\u1ebft b\u1ecb \u0111\u1ec1u \u0111\u00e1p \u1ee9ng c\u00e1c ti\u00eau chu\u1ea9n ch\u1ea5t l\u01b0\u1ee3ng qu\u1ed1c t\u1ebf, gi\u00fap kh\u00e1ch h\u00e0ng n\u00e2ng cao hi\u1ec7u su\u1ea5t s\u1ea3n xu\u1ea5t v\u00e0 t\u1ef7 l\u1ec7 n\u0103ng su\u1ea5t s\u1ea3n ph\u1ea9m.<\/p>\n<\/div><\/div><\/div><div class=\"fusion-layout-column fusion_builder_column fusion-builder-column-4 fusion_builder_column_1_2 1_2 fusion-flex-column fusion-animated\" style=\"--awb-bg-size:cover;--awb-width-large:50%;--awb-margin-top-large:0px;--awb-spacing-right-large:7.68%;--awb-margin-bottom-large:60px;--awb-spacing-left-large:7.68%;--awb-width-medium:50%;--awb-order-medium:0;--awb-spacing-right-medium:7.68%;--awb-spacing-left-medium:7.68%;--awb-width-small:100%;--awb-order-small:0;--awb-margin-top-small:0px;--awb-spacing-right-small:1.92%;--awb-margin-bottom-small:0px;--awb-spacing-left-small:1.92%;\" data-animationtype=\"fadeInLeft\" data-animationduration=\"1.6\" data-animationoffset=\"top-into-view\"><div class=\"fusion-column-wrapper fusion-column-has-shadow fusion-flex-justify-content-center fusion-content-layout-column\"><div class=\"fusion-image-element\" style=\"--awb-caption-title-font-family:var(--h2_typography-font-family);--awb-caption-title-font-weight:var(--h2_typography-font-weight);--awb-caption-title-font-style:var(--h2_typography-font-style);--awb-caption-title-size:var(--h2_typography-font-size);--awb-caption-title-transform:var(--h2_typography-text-transform);--awb-caption-title-line-height:var(--h2_typography-line-height);--awb-caption-title-letter-spacing:var(--h2_typography-letter-spacing);\"><span class=\"fusion-imageframe imageframe-none imageframe-2 hover-type-none\" style=\"border-radius:5px;\"><img decoding=\"async\" width=\"1862\" height=\"1042\" title=\"1743493978327\" src=\"https:\/\/ni-mech.com\/wp-content\/uploads\/2026\/01\/1743493978327.jpg\" data-orig-src=\"https:\/\/ni-mech.com\/wp-content\/uploads\/2026\/01\/1743493978327.jpg\" alt class=\"lazyload img-responsive wp-image-3529\" srcset=\"data:image\/svg+xml,%3Csvg%20xmlns%3D%27http%3A%2F%2Fwww.w3.org%2F2000%2Fsvg%27%20width%3D%271862%27%20height%3D%271042%27%20viewBox%3D%270%200%201862%201042%27%3E%3Crect%20width%3D%271862%27%20height%3D%271042%27%20fill-opacity%3D%220%22%2F%3E%3C%2Fsvg%3E\" data-srcset=\"https:\/\/ni-mech.com\/wp-content\/uploads\/2026\/01\/1743493978327-200x112.jpg 200w, https:\/\/ni-mech.com\/wp-content\/uploads\/2026\/01\/1743493978327-400x224.jpg 400w, https:\/\/ni-mech.com\/wp-content\/uploads\/2026\/01\/1743493978327-600x336.jpg 600w, https:\/\/ni-mech.com\/wp-content\/uploads\/2026\/01\/1743493978327-800x448.jpg 800w, https:\/\/ni-mech.com\/wp-content\/uploads\/2026\/01\/1743493978327-1200x672.jpg 1200w, https:\/\/ni-mech.com\/wp-content\/uploads\/2026\/01\/1743493978327.jpg 1862w\" data-sizes=\"auto\" data-orig-sizes=\"(max-width: 640px) 100vw, 600px\" \/><\/span><\/div><\/div><\/div><\/div><\/div><div class=\"fusion-fullwidth fullwidth-box fusion-builder-row-4 fusion-flex-container nonhundred-percent-fullwidth non-hundred-percent-height-scrolling\" style=\"--awb-border-sizes-top:0px;--awb-border-sizes-bottom:0px;--awb-border-sizes-left:0px;--awb-border-sizes-right:0px;--awb-border-radius-top-left:0px;--awb-border-radius-top-right:0px;--awb-border-radius-bottom-right:0px;--awb-border-radius-bottom-left:0px;--awb-padding-top:80px;--awb-padding-right:30px;--awb-padding-bottom:80px;--awb-padding-left:30px;--awb-padding-right-small:60px;--awb-padding-bottom-small:50px;--awb-padding-left-small:60px;--awb-margin-top:0px;--awb-margin-bottom:0px;--awb-background-color:var(--awb-color1);--awb-flex-wrap:wrap;\" ><div class=\"fusion-builder-row fusion-row fusion-flex-align-items-center fusion-flex-content-wrap\" style=\"max-width:1248px;margin-left: calc(-4% \/ 2 );margin-right: calc(-4% \/ 2 );\"><div class=\"fusion-layout-column fusion_builder_column fusion-builder-column-5 fusion_builder_column_1_2 1_2 fusion-flex-column fusion-animated\" style=\"--awb-padding-top-small:48px;--awb-padding-right-small:48px;--awb-padding-bottom-small:48px;--awb-padding-left-small:48px;--awb-bg-size:cover;--awb-width-large:50%;--awb-margin-top-large:0px;--awb-spacing-right-large:1.92%;--awb-margin-bottom-large:60px;--awb-spacing-left-large:1.92%;--awb-width-medium:50%;--awb-order-medium:0;--awb-spacing-right-medium:9.6%;--awb-spacing-left-medium:13.44%;--awb-width-small:100%;--awb-order-small:1;--awb-spacing-right-small:1.92%;--awb-margin-bottom-small:0px;--awb-spacing-left-small:1.92%;\" data-animationtype=\"fadeInRight\" data-animationduration=\"1.6\" data-animationoffset=\"top-into-view\" data-scroll-devices=\"small-visibility,medium-visibility,large-visibility\"><div class=\"fusion-column-wrapper fusion-column-has-shadow fusion-flex-justify-content-flex-start fusion-content-layout-column\"><div class=\"fusion-title title fusion-title-4 fusion-sep-none fusion-title-text fusion-title-size-three\" style=\"--awb-text-color:var(--awb-color8);--awb-margin-bottom:20px;--awb-font-size:28px;\"><h3 class=\"fusion-title-heading title-heading-left\" style=\"font-family:&quot;Poppins&quot;;font-style:normal;font-weight:500;margin:0;font-size:1em;\">PH\u1ea0M VI HO\u1ea0T \u0110\u1ed8NG<\/h3><\/div><div class=\"fusion-text fusion-text-4 fusion-text-no-margin\" style=\"--awb-content-alignment:left;--awb-font-size:14px;--awb-text-color:hsla(var(--awb-color8-h),var(--awb-color8-s),var(--awb-color8-l),calc(var(--awb-color8-a) - 20%));--awb-text-font-family:&quot;Poppins&quot;;--awb-text-font-style:normal;--awb-text-font-weight:400;\"><p>D\u00e2y chuy\u1ec1n l\u1eafp r\u00e1p v\u00e0 ki\u1ec3m tra cho c\u00e1c thi\u1ebft b\u1ecb th\u00f4ng minh nh\u01b0 m\u00e1y bay kh\u00f4ng ng\u01b0\u1eddi l\u00e1i (d\u00e2y chuy\u1ec1n l\u1eafp r\u00e1p v\u00e0 ki\u1ec3m tra bo m\u1ea1ch PCBA, d\u00e2y chuy\u1ec1n ki\u1ec3m tra m\u00e1y ho\u00e0n ch\u1ec9nh, d\u00e2y chuy\u1ec1n l\u1eafp r\u00e1p \u0111\u1ed9ng c\u01a1, hi\u1ec7u chu\u1ea9n IMU n\u00e2ng cao, v.v.), gi\u1ea3i ph\u00e1p AMR v\u00e0 m\u00e1y ki\u1ec3m tra ni\u00eam phong VOC.<\/p>\n<\/div><\/div><\/div><div class=\"fusion-layout-column fusion_builder_column fusion-builder-column-6 fusion_builder_column_1_2 1_2 fusion-flex-column fusion-animated\" style=\"--awb-bg-size:cover;--awb-width-large:50%;--awb-margin-top-large:0px;--awb-spacing-right-large:7.68%;--awb-margin-bottom-large:60px;--awb-spacing-left-large:7.68%;--awb-width-medium:50%;--awb-order-medium:0;--awb-spacing-right-medium:7.68%;--awb-spacing-left-medium:7.68%;--awb-width-small:100%;--awb-order-small:0;--awb-margin-top-small:0px;--awb-spacing-right-small:1.92%;--awb-margin-bottom-small:0px;--awb-spacing-left-small:1.92%;\" data-animationtype=\"fadeInLeft\" data-animationduration=\"1.6\" data-animationoffset=\"top-into-view\"><div class=\"fusion-column-wrapper fusion-column-has-shadow fusion-flex-justify-content-center fusion-content-layout-column\"><div class=\"fusion-image-element\" style=\"--awb-caption-title-font-family:var(--h2_typography-font-family);--awb-caption-title-font-weight:var(--h2_typography-font-weight);--awb-caption-title-font-style:var(--h2_typography-font-style);--awb-caption-title-size:var(--h2_typography-font-size);--awb-caption-title-transform:var(--h2_typography-text-transform);--awb-caption-title-line-height:var(--h2_typography-line-height);--awb-caption-title-letter-spacing:var(--h2_typography-letter-spacing);\"><span class=\"fusion-imageframe imageframe-none imageframe-3 hover-type-none\" style=\"border-radius:5px;\"><img decoding=\"async\" width=\"1200\" height=\"811\" title=\"Kho\u1ea3ng 3\" src=\"https:\/\/ni-mech.com\/wp-content\/uploads\/2026\/01\/about-3.jpg\" data-orig-src=\"https:\/\/ni-mech.com\/wp-content\/uploads\/2026\/01\/about-3.jpg\" alt class=\"lazyload img-responsive wp-image-3534\" srcset=\"data:image\/svg+xml,%3Csvg%20xmlns%3D%27http%3A%2F%2Fwww.w3.org%2F2000%2Fsvg%27%20width%3D%271200%27%20height%3D%27811%27%20viewBox%3D%270%200%201200%20811%27%3E%3Crect%20width%3D%271200%27%20height%3D%27811%27%20fill-opacity%3D%220%22%2F%3E%3C%2Fsvg%3E\" data-srcset=\"https:\/\/ni-mech.com\/wp-content\/uploads\/2026\/01\/about-3-200x135.jpg 200w, https:\/\/ni-mech.com\/wp-content\/uploads\/2026\/01\/about-3-400x270.jpg 400w, https:\/\/ni-mech.com\/wp-content\/uploads\/2026\/01\/about-3-600x406.jpg 600w, https:\/\/ni-mech.com\/wp-content\/uploads\/2026\/01\/about-3-800x541.jpg 800w, https:\/\/ni-mech.com\/wp-content\/uploads\/2026\/01\/about-3.jpg 1200w\" data-sizes=\"auto\" data-orig-sizes=\"(max-width: 640px) 100vw, 600px\" \/><\/span><\/div><\/div><\/div><\/div><\/div><\/p>","protected":false},"excerpt":{"rendered":"","protected":false},"author":1,"featured_media":0,"parent":0,"menu_order":0,"comment_status":"closed","ping_status":"closed","template":"100-width.php","meta":{"_acf_changed":false,"footnotes":""},"class_list":["post-32","page","type-page","status-publish","hentry"],"acf":[],"_hostinger_reach_plugin_has_subscription_block":false,"_hostinger_reach_plugin_is_elementor":false,"_links":{"self":[{"href":"https:\/\/ni-mech.com\/vi\/wp-json\/wp\/v2\/pages\/32","targetHints":{"allow":["GET"]}}],"collection":[{"href":"https:\/\/ni-mech.com\/vi\/wp-json\/wp\/v2\/pages"}],"about":[{"href":"https:\/\/ni-mech.com\/vi\/wp-json\/wp\/v2\/types\/page"}],"author":[{"embeddable":true,"href":"https:\/\/ni-mech.com\/vi\/wp-json\/wp\/v2\/users\/1"}],"replies":[{"embeddable":true,"href":"https:\/\/ni-mech.com\/vi\/wp-json\/wp\/v2\/comments?post=32"}],"version-history":[{"count":11,"href":"https:\/\/ni-mech.com\/vi\/wp-json\/wp\/v2\/pages\/32\/revisions"}],"predecessor-version":[{"id":3717,"href":"https:\/\/ni-mech.com\/vi\/wp-json\/wp\/v2\/pages\/32\/revisions\/3717"}],"wp:attachment":[{"href":"https:\/\/ni-mech.com\/vi\/wp-json\/wp\/v2\/media?parent=32"}],"curies":[{"name":"wp","href":"https:\/\/api.w.org\/{rel}","templated":true}]}}